{"id":11425,"date":"2023-06-28T13:24:59","date_gmt":"2023-06-28T11:24:59","guid":{"rendered":"https:\/\/preweb.artyplan.com\/politica-de-cookies\/"},"modified":"2026-02-05T14:06:54","modified_gmt":"2026-02-05T12:06:54","slug":"politica-de-cookies","status":"publish","type":"page","link":"https:\/\/artyplan.com\/ca\/politica-de-cookies\/","title":{"rendered":"Pol\u00edtica de Cookies d\u2019Artyplan"},"content":{"rendered":"\t\t<div data-elementor-type=\"wp-page\" data-elementor-id=\"11425\" class=\"elementor elementor-11425 elementor-309\" data-elementor-post-type=\"page\">\n\t\t\t\t<main class=\"elementor-element elementor-element-5361e48 e-flex e-con-boxed e-con e-parent\" data-id=\"5361e48\" data-element_type=\"container\" data-e-type=\"container\">\n\t\t\t\t\t<div class=\"e-con-inner\">\n\t\t<section class=\"elementor-element elementor-element-5bfad47 e-flex e-con-boxed e-con e-child\" data-id=\"5bfad47\" data-element_type=\"container\" data-e-type=\"container\">\n\t\t\t\t\t<div class=\"e-con-inner\">\n\t\t\t\t<div class=\"elementor-element elementor-element-46c4045 elementor-widget elementor-widget-heading\" data-id=\"46c4045\" data-element_type=\"widget\" data-e-type=\"widget\" data-widget_type=\"heading.default\">\n\t\t\t\t<div class=\"elementor-widget-container\">\n\t\t\t\t\t<h1 class=\"elementor-heading-title elementor-size-default\">Pol\u00edtica de Cookies d' Artyplan<\/h1>\t\t\t\t<\/div>\n\t\t\t\t<\/div>\n\t\t\t\t<div class=\"elementor-element elementor-element-ff3213c elementor-widget elementor-widget-text-editor\" data-id=\"ff3213c\" data-element_type=\"widget\" data-e-type=\"widget\" data-widget_type=\"text-editor.default\">\n\t\t\t\t<div class=\"elementor-widget-container\">\n\t\t\t\t\t\t\t\t\t<p><span data-contrast=\"auto\">En aquesta web s\u2019utilitzen cookies pr\u00f2pies i de tercers per tal d\u2019oferir-te una millor experi\u00e8ncia de navegaci\u00f3, permetre\u2019t compartir contingut a les xarxes socials i obtenir estad\u00edstiques d\u2019\u00fas dels usuaris.<\/span><span data-ccp-props=\"{\"335559738\":240,\"335559739\":240}\"> <\/span><\/p><p><span data-contrast=\"auto\">Pots evitar la desc\u00e0rrega de cookies configurant el teu navegador, de manera que impedeixis que les cookies s\u2019emmagatzemin al teu dispositiu.<\/span><span data-ccp-props=\"{\"335559738\":240,\"335559739\":240}\"> <\/span><\/p><p><span data-contrast=\"auto\">No fem servir cap informaci\u00f3 personal procedent de les cookies; \u00fanicament realitzem estad\u00edstiques generals de visites que no impliquen cap dada personal.<\/span><span data-ccp-props=\"{\"335559738\":240,\"335559739\":240}\"> <\/span><\/p><p><span data-contrast=\"auto\">\u00c9s molt important que llegeixis aquesta pol\u00edtica de cookies i entenguis que, si continues navegant, considerarem que n\u2019acceptes l\u2019\u00fas.<\/span><span data-ccp-props=\"{\"335559738\":240,\"335559739\":240}\"> <\/span><\/p><p><span data-contrast=\"auto\">D\u2019acord amb el que estableix l\u2019article 22.2 de la Llei 34\/2002, d\u201911 de juliol, de Serveis de la Societat de la Informaci\u00f3 i Comer\u00e7 Electr\u00f2nic, si continues navegant estar\u00e0s prestant el teu consentiment per a la utilitzaci\u00f3 dels mecanismes esmentats.<\/span><span data-ccp-props=\"{\"335559738\":240,\"335559739\":240}\"> <\/span><\/p><h2><b><span data-contrast=\"none\">Entitat Responsable<\/span><\/b><span data-ccp-props=\"{\"134245418\":false,\"134245529\":false,\"335559738\":280,\"335559739\":80}\"> <\/span><\/h2><p><span data-contrast=\"auto\">L\u2019entitat responsable de la recollida, tractament i utilitzaci\u00f3 de les teves dades personals, segons el que estableix la Llei de Protecci\u00f3 de Dades Personals, \u00e9s ARTYPLAN S.L., propietat d\u2019Ignasi Pietx \u2013 C\/ Avenir 42, 08021 Barcelona, Espanya.<\/span><span data-ccp-props=\"{\"335559738\":240,\"335559739\":240}\"> <\/span><\/p><h2><b><span data-contrast=\"none\">Qu\u00e8 s\u00f3n les cookies?<\/span><\/b><span data-ccp-props=\"{\"134245418\":false,\"134245529\":false,\"335559738\":280,\"335559739\":80}\"> <\/span><\/h2><p><span data-contrast=\"auto\">Les cookies s\u00f3n un conjunt de dades que un servidor desa al navegador de l\u2019usuari per recollir informaci\u00f3 d\u2019identificaci\u00f3 est\u00e0ndard d\u2019Internet i dades sobre el comportament dels visitants en un lloc web.<br>\u00c9s a dir, s\u00f3n petits fitxers de text que queden emmagatzemats al disc dur de l\u2019ordinador i serveixen per identificar l\u2019usuari quan torna a connectar-se al lloc web. <\/span><span data-ccp-props=\"{\"335559738\":240,\"335559739\":240}\"> <\/span><\/p><p><span data-contrast=\"auto\">El seu objectiu \u00e9s registrar la visita de l\u2019usuari i guardar determinada informaci\u00f3. El seu \u00fas \u00e9s com\u00fa i freq\u00fcent, ja que permet que les p\u00e0gines funcionin de manera m\u00e9s eficient i ofereixin una experi\u00e8ncia m\u00e9s personalitzada i anal\u00edtica sobre el comportament de l\u2019usuari. <\/span><span data-ccp-props=\"{\"335559738\":240,\"335559739\":240}\"> <\/span><\/p><h2><b><span data-contrast=\"none\">Quins tipus de cookies existeixen?<\/span><\/b><span data-ccp-props=\"{\"134245418\":false,\"134245529\":false,\"335559738\":280,\"335559739\":80}\"> <\/span><\/h2><p><span data-contrast=\"auto\">Les cookies utilitzades al nostre lloc web s\u00f3n de sessi\u00f3 i de tercers, i ens permeten emmagatzemar i accedir a informaci\u00f3 relacionada amb l\u2019idioma, el tipus de navegador utilitzat i altres caracter\u00edstiques generals predefinides per l\u2019usuari, aix\u00ed com seguir i analitzar l\u2019activitat que duu a terme, amb l\u2019objectiu d\u2019introduir millores i oferir els nostres serveis de manera m\u00e9s eficient i personalitzada.<\/span><span data-ccp-props=\"{\"335559738\":240,\"335559739\":240}\"> <\/span><\/p><p><span data-contrast=\"auto\">Les cookies, segons la seva perman\u00e8ncia, es poden dividir en cookies de sessi\u00f3 o permanents:<br>&#8211; Les cookies de sessi\u00f3 caduquen quan l\u2019usuari tanca el navegador.<br>&#8211; Les cookies permanents caduquen quan s\u2019assoleix l\u2019objectiu per al qual serveixen o quan s\u2019eliminen manualment.  <\/span><span data-ccp-props=\"{\"335559738\":240,\"335559739\":240}\"> <\/span><\/p>\t\t\t\t\t\t\t\t<\/div>\n\t\t\t\t<\/div>\n\t\t\t\t<div class=\"elementor-element elementor-element-f640c01 elementor-widget elementor-widget-html\" data-id=\"f640c01\" data-element_type=\"widget\" data-e-type=\"widget\" data-widget_type=\"html.default\">\n\t\t\t\t<div class=\"elementor-widget-container\">\n\t\t\t\t\t<style>.cookie-table-wrap{\n    \/* sin fondo ni borde envolvente *\/\n    padding:0; margin:0; background:transparent;\n  }\n  .cookie-table{\n    width:100%;\n    border-collapse:collapse;\n    background:transparent;\n    color:inherit;\n    font-size:16px; line-height:1.45;\n    border:1px solid #000; \/* borde exterior negro *\/\n  }\n  .cookie-table caption{ position:absolute; left:-9999px; }\n  .cookie-table th,\n  .cookie-table td{\n    padding:16px 18px; vertical-align:top;\n    border:1px solid #000; \/* bordes internos negros *\/\n  }\n  .cookie-table thead th{ text-align:left; font-weight:800; letter-spacing:.3px; }\n  .cookie-table code{\n    background:transparent; \/* sin fondo *\/\n    padding:0 2px;\n    font-family:ui-monospace,SFMono-Regular,Menlo,monospace;\n  }\n  \/* sin hover de fondo *\/\n  .cookie-table tbody tr:hover td{ background:transparent; }\n\n  \/* Responsive: tabla apilada en m\u00f3vil, con bordes negros *\/\n  @media (max-width:768px){\n    .cookie-table thead{ display:none; }\n    .cookie-table{ border:0; }\n    .cookie-table, .cookie-table tbody, .cookie-table tr, .cookie-table td{\n      display:block; width:100%;\n    }\n    .cookie-table tbody tr{\n      margin:0 0 16px;\n      border:1px solid #000; \/* borde de la \u201ctarjeta\u201d *\/\n      background:transparent;\n    }\n    .cookie-table tbody td{\n      border:0;\n      border-top:1px solid #000; \/* separadores internos *\/\n      padding:12px 16px;\n    }\n    .cookie-table tbody td:first-child{ border-top:0; }\n    .cookie-table tbody td::before{\n      content:attr(data-label);\n      display:block; font-size:.85rem; margin-bottom:4px;\n      font-weight:600; color:#000; opacity:.85;\n    }\n  }\n<\/style><div class=\"cookie-table-wrap\"><table class=\"cookie-table\" aria-describedby=\"cookies-desc\"><caption id=\"cookies-desc\">Listado de cookies de Google Analytics<\/caption><thead><tr><th>Nombre<\/th><th>Tipo<\/th><th>Caducidad<\/th><th>Finalidad<\/th><th>Clase<\/th><\/tr><\/thead><tbody><tr><td data-label=\"Nombre\"><code>__utma<\/code><\/td><td data-label=\"Tipo\">De Terceros<br\/>(Google Analytics)<\/td><td data-label=\"Caducidad\">2 a\u00f1os<\/td><td data-label=\"Finalidad\">Se usa para distinguir usuarios y sesiones.<\/td><td data-label=\"Clase\">No Exenta<\/td><\/tr><tr><td data-label=\"Nombre\"><code>__utmb<\/code><\/td><td data-label=\"Tipo\">De Terceros<br\/>(Google Analytics)<\/td><td data-label=\"Caducidad\">30 minutos<\/td><td data-label=\"Finalidad\">Se usa para determinar nuevas sesiones o visitas.<\/td><td data-label=\"Clase\">No Exenta<\/td><\/tr><tr><td data-label=\"Nombre\"><code>__utmc<\/code><\/td><td data-label=\"Tipo\">De Terceros<br\/>(Google Analytics)<\/td><td data-label=\"Caducidad\">Al finalizar la sesi\u00f3n<\/td><td data-label=\"Finalidad\">Se configura para su uso con Urchin.<\/td><td data-label=\"Clase\">No Exenta<\/td><\/tr><tr><td data-label=\"Nombre\"><code>__utmz<\/code><\/td><td data-label=\"Tipo\">De Terceros<br\/>(Google Analytics)<\/td><td data-label=\"Caducidad\">6 meses<\/td><td data-label=\"Finalidad\">Almacena el origen o la campa\u00f1a que explica c\u00f3mo el usuario ha llegado hasta la p\u00e1gina web.<\/td><td data-label=\"Clase\">No Exenta<\/td><\/tr><\/tbody><\/table><\/div>\t\t\t\t<\/div>\n\t\t\t\t<\/div>\n\t\t\t\t<div class=\"elementor-element elementor-element-6d784d5 elementor-widget elementor-widget-text-editor\" data-id=\"6d784d5\" data-element_type=\"widget\" data-e-type=\"widget\" data-widget_type=\"text-editor.default\">\n\t\t\t\t<div class=\"elementor-widget-container\">\n\t\t\t\t\t\t\t\t\t<p><span data-contrast=\"auto\">Tipus i finalitat<\/span><\/p><h2><b><span data-contrast=\"none\">Cookies de rendiment<\/span><\/b><\/h2><p><span data-contrast=\"auto\">Recorden les prefer\u00e8ncies de l\u2019usuari per a les eines dels serveis (per exemple, volum dels reproductors o velocitat de transmissi\u00f3 de v\u00eddeo), evitant haver-les de configurar en cada visita.  <\/span><\/p><h6 aria-level=\"3\"> <\/h6><h2><b><span data-contrast=\"none\">Cookies de geolocalitzaci\u00f3<\/span><\/b><\/h2><p><span data-contrast=\"auto\">S\u2019utilitzen per esbrinar el pa\u00eds en qu\u00e8 es troba l\u2019usuari quan sol\u00b7licita un servei. S\u00f3n totalment an\u00f2nimes i nom\u00e9s serveixen per adaptar el contingut a la seva ubicaci\u00f3. <\/span><\/p><h6 aria-level=\"3\"> <\/h6><h2><b><span data-contrast=\"none\">Cookies anal\u00edtiques<\/span><\/b><\/h2><p><span data-contrast=\"auto\">Cada vegada que un usuari visita un servei, una eina d\u2019un prove\u00efdor extern genera una cookie anal\u00edtica a l\u2019ordinador de l\u2019usuari. Aquesta cookie, que nom\u00e9s es genera durant la visita, servir\u00e0 en futures visites per identificar de manera an\u00f2nima el visitant. Els objectius principals que es persegueixen s\u00f3n:  <\/span><\/p><p><span data-contrast=\"auto\">Permetre la identificaci\u00f3 an\u00f2nima dels usuaris navegants mitjan\u00e7ant la cookie (identifica navegadors i dispositius, no persones) i, per tant, el recompte aproximat del nombre de visitants i la seva tend\u00e8ncia al llarg del temps.<\/span><\/p><p><span data-contrast=\"auto\">Identificar de manera an\u00f2nima els continguts m\u00e9s visitats i, per tant, m\u00e9s atractius per als usuaris. Saber si l\u2019usuari que hi accedeix \u00e9s nou o repeteix visita.<\/span><\/p><p><span data-contrast=\"auto\">Aquestes cookies nom\u00e9s s\u2019utilitzaran amb finalitats estad\u00edstiques que ajudin a optimitzar l\u2019experi\u00e8ncia dels usuaris al lloc web.<\/span><\/p><h6 aria-level=\"3\"> <\/h6><h2><b><span data-contrast=\"none\">Cookies de publicitat<\/span><\/b><\/h2><p><span data-contrast=\"auto\">Aquest tipus de cookies permeten ampliar la informaci\u00f3 dels anuncis mostrats a cada usuari an\u00f2nim en els serveis d\u2019ARTYPLAN S.L. Entre altres dades, s\u2019hi emmagatzemen la durada o freq\u00fc\u00e8ncia de visualitzaci\u00f3 de les posicions publicit\u00e0ries, la interacci\u00f3 amb aquestes, o els patrons de navegaci\u00f3 i\/o comportaments de l\u2019usuari, ja que ajuden a definir un perfil d\u2019inter\u00e8s publicitari. D\u2019aquesta manera, permeten oferir publicitat m\u00e9s af\u00ed als interessos de l\u2019usuari. <\/span><\/p><h6 aria-level=\"3\"> <\/h6><h2><b><span data-contrast=\"none\">Com puc desactivar les cookies al meu navegador?<\/span><\/b><\/h2><p><span data-contrast=\"auto\">Es poden configurar els diferents navegadors perqu\u00e8 avisin l\u2019usuari de la recepci\u00f3 de cookies i, si es desitja, impedir-ne la instal\u00b7laci\u00f3 a l\u2019equip. Igualment, l\u2019usuari pot revisar al seu navegador quines cookies t\u00e9 instal\u00b7lades i quin \u00e9s el seu termini de caducitat, i eliminar-les. <\/span><\/p><p><span data-contrast=\"auto\">Per ampliar aquesta informaci\u00f3, consulta les instruccions i manuals del navegador:<\/span><\/p><p>M\u00e9s informaci\u00f3 sobre l\u2019administraci\u00f3 de les cookies a Google Chrome <a href=\"https:\/\/support.google.com\/chrome\/answer\/95647?hl=es\"><span data-contrast=\"none\">Click aqu\u00ed<\/span><\/a><\/p><p>M\u00e9s informaci\u00f3 sobre l\u2019administraci\u00f3 de les cookies a Internet Explorer: <a href=\"http:\/\/windows.microsoft.com\/es-es\/windows-vista\/cookies-frequently-asked-questions\"><span data-contrast=\"none\">Click aqu\u00ed<\/span><\/a><\/p><p>M\u00e9s informaci\u00f3 sobre l\u2019administraci\u00f3 de les cookies Mozilla Firefox: <a href=\"http:\/\/support.mozilla.org\/es\/kb\/habilitar-y-deshabilitar-cookies-que-los-sitios-we\"><span data-contrast=\"none\">Click aqu\u00ed<\/span><\/a><\/p><p>M\u00e9s informaci\u00f3 sobre l\u2019administraci\u00f3 de les cookies Safari: <a href=\"http:\/\/www.apple.com\/es\/privacy\/use-of-cookies\/\"><span data-contrast=\"none\">Click aqu\u00ed<\/span><\/a><\/p><p>M\u00e9s informaci\u00f3 sobre l\u2019administraci\u00f3 de les cookies Opera: <a href=\"http:\/\/help.opera.com\/Windows\/11.50\/es-ES\/cookies.html\"><span data-contrast=\"none\">Click aqu\u00ed<\/span><\/a><\/p><p>Si desea dejar de ser seguido por Google Analytics visite: <a href=\"http:\/\/tools.google.com\/dlpage\/gaoptout\"><span data-contrast=\"none\">Click aqu\u00ed<\/span><\/a><\/p><h6 aria-level=\"3\"> <\/h6><h2><b><span data-contrast=\"none\">Per saber-ne m\u00e9s sobre les cookies<\/span><\/b><\/h2><p>Pots obtenir m\u00e9s informaci\u00f3 sobre la publicitat en l\u00ednia basada en el comportament i la privadesa en l\u00ednia al seg\u00fcent enlla\u00e7: <a href=\"http:\/\/www.youronlinechoices.com\/es\/\"><span data-contrast=\"none\">Click aqu\u00ed<\/span><\/a><\/p><p>Protecci\u00f3 de dades de Google Analytics: <a href=\"http:\/\/www.google.com\/analytics\/learn\/privacy.html\"><span data-contrast=\"none\">Click aqu\u00ed<\/span><\/a><\/p><p>Com utilitza Google Analytics les cookies: <a href=\"https:\/\/developers.google.com\/analytics\/devguides\/collection\/analyticsjs\/cookie-usage?hl=es#analyticsjs\"><span data-contrast=\"none\">Click aqu\u00ed<\/span><\/a><\/p><h6 aria-level=\"3\"> <\/h6><h2><b><span data-contrast=\"none\">Actualitzacions i canvis en la pol\u00edtica de privacitat\/cookies<\/span><\/b><\/h2><p><span data-contrast=\"auto\">Els webs d\u2019ARTYPLAN S.L. poden modificar aquesta Pol\u00edtica de Cookies en funci\u00f3 de les exig\u00e8ncies legislatives o reglament\u00e0ries, o amb la finalitat d\u2019adaptar-la a les instruccions dictades per l\u2019Ag\u00e8ncia Espanyola de Protecci\u00f3 de Dades. Per aquest motiu, es recomana als usuaris que la visitin peri\u00f2dicament.<\/span><\/p>\t\t\t\t\t\t\t\t<\/div>\n\t\t\t\t<\/div>\n\t\t\t\t\t<\/div>\n\t\t\t\t<\/section>\n\t\t\t\t\t<\/div>\n\t\t\t\t<\/main>\n\t\t\t\t<\/div>\n\t\t","protected":false},"excerpt":{"rendered":"<p>Pol\u00edtica de Cookies d&#8217; Artyplan En aquesta web s\u2019utilitzen cookies pr\u00f2pies i de tercers per tal d\u2019oferir-te una millor experi\u00e8ncia de navegaci\u00f3, permetre\u2019t compartir contingut a les xarxes socials i obtenir estad\u00edstiques d\u2019\u00fas dels usuaris. Pots evitar la desc\u00e0rrega de cookies configurant el teu navegador, de manera que impedeixis que les cookies s\u2019emmagatzemin al teu [&hellip;]<\/p>\n","protected":false},"author":3,"featured_media":0,"parent":0,"menu_order":0,"comment_status":"closed","ping_status":"closed","template":"elementor_header_footer","meta":{"footnotes":""},"class_list":["post-11425","page","type-page","status-publish","hentry"],"yoast_head":"<!-- This site is optimized with the Yoast SEO Premium plugin v26.5 (Yoast SEO v26.5) - https:\/\/yoast.com\/wordpress\/plugins\/seo\/ -->\n<title>Pol\u00edtica de cookies del lloc web | Artyplan<\/title>\n<meta name=\"description\" content=\"Pol\u00edtica de galetes d\u2019Artyplan: detall de galetes t\u00e8cniques, d\u2019an\u00e0lisi i de personalitzaci\u00f3, per modificar o revocar el vostre consentiment.\" \/>\n<meta name=\"robots\" content=\"index, follow, max-snippet:-1, max-image-preview:large, max-video-preview:-1\" \/>\n<link rel=\"canonical\" href=\"https:\/\/artyplan.com\/ca\/politica-de-cookies\/\" \/>\n<meta property=\"og:locale\" content=\"ca_ES\" \/>\n<meta property=\"og:type\" content=\"article\" \/>\n<meta property=\"og:title\" content=\"Pol\u00edtica de Cookies d\u2019Artyplan\" \/>\n<meta property=\"og:description\" content=\"Pol\u00edtica de galetes d\u2019Artyplan: detall de galetes t\u00e8cniques, d\u2019an\u00e0lisi i de personalitzaci\u00f3, per modificar o revocar el vostre consentiment.\" \/>\n<meta property=\"og:url\" content=\"https:\/\/artyplan.com\/ca\/politica-de-cookies\/\" \/>\n<meta property=\"og:site_name\" content=\"Artyplan\" \/>\n<meta property=\"article:publisher\" content=\"https:\/\/www.facebook.com\/artyplan\" \/>\n<meta property=\"article:modified_time\" content=\"2026-02-05T12:06:54+00:00\" \/>\n<meta name=\"twitter:card\" content=\"summary_large_image\" \/>\n<meta name=\"twitter:label1\" content=\"Temps estimat de lectura\" \/>\n\t<meta name=\"twitter:data1\" content=\"6 minuts\" \/>\n<script type=\"application\/ld+json\" class=\"yoast-schema-graph\">{\"@context\":\"https:\/\/schema.org\",\"@graph\":[{\"@type\":\"WebPage\",\"@id\":\"https:\/\/artyplan.com\/ca\/politica-de-cookies\/\",\"url\":\"https:\/\/artyplan.com\/ca\/politica-de-cookies\/\",\"name\":\"Pol\u00edtica de cookies del lloc web | Artyplan\",\"isPartOf\":{\"@id\":\"https:\/\/artyplan.com\/ca\/#website\"},\"datePublished\":\"2023-06-28T11:24:59+00:00\",\"dateModified\":\"2026-02-05T12:06:54+00:00\",\"description\":\"Pol\u00edtica de galetes d\u2019Artyplan: detall de galetes t\u00e8cniques, d\u2019an\u00e0lisi i de personalitzaci\u00f3, per modificar o revocar el vostre consentiment.\",\"breadcrumb\":{\"@id\":\"https:\/\/artyplan.com\/ca\/politica-de-cookies\/#breadcrumb\"},\"inLanguage\":\"ca\",\"potentialAction\":[{\"@type\":\"ReadAction\",\"target\":[\"https:\/\/artyplan.com\/ca\/politica-de-cookies\/\"]}]},{\"@type\":\"BreadcrumbList\",\"@id\":\"https:\/\/artyplan.com\/ca\/politica-de-cookies\/#breadcrumb\",\"itemListElement\":[{\"@type\":\"ListItem\",\"position\":1,\"name\":\"Artyplan\",\"item\":\"https:\/\/artyplan.com\/ca\/\"},{\"@type\":\"ListItem\",\"position\":2,\"name\":\"Pol\u00edtica de Cookies d\u2019Artyplan\"}]},{\"@type\":\"WebSite\",\"@id\":\"https:\/\/artyplan.com\/ca\/#website\",\"url\":\"https:\/\/artyplan.com\/ca\/\",\"name\":\"Artyplan\",\"description\":\"\",\"publisher\":{\"@id\":\"https:\/\/artyplan.com\/ca\/#organization\"},\"potentialAction\":[{\"@type\":\"SearchAction\",\"target\":{\"@type\":\"EntryPoint\",\"urlTemplate\":\"https:\/\/artyplan.com\/ca\/?s={search_term_string}\"},\"query-input\":{\"@type\":\"PropertyValueSpecification\",\"valueRequired\":true,\"valueName\":\"search_term_string\"}}],\"inLanguage\":\"ca\"},{\"@type\":\"Organization\",\"@id\":\"https:\/\/artyplan.com\/ca\/#organization\",\"name\":\"Artyplan\",\"url\":\"https:\/\/artyplan.com\/ca\/\",\"logo\":{\"@type\":\"ImageObject\",\"inLanguage\":\"ca\",\"@id\":\"https:\/\/artyplan.com\/ca\/#\/schema\/logo\/image\/\",\"url\":\"https:\/\/artyplan.com\/wp-content\/uploads\/2025\/12\/Logo-artyplan-690x690-1.png\",\"contentUrl\":\"https:\/\/artyplan.com\/wp-content\/uploads\/2025\/12\/Logo-artyplan-690x690-1.png\",\"width\":690,\"height\":690,\"caption\":\"Artyplan\"},\"image\":{\"@id\":\"https:\/\/artyplan.com\/ca\/#\/schema\/logo\/image\/\"},\"sameAs\":[\"https:\/\/www.facebook.com\/artyplan\",\"https:\/\/www.instagram.com\/artyplan\/\",\"https:\/\/www.linkedin.com\/company\/artyplan\"],\"description\":\"Artyplan \u00e9s una empresa especialitzada en producci\u00f3 gr\u00e0fica i comunicaci\u00f3 visual amb 60 anys dexperi\u00e8ncia. Oferim solucions integrals d'impressi\u00f3 en gran format, PLV i retail, gesti\u00f3 d'esdeveniments i fires, disseny i fabricaci\u00f3 a mida, log\u00edstica i serveis d'instal\u00b7laci\u00f3 a tot el territori. Treballem per a marques, ag\u00e8ncies, espais comercials i institucions que necessiten un partner fiable per desenvolupar campanyes de m\u00e0rqueting, projectes de retail i accions de branding o m\u00e0rqueting. Combinem tecnologia avan\u00e7ada d\u00b4impressi\u00f3 digital, un equip expert i una gesti\u00f3 completa de projectes per garantir qualitat, agilitat i resultats a mida per a cada client. Disposem de plataformes B2B que faciliten als nostres clients la gesti\u00f3 de les comandes de materials impresos aix\u00ed com la log\u00edstica dels mateixos.\",\"email\":\"info@artyplan.com\",\"telephone\":\"+34 93 200 87 99\",\"legalName\":\"Artyplan S.L.\",\"vatID\":\"B61963229\",\"numberOfEmployees\":{\"@type\":\"QuantitativeValue\",\"minValue\":\"51\",\"maxValue\":\"200\"}}]}<\/script>\n<!-- \/ Yoast SEO Premium plugin. -->","yoast_head_json":{"title":"Pol\u00edtica de cookies del lloc web | Artyplan","description":"Pol\u00edtica de galetes d\u2019Artyplan: detall de galetes t\u00e8cniques, d\u2019an\u00e0lisi i de personalitzaci\u00f3, per modificar o revocar el vostre consentiment.","robots":{"index":"index","follow":"follow","max-snippet":"max-snippet:-1","max-image-preview":"max-image-preview:large","max-video-preview":"max-video-preview:-1"},"canonical":"https:\/\/artyplan.com\/ca\/politica-de-cookies\/","og_locale":"ca_ES","og_type":"article","og_title":"Pol\u00edtica de Cookies d\u2019Artyplan","og_description":"Pol\u00edtica de galetes d\u2019Artyplan: detall de galetes t\u00e8cniques, d\u2019an\u00e0lisi i de personalitzaci\u00f3, per modificar o revocar el vostre consentiment.","og_url":"https:\/\/artyplan.com\/ca\/politica-de-cookies\/","og_site_name":"Artyplan","article_publisher":"https:\/\/www.facebook.com\/artyplan","article_modified_time":"2026-02-05T12:06:54+00:00","twitter_card":"summary_large_image","twitter_misc":{"Temps estimat de lectura":"6 minuts"},"schema":{"@context":"https:\/\/schema.org","@graph":[{"@type":"WebPage","@id":"https:\/\/artyplan.com\/ca\/politica-de-cookies\/","url":"https:\/\/artyplan.com\/ca\/politica-de-cookies\/","name":"Pol\u00edtica de cookies del lloc web | Artyplan","isPartOf":{"@id":"https:\/\/artyplan.com\/ca\/#website"},"datePublished":"2023-06-28T11:24:59+00:00","dateModified":"2026-02-05T12:06:54+00:00","description":"Pol\u00edtica de galetes d\u2019Artyplan: detall de galetes t\u00e8cniques, d\u2019an\u00e0lisi i de personalitzaci\u00f3, per modificar o revocar el vostre consentiment.","breadcrumb":{"@id":"https:\/\/artyplan.com\/ca\/politica-de-cookies\/#breadcrumb"},"inLanguage":"ca","potentialAction":[{"@type":"ReadAction","target":["https:\/\/artyplan.com\/ca\/politica-de-cookies\/"]}]},{"@type":"BreadcrumbList","@id":"https:\/\/artyplan.com\/ca\/politica-de-cookies\/#breadcrumb","itemListElement":[{"@type":"ListItem","position":1,"name":"Artyplan","item":"https:\/\/artyplan.com\/ca\/"},{"@type":"ListItem","position":2,"name":"Pol\u00edtica de Cookies d\u2019Artyplan"}]},{"@type":"WebSite","@id":"https:\/\/artyplan.com\/ca\/#website","url":"https:\/\/artyplan.com\/ca\/","name":"Artyplan","description":"","publisher":{"@id":"https:\/\/artyplan.com\/ca\/#organization"},"potentialAction":[{"@type":"SearchAction","target":{"@type":"EntryPoint","urlTemplate":"https:\/\/artyplan.com\/ca\/?s={search_term_string}"},"query-input":{"@type":"PropertyValueSpecification","valueRequired":true,"valueName":"search_term_string"}}],"inLanguage":"ca"},{"@type":"Organization","@id":"https:\/\/artyplan.com\/ca\/#organization","name":"Artyplan","url":"https:\/\/artyplan.com\/ca\/","logo":{"@type":"ImageObject","inLanguage":"ca","@id":"https:\/\/artyplan.com\/ca\/#\/schema\/logo\/image\/","url":"https:\/\/artyplan.com\/wp-content\/uploads\/2025\/12\/Logo-artyplan-690x690-1.png","contentUrl":"https:\/\/artyplan.com\/wp-content\/uploads\/2025\/12\/Logo-artyplan-690x690-1.png","width":690,"height":690,"caption":"Artyplan"},"image":{"@id":"https:\/\/artyplan.com\/ca\/#\/schema\/logo\/image\/"},"sameAs":["https:\/\/www.facebook.com\/artyplan","https:\/\/www.instagram.com\/artyplan\/","https:\/\/www.linkedin.com\/company\/artyplan"],"description":"Artyplan \u00e9s una empresa especialitzada en producci\u00f3 gr\u00e0fica i comunicaci\u00f3 visual amb 60 anys dexperi\u00e8ncia. Oferim solucions integrals d'impressi\u00f3 en gran format, PLV i retail, gesti\u00f3 d'esdeveniments i fires, disseny i fabricaci\u00f3 a mida, log\u00edstica i serveis d'instal\u00b7laci\u00f3 a tot el territori. Treballem per a marques, ag\u00e8ncies, espais comercials i institucions que necessiten un partner fiable per desenvolupar campanyes de m\u00e0rqueting, projectes de retail i accions de branding o m\u00e0rqueting. Combinem tecnologia avan\u00e7ada d\u00b4impressi\u00f3 digital, un equip expert i una gesti\u00f3 completa de projectes per garantir qualitat, agilitat i resultats a mida per a cada client. Disposem de plataformes B2B que faciliten als nostres clients la gesti\u00f3 de les comandes de materials impresos aix\u00ed com la log\u00edstica dels mateixos.","email":"info@artyplan.com","telephone":"+34 93 200 87 99","legalName":"Artyplan S.L.","vatID":"B61963229","numberOfEmployees":{"@type":"QuantitativeValue","minValue":"51","maxValue":"200"}}]}},"_links":{"self":[{"href":"https:\/\/artyplan.com\/ca\/wp-json\/wp\/v2\/pages\/11425","targetHints":{"allow":["GET"]}}],"collection":[{"href":"https:\/\/artyplan.com\/ca\/wp-json\/wp\/v2\/pages"}],"about":[{"href":"https:\/\/artyplan.com\/ca\/wp-json\/wp\/v2\/types\/page"}],"author":[{"embeddable":true,"href":"https:\/\/artyplan.com\/ca\/wp-json\/wp\/v2\/users\/3"}],"replies":[{"embeddable":true,"href":"https:\/\/artyplan.com\/ca\/wp-json\/wp\/v2\/comments?post=11425"}],"version-history":[{"count":8,"href":"https:\/\/artyplan.com\/ca\/wp-json\/wp\/v2\/pages\/11425\/revisions"}],"predecessor-version":[{"id":13773,"href":"https:\/\/artyplan.com\/ca\/wp-json\/wp\/v2\/pages\/11425\/revisions\/13773"}],"wp:attachment":[{"href":"https:\/\/artyplan.com\/ca\/wp-json\/wp\/v2\/media?parent=11425"}],"curies":[{"name":"wp","href":"https:\/\/api.w.org\/{rel}","templated":true}]}}