{"id":11457,"date":"2025-08-08T08:27:17","date_gmt":"2025-08-08T06:27:17","guid":{"rendered":"https:\/\/preweb.artyplan.com\/serveis\/"},"modified":"2025-12-16T14:58:45","modified_gmt":"2025-12-16T12:58:45","slug":"serveis","status":"publish","type":"page","link":"https:\/\/artyplan.com\/ca\/serveis\/","title":{"rendered":"Serveis"},"content":{"rendered":"\t\t<div data-elementor-type=\"wp-page\" data-elementor-id=\"11457\" class=\"elementor elementor-11457 elementor-2437\" data-elementor-post-type=\"page\">\n\t\t\t\t<div class=\"elementor-element elementor-element-7eea281d e-con-full e-flex e-con e-parent\" data-id=\"7eea281d\" data-element_type=\"container\" data-e-type=\"container\">\n\t\t<div class=\"elementor-element elementor-element-a37da42 e-flex e-con-boxed e-con e-child\" data-id=\"a37da42\" data-element_type=\"container\" data-e-type=\"container\">\n\t\t\t\t\t<div class=\"e-con-inner\">\n\t\t\t\t<div class=\"elementor-element elementor-element-ac1609f elementor-widget elementor-widget-theme-post-title elementor-page-title elementor-widget-heading\" data-id=\"ac1609f\" data-element_type=\"widget\" data-e-type=\"widget\" data-widget_type=\"theme-post-title.default\">\n\t\t\t\t<div class=\"elementor-widget-container\">\n\t\t\t\t\t<h1 class=\"elementor-heading-title elementor-size-default\">Serveis<\/h1>\t\t\t\t<\/div>\n\t\t\t\t<\/div>\n\t\t\t\t<div class=\"elementor-element elementor-element-43bfa2f elementor-widget elementor-widget-breadcrumbs\" data-id=\"43bfa2f\" data-element_type=\"widget\" data-e-type=\"widget\" data-widget_type=\"breadcrumbs.default\">\n\t\t\t\t<div class=\"elementor-widget-container\">\n\t\t\t\t\t<p id=\"breadcrumbs\"><span><span><a href=\"https:\/\/artyplan.com\/ca\/\">Artyplan<\/a><\/span><\/span><\/p>\t\t\t\t<\/div>\n\t\t\t\t<\/div>\n\t\t\t\t\t<\/div>\n\t\t\t\t<\/div>\n\t\t<div class=\"elementor-element elementor-element-004d8da e-flex e-con-boxed e-con e-child\" data-id=\"004d8da\" data-element_type=\"container\" data-e-type=\"container\">\n\t\t\t\t\t<div class=\"e-con-inner\">\n\t\t<div class=\"elementor-element elementor-element-23e7936 e-con-full e-flex elementor-invisible e-con e-child\" data-id=\"23e7936\" data-element_type=\"container\" data-e-type=\"container\" data-settings=\"{&quot;animation&quot;:&quot;fadeInUp&quot;}\">\n\t\t\t\t<div class=\"elementor-element elementor-element-82e3bf4 elementor-widget__width-inherit elementor-position-top elementor-widget elementor-widget-image-box\" data-id=\"82e3bf4\" data-element_type=\"widget\" data-e-type=\"widget\" data-widget_type=\"image-box.default\">\n\t\t\t\t<div class=\"elementor-widget-container\">\n\t\t\t\t\t<div class=\"elementor-image-box-wrapper\"><figure class=\"elementor-image-box-img\"><a href=\"https:\/\/artyplan.com\/ca\/web-to-print\/\" tabindex=\"-1\"><img fetchpriority=\"high\" decoding=\"async\" width=\"2560\" height=\"1707\" src=\"https:\/\/artyplan.com\/wp-content\/uploads\/2025\/10\/web-to-print-1-scaled.png\" class=\"elementor-animation-grow attachment-full size-full wp-image-11447\" alt=\"Web to print\" srcset=\"https:\/\/artyplan.com\/wp-content\/uploads\/2025\/10\/web-to-print-1-scaled.png 2560w, https:\/\/artyplan.com\/wp-content\/uploads\/2025\/10\/web-to-print-1-300x200.png 300w, https:\/\/artyplan.com\/wp-content\/uploads\/2025\/10\/web-to-print-1-1024x683.png 1024w, https:\/\/artyplan.com\/wp-content\/uploads\/2025\/10\/web-to-print-1-768x512.png 768w, https:\/\/artyplan.com\/wp-content\/uploads\/2025\/10\/web-to-print-1-1536x1024.png 1536w, https:\/\/artyplan.com\/wp-content\/uploads\/2025\/10\/web-to-print-1-2048x1365.png 2048w\" sizes=\"(max-width: 2560px) 100vw, 2560px\" \/><\/a><\/figure><div class=\"elementor-image-box-content\"><h4 class=\"elementor-image-box-title\"><a href=\"https:\/\/artyplan.com\/ca\/web-to-print\/\">Web to print<\/a><\/h4><\/div><\/div>\t\t\t\t<\/div>\n\t\t\t\t<\/div>\n\t\t\t\t<\/div>\n\t\t<div class=\"elementor-element elementor-element-e2f30e8 e-con-full e-flex elementor-invisible e-con e-child\" data-id=\"e2f30e8\" data-element_type=\"container\" data-e-type=\"container\" data-settings=\"{&quot;animation&quot;:&quot;fadeInUp&quot;,&quot;animation_delay&quot;:120}\">\n\t\t\t\t<div class=\"elementor-element elementor-element-e8665f1 elementor-widget__width-inherit elementor-position-top elementor-widget elementor-widget-image-box\" data-id=\"e8665f1\" data-element_type=\"widget\" data-e-type=\"widget\" data-widget_type=\"image-box.default\">\n\t\t\t\t<div class=\"elementor-widget-container\">\n\t\t\t\t\t<div class=\"elementor-image-box-wrapper\"><figure class=\"elementor-image-box-img\"><a href=\"https:\/\/artyplan.com\/ca\/emmagatzematge-picking-i-logistica\/\" tabindex=\"-1\"><img decoding=\"async\" width=\"2400\" height=\"1600\" src=\"https:\/\/artyplan.com\/wp-content\/uploads\/2025\/11\/almacenamiento-picking-logistica.png\" class=\"elementor-animation-grow attachment-full size-full wp-image-12524\" alt=\"Emmagatzematge, picking i log\u00edstica\" srcset=\"https:\/\/artyplan.com\/wp-content\/uploads\/2025\/11\/almacenamiento-picking-logistica.png 2400w, https:\/\/artyplan.com\/wp-content\/uploads\/2025\/11\/almacenamiento-picking-logistica-300x200.png 300w, https:\/\/artyplan.com\/wp-content\/uploads\/2025\/11\/almacenamiento-picking-logistica-1024x683.png 1024w, https:\/\/artyplan.com\/wp-content\/uploads\/2025\/11\/almacenamiento-picking-logistica-768x512.png 768w, https:\/\/artyplan.com\/wp-content\/uploads\/2025\/11\/almacenamiento-picking-logistica-1536x1024.png 1536w, https:\/\/artyplan.com\/wp-content\/uploads\/2025\/11\/almacenamiento-picking-logistica-2048x1365.png 2048w\" sizes=\"(max-width: 2400px) 100vw, 2400px\" \/><\/a><\/figure><div class=\"elementor-image-box-content\"><h4 class=\"elementor-image-box-title\"><a href=\"https:\/\/artyplan.com\/ca\/emmagatzematge-picking-i-logistica\/\">Emmagatzematge, picking i log\u00edstica<\/a><\/h4><\/div><\/div>\t\t\t\t<\/div>\n\t\t\t\t<\/div>\n\t\t\t\t<\/div>\n\t\t<div class=\"elementor-element elementor-element-0a6a0a0 e-con-full e-flex elementor-invisible e-con e-child\" data-id=\"0a6a0a0\" data-element_type=\"container\" data-e-type=\"container\" data-settings=\"{&quot;animation&quot;:&quot;fadeInUp&quot;,&quot;animation_delay&quot;:240}\">\n\t\t\t\t<div class=\"elementor-element elementor-element-fa3e203 elementor-widget__width-inherit elementor-position-top elementor-widget elementor-widget-image-box\" data-id=\"fa3e203\" data-element_type=\"widget\" data-e-type=\"widget\" data-widget_type=\"image-box.default\">\n\t\t\t\t<div class=\"elementor-widget-container\">\n\t\t\t\t\t<div class=\"elementor-image-box-wrapper\"><figure class=\"elementor-image-box-img\"><a href=\"https:\/\/artyplan.com\/ca\/cac-centre-d-atencio-al-client\/\" tabindex=\"-1\"><img decoding=\"async\" width=\"478\" height=\"318\" src=\"https:\/\/artyplan.com\/wp-content\/uploads\/2025\/11\/cac-card.png\" class=\"elementor-animation-grow attachment-full size-full wp-image-12523\" alt=\"Centre atenci\u00f3 al client\" srcset=\"https:\/\/artyplan.com\/wp-content\/uploads\/2025\/11\/cac-card.png 478w, https:\/\/artyplan.com\/wp-content\/uploads\/2025\/11\/cac-card-300x200.png 300w\" sizes=\"(max-width: 478px) 100vw, 478px\" \/><\/a><\/figure><div class=\"elementor-image-box-content\"><h4 class=\"elementor-image-box-title\"><a href=\"https:\/\/artyplan.com\/ca\/cac-centre-d-atencio-al-client\/\">CAC - Centre d\u2019atenci\u00f3 al client<\/a><\/h4><\/div><\/div>\t\t\t\t<\/div>\n\t\t\t\t<\/div>\n\t\t\t\t<\/div>\n\t\t<div class=\"elementor-element elementor-element-279105a e-con-full e-flex elementor-invisible e-con e-child\" data-id=\"279105a\" data-element_type=\"container\" data-e-type=\"container\" data-settings=\"{&quot;animation&quot;:&quot;fadeInUp&quot;,&quot;animation_delay&quot;:360}\">\n\t\t\t\t<div class=\"elementor-element elementor-element-c5cc283 elementor-widget__width-inherit elementor-position-top elementor-widget elementor-widget-image-box\" data-id=\"c5cc283\" data-element_type=\"widget\" data-e-type=\"widget\" data-widget_type=\"image-box.default\">\n\t\t\t\t<div class=\"elementor-widget-container\">\n\t\t\t\t\t<div class=\"elementor-image-box-wrapper\"><figure class=\"elementor-image-box-img\"><a href=\"https:\/\/artyplan.com\/ca\/disseny-estructural\/\" tabindex=\"-1\"><img loading=\"lazy\" decoding=\"async\" width=\"1152\" height=\"768\" src=\"https:\/\/artyplan.com\/wp-content\/uploads\/2025\/10\/diseno-estructural.png\" class=\"elementor-animation-grow attachment-full size-full wp-image-11449\" alt=\"Disseny estructural\" srcset=\"https:\/\/artyplan.com\/wp-content\/uploads\/2025\/10\/diseno-estructural.png 1152w, https:\/\/artyplan.com\/wp-content\/uploads\/2025\/10\/diseno-estructural-300x200.png 300w, https:\/\/artyplan.com\/wp-content\/uploads\/2025\/10\/diseno-estructural-1024x683.png 1024w, https:\/\/artyplan.com\/wp-content\/uploads\/2025\/10\/diseno-estructural-768x512.png 768w\" sizes=\"(max-width: 1152px) 100vw, 1152px\" \/><\/a><\/figure><div class=\"elementor-image-box-content\"><h4 class=\"elementor-image-box-title\"><a href=\"https:\/\/artyplan.com\/ca\/disseny-estructural\/\">Disseny estructural<br><\/a><\/h4><\/div><\/div>\t\t\t\t<\/div>\n\t\t\t\t<\/div>\n\t\t\t\t<\/div>\n\t\t<div class=\"elementor-element elementor-element-4ed24d5 e-con-full e-flex elementor-invisible e-con e-child\" data-id=\"4ed24d5\" data-element_type=\"container\" data-e-type=\"container\" data-settings=\"{&quot;animation&quot;:&quot;fadeInUp&quot;,&quot;animation_delay&quot;:480}\">\n\t\t\t\t<div class=\"elementor-element elementor-element-dfc326a elementor-widget__width-inherit elementor-position-top elementor-widget elementor-widget-image-box\" data-id=\"dfc326a\" data-element_type=\"widget\" data-e-type=\"widget\" data-widget_type=\"image-box.default\">\n\t\t\t\t<div class=\"elementor-widget-container\">\n\t\t\t\t\t<div class=\"elementor-image-box-wrapper\"><figure class=\"elementor-image-box-img\"><a href=\"https:\/\/artyplan.com\/ca\/serveis\/publicacions-digitals\/\" tabindex=\"-1\"><img loading=\"lazy\" decoding=\"async\" width=\"2560\" height=\"1707\" src=\"https:\/\/artyplan.com\/wp-content\/uploads\/2025\/10\/publicaciones-digitales-1-scaled.png\" class=\"elementor-animation-grow attachment-full size-full wp-image-11451\" alt=\"Publicacions digitals\" srcset=\"https:\/\/artyplan.com\/wp-content\/uploads\/2025\/10\/publicaciones-digitales-1-scaled.png 2560w, https:\/\/artyplan.com\/wp-content\/uploads\/2025\/10\/publicaciones-digitales-1-300x200.png 300w, https:\/\/artyplan.com\/wp-content\/uploads\/2025\/10\/publicaciones-digitales-1-1024x683.png 1024w, https:\/\/artyplan.com\/wp-content\/uploads\/2025\/10\/publicaciones-digitales-1-768x512.png 768w, https:\/\/artyplan.com\/wp-content\/uploads\/2025\/10\/publicaciones-digitales-1-1536x1024.png 1536w, https:\/\/artyplan.com\/wp-content\/uploads\/2025\/10\/publicaciones-digitales-1-2048x1365.png 2048w\" sizes=\"(max-width: 2560px) 100vw, 2560px\" \/><\/a><\/figure><div class=\"elementor-image-box-content\"><h4 class=\"elementor-image-box-title\"><a href=\"https:\/\/artyplan.com\/ca\/serveis\/publicacions-digitals\/\">Publicacions digitals<\/a><\/h4><\/div><\/div>\t\t\t\t<\/div>\n\t\t\t\t<\/div>\n\t\t\t\t<\/div>\n\t\t\t\t\t<\/div>\n\t\t\t\t<\/div>\n\t\t<div class=\"elementor-element elementor-element-67eab27 e-con-full e-flex e-con e-child\" data-id=\"67eab27\" data-element_type=\"container\" data-e-type=\"container\" data-settings=\"{&quot;background_background&quot;:&quot;classic&quot;}\">\n\t\t<div class=\"elementor-element elementor-element-b5134a2 e-con-full e-flex e-con e-child\" data-id=\"b5134a2\" data-element_type=\"container\" data-e-type=\"container\">\n\t\t\t\t<div class=\"elementor-element elementor-element-5d82e31 elementor-widget__width-initial elementor-invisible elementor-widget elementor-widget-heading\" data-id=\"5d82e31\" data-element_type=\"widget\" data-e-type=\"widget\" data-settings=\"{&quot;_animation&quot;:&quot;fadeInUp&quot;,&quot;_animation_delay&quot;:240}\" data-widget_type=\"heading.default\">\n\t\t\t\t<div class=\"elementor-widget-container\">\n\t\t\t\t\t<h4 class=\"elementor-heading-title elementor-size-default\">NO TROBES EL QUE BUSQUES? <\/h4>\t\t\t\t<\/div>\n\t\t\t\t<\/div>\n\t\t\t\t<div class=\"elementor-element elementor-element-1462b1f elementor-widget__width-initial elementor-widget elementor-widget-heading\" data-id=\"1462b1f\" data-element_type=\"widget\" data-e-type=\"widget\" data-settings=\"{&quot;_animation&quot;:&quot;none&quot;,&quot;_animation_delay&quot;:480}\" data-widget_type=\"heading.default\">\n\t\t\t\t<div class=\"elementor-widget-container\">\n\t\t\t\t\t<h4 class=\"elementor-heading-title elementor-size-default\">No ho dubtis i contacta\u2019ns. Et podem ajudar.  <\/h4>\t\t\t\t<\/div>\n\t\t\t\t<\/div>\n\t\t\t\t<div class=\"elementor-element elementor-element-5c18fa2 elementor-align-center elementor-widget-mobile__width-inherit animated-fast elementor-invisible elementor-widget elementor-widget-button\" data-id=\"5c18fa2\" data-element_type=\"widget\" data-e-type=\"widget\" data-settings=\"{&quot;_animation&quot;:&quot;fadeInDown&quot;,&quot;_animation_delay&quot;:0}\" data-widget_type=\"button.default\">\n\t\t\t\t<div class=\"elementor-widget-container\">\n\t\t\t\t\t\t\t\t\t<div class=\"elementor-button-wrapper\">\n\t\t\t\t\t<a class=\"elementor-button elementor-button-link elementor-size-md\" href=\"https:\/\/artyplan.com\/ca\/contacte\/\">\n\t\t\t\t\t\t<span class=\"elementor-button-content-wrapper\">\n\t\t\t\t\t\t<span class=\"elementor-button-icon\">\n\t\t\t\t<i aria-hidden=\"true\" class=\"fas fa-comments\"><\/i>\t\t\t<\/span>\n\t\t\t\t\t\t\t\t\t<span class=\"elementor-button-text\">Parla amb un expert<\/span>\n\t\t\t\t\t<\/span>\n\t\t\t\t\t<\/a>\n\t\t\t\t<\/div>\n\t\t\t\t\t\t\t\t<\/div>\n\t\t\t\t<\/div>\n\t\t\t\t<\/div>\n\t\t\t\t<\/div>\n\t\t\t\t<\/div>\n\t\t\t\t<\/div>\n\t\t","protected":false},"excerpt":{"rendered":"<p>Web to print Emmagatzematge, picking i log\u00edstica CAC &#8211; Centre d\u2019atenci\u00f3 al client Disseny estructural Publicacions digitals NO TROBES EL QUE BUSQUES? No ho dubtis i contacta\u2019ns. Et podem ajudar. Parla amb un expert<\/p>\n","protected":false},"author":3,"featured_media":2826,"parent":0,"menu_order":0,"comment_status":"closed","ping_status":"closed","template":"elementor_header_footer","meta":{"footnotes":""},"class_list":["post-11457","page","type-page","status-publish","has-post-thumbnail","hentry"],"yoast_head":"<!-- This site is optimized with the Yoast SEO Premium plugin v26.5 (Yoast SEO v26.5) - https:\/\/yoast.com\/wordpress\/plugins\/seo\/ -->\n<title>Serveis de comunicaci\u00f3 i producci\u00f3 gr\u00e0fica<\/title>\n<meta name=\"description\" content=\"Projectes reals d\u00b4impressi\u00f3 sostenible i PLV: disseny, producci\u00f3 i log\u00edstica per a marques i ag\u00e8ncies. Inspira&#039;t amb els nostres treballs.\" \/>\n<meta name=\"robots\" content=\"index, follow, max-snippet:-1, max-image-preview:large, max-video-preview:-1\" \/>\n<link rel=\"canonical\" href=\"https:\/\/artyplan.com\/ca\/serveis\/\" \/>\n<meta property=\"og:locale\" content=\"ca_ES\" \/>\n<meta property=\"og:type\" content=\"article\" \/>\n<meta property=\"og:title\" content=\"Serveis\" \/>\n<meta property=\"og:description\" content=\"Projectes reals d\u00b4impressi\u00f3 sostenible i PLV: disseny, producci\u00f3 i log\u00edstica per a marques i ag\u00e8ncies. Inspira&#039;t amb els nostres treballs.\" \/>\n<meta property=\"og:url\" content=\"https:\/\/artyplan.com\/ca\/serveis\/\" \/>\n<meta property=\"og:site_name\" content=\"Artyplan\" \/>\n<meta property=\"article:publisher\" content=\"https:\/\/www.facebook.com\/artyplan\" \/>\n<meta property=\"article:modified_time\" content=\"2025-12-16T12:58:45+00:00\" \/>\n<meta property=\"og:image\" content=\"https:\/\/artyplan.com\/wp-content\/uploads\/2025\/08\/servicios-que-ofrecemos.png\" \/>\n\t<meta property=\"og:image:width\" content=\"1024\" \/>\n\t<meta property=\"og:image:height\" content=\"1024\" \/>\n\t<meta property=\"og:image:type\" content=\"image\/png\" \/>\n<meta name=\"twitter:card\" content=\"summary_large_image\" \/>\n<meta name=\"twitter:label1\" content=\"Temps estimat de lectura\" \/>\n\t<meta name=\"twitter:data1\" content=\"2 minuts\" \/>\n<script type=\"application\/ld+json\" class=\"yoast-schema-graph\">{\"@context\":\"https:\/\/schema.org\",\"@graph\":[{\"@type\":\"WebPage\",\"@id\":\"https:\/\/artyplan.com\/ca\/serveis\/\",\"url\":\"https:\/\/artyplan.com\/ca\/serveis\/\",\"name\":\"Serveis de comunicaci\u00f3 i producci\u00f3 gr\u00e0fica\",\"isPartOf\":{\"@id\":\"https:\/\/artyplan.com\/ca\/#website\"},\"primaryImageOfPage\":{\"@id\":\"https:\/\/artyplan.com\/ca\/serveis\/#primaryimage\"},\"image\":{\"@id\":\"https:\/\/artyplan.com\/ca\/serveis\/#primaryimage\"},\"thumbnailUrl\":\"https:\/\/artyplan.com\/wp-content\/uploads\/2025\/08\/servicios-que-ofrecemos.png\",\"datePublished\":\"2025-08-08T06:27:17+00:00\",\"dateModified\":\"2025-12-16T12:58:45+00:00\",\"description\":\"Projectes reals d\u00b4impressi\u00f3 sostenible i PLV: disseny, producci\u00f3 i log\u00edstica per a marques i ag\u00e8ncies. Inspira't amb els nostres treballs.\",\"breadcrumb\":{\"@id\":\"https:\/\/artyplan.com\/ca\/serveis\/#breadcrumb\"},\"inLanguage\":\"ca\",\"potentialAction\":[{\"@type\":\"ReadAction\",\"target\":[\"https:\/\/artyplan.com\/ca\/serveis\/\"]}]},{\"@type\":\"ImageObject\",\"inLanguage\":\"ca\",\"@id\":\"https:\/\/artyplan.com\/ca\/serveis\/#primaryimage\",\"url\":\"https:\/\/artyplan.com\/wp-content\/uploads\/2025\/08\/servicios-que-ofrecemos.png\",\"contentUrl\":\"https:\/\/artyplan.com\/wp-content\/uploads\/2025\/08\/servicios-que-ofrecemos.png\",\"width\":1024,\"height\":1024,\"caption\":\"Serveis que oferim\"},{\"@type\":\"BreadcrumbList\",\"@id\":\"https:\/\/artyplan.com\/ca\/serveis\/#breadcrumb\",\"itemListElement\":[{\"@type\":\"ListItem\",\"position\":1,\"name\":\"Artyplan\",\"item\":\"https:\/\/artyplan.com\/ca\/\"},{\"@type\":\"ListItem\",\"position\":2,\"name\":\"Serveis\"}]},{\"@type\":\"WebSite\",\"@id\":\"https:\/\/artyplan.com\/ca\/#website\",\"url\":\"https:\/\/artyplan.com\/ca\/\",\"name\":\"Artyplan\",\"description\":\"\",\"publisher\":{\"@id\":\"https:\/\/artyplan.com\/ca\/#organization\"},\"potentialAction\":[{\"@type\":\"SearchAction\",\"target\":{\"@type\":\"EntryPoint\",\"urlTemplate\":\"https:\/\/artyplan.com\/ca\/?s={search_term_string}\"},\"query-input\":{\"@type\":\"PropertyValueSpecification\",\"valueRequired\":true,\"valueName\":\"search_term_string\"}}],\"inLanguage\":\"ca\"},{\"@type\":\"Organization\",\"@id\":\"https:\/\/artyplan.com\/ca\/#organization\",\"name\":\"Artyplan\",\"url\":\"https:\/\/artyplan.com\/ca\/\",\"logo\":{\"@type\":\"ImageObject\",\"inLanguage\":\"ca\",\"@id\":\"https:\/\/artyplan.com\/ca\/#\/schema\/logo\/image\/\",\"url\":\"https:\/\/artyplan.com\/wp-content\/uploads\/2025\/12\/Logo-artyplan-690x690-1.png\",\"contentUrl\":\"https:\/\/artyplan.com\/wp-content\/uploads\/2025\/12\/Logo-artyplan-690x690-1.png\",\"width\":690,\"height\":690,\"caption\":\"Artyplan\"},\"image\":{\"@id\":\"https:\/\/artyplan.com\/ca\/#\/schema\/logo\/image\/\"},\"sameAs\":[\"https:\/\/www.facebook.com\/artyplan\",\"https:\/\/www.instagram.com\/artyplan\/\",\"https:\/\/www.linkedin.com\/company\/artyplan\"],\"description\":\"Artyplan \u00e9s una empresa especialitzada en producci\u00f3 gr\u00e0fica i comunicaci\u00f3 visual amb 60 anys dexperi\u00e8ncia. Oferim solucions integrals d'impressi\u00f3 en gran format, PLV i retail, gesti\u00f3 d'esdeveniments i fires, disseny i fabricaci\u00f3 a mida, log\u00edstica i serveis d'instal\u00b7laci\u00f3 a tot el territori. Treballem per a marques, ag\u00e8ncies, espais comercials i institucions que necessiten un partner fiable per desenvolupar campanyes de m\u00e0rqueting, projectes de retail i accions de branding o m\u00e0rqueting. Combinem tecnologia avan\u00e7ada d\u00b4impressi\u00f3 digital, un equip expert i una gesti\u00f3 completa de projectes per garantir qualitat, agilitat i resultats a mida per a cada client. Disposem de plataformes B2B que faciliten als nostres clients la gesti\u00f3 de les comandes de materials impresos aix\u00ed com la log\u00edstica dels mateixos.\",\"email\":\"info@artyplan.com\",\"telephone\":\"+34 93 200 87 99\",\"legalName\":\"Artyplan S.L.\",\"vatID\":\"B61963229\",\"numberOfEmployees\":{\"@type\":\"QuantitativeValue\",\"minValue\":\"51\",\"maxValue\":\"200\"}}]}<\/script>\n<!-- \/ Yoast SEO Premium plugin. -->","yoast_head_json":{"title":"Serveis de comunicaci\u00f3 i producci\u00f3 gr\u00e0fica","description":"Projectes reals d\u00b4impressi\u00f3 sostenible i PLV: disseny, producci\u00f3 i log\u00edstica per a marques i ag\u00e8ncies. Inspira't amb els nostres treballs.","robots":{"index":"index","follow":"follow","max-snippet":"max-snippet:-1","max-image-preview":"max-image-preview:large","max-video-preview":"max-video-preview:-1"},"canonical":"https:\/\/artyplan.com\/ca\/serveis\/","og_locale":"ca_ES","og_type":"article","og_title":"Serveis","og_description":"Projectes reals d\u00b4impressi\u00f3 sostenible i PLV: disseny, producci\u00f3 i log\u00edstica per a marques i ag\u00e8ncies. Inspira't amb els nostres treballs.","og_url":"https:\/\/artyplan.com\/ca\/serveis\/","og_site_name":"Artyplan","article_publisher":"https:\/\/www.facebook.com\/artyplan","article_modified_time":"2025-12-16T12:58:45+00:00","og_image":[{"width":1024,"height":1024,"url":"https:\/\/artyplan.com\/wp-content\/uploads\/2025\/08\/servicios-que-ofrecemos.png","type":"image\/png"}],"twitter_card":"summary_large_image","twitter_misc":{"Temps estimat de lectura":"2 minuts"},"schema":{"@context":"https:\/\/schema.org","@graph":[{"@type":"WebPage","@id":"https:\/\/artyplan.com\/ca\/serveis\/","url":"https:\/\/artyplan.com\/ca\/serveis\/","name":"Serveis de comunicaci\u00f3 i producci\u00f3 gr\u00e0fica","isPartOf":{"@id":"https:\/\/artyplan.com\/ca\/#website"},"primaryImageOfPage":{"@id":"https:\/\/artyplan.com\/ca\/serveis\/#primaryimage"},"image":{"@id":"https:\/\/artyplan.com\/ca\/serveis\/#primaryimage"},"thumbnailUrl":"https:\/\/artyplan.com\/wp-content\/uploads\/2025\/08\/servicios-que-ofrecemos.png","datePublished":"2025-08-08T06:27:17+00:00","dateModified":"2025-12-16T12:58:45+00:00","description":"Projectes reals d\u00b4impressi\u00f3 sostenible i PLV: disseny, producci\u00f3 i log\u00edstica per a marques i ag\u00e8ncies. Inspira't amb els nostres treballs.","breadcrumb":{"@id":"https:\/\/artyplan.com\/ca\/serveis\/#breadcrumb"},"inLanguage":"ca","potentialAction":[{"@type":"ReadAction","target":["https:\/\/artyplan.com\/ca\/serveis\/"]}]},{"@type":"ImageObject","inLanguage":"ca","@id":"https:\/\/artyplan.com\/ca\/serveis\/#primaryimage","url":"https:\/\/artyplan.com\/wp-content\/uploads\/2025\/08\/servicios-que-ofrecemos.png","contentUrl":"https:\/\/artyplan.com\/wp-content\/uploads\/2025\/08\/servicios-que-ofrecemos.png","width":1024,"height":1024,"caption":"Serveis que oferim"},{"@type":"BreadcrumbList","@id":"https:\/\/artyplan.com\/ca\/serveis\/#breadcrumb","itemListElement":[{"@type":"ListItem","position":1,"name":"Artyplan","item":"https:\/\/artyplan.com\/ca\/"},{"@type":"ListItem","position":2,"name":"Serveis"}]},{"@type":"WebSite","@id":"https:\/\/artyplan.com\/ca\/#website","url":"https:\/\/artyplan.com\/ca\/","name":"Artyplan","description":"","publisher":{"@id":"https:\/\/artyplan.com\/ca\/#organization"},"potentialAction":[{"@type":"SearchAction","target":{"@type":"EntryPoint","urlTemplate":"https:\/\/artyplan.com\/ca\/?s={search_term_string}"},"query-input":{"@type":"PropertyValueSpecification","valueRequired":true,"valueName":"search_term_string"}}],"inLanguage":"ca"},{"@type":"Organization","@id":"https:\/\/artyplan.com\/ca\/#organization","name":"Artyplan","url":"https:\/\/artyplan.com\/ca\/","logo":{"@type":"ImageObject","inLanguage":"ca","@id":"https:\/\/artyplan.com\/ca\/#\/schema\/logo\/image\/","url":"https:\/\/artyplan.com\/wp-content\/uploads\/2025\/12\/Logo-artyplan-690x690-1.png","contentUrl":"https:\/\/artyplan.com\/wp-content\/uploads\/2025\/12\/Logo-artyplan-690x690-1.png","width":690,"height":690,"caption":"Artyplan"},"image":{"@id":"https:\/\/artyplan.com\/ca\/#\/schema\/logo\/image\/"},"sameAs":["https:\/\/www.facebook.com\/artyplan","https:\/\/www.instagram.com\/artyplan\/","https:\/\/www.linkedin.com\/company\/artyplan"],"description":"Artyplan \u00e9s una empresa especialitzada en producci\u00f3 gr\u00e0fica i comunicaci\u00f3 visual amb 60 anys dexperi\u00e8ncia. Oferim solucions integrals d'impressi\u00f3 en gran format, PLV i retail, gesti\u00f3 d'esdeveniments i fires, disseny i fabricaci\u00f3 a mida, log\u00edstica i serveis d'instal\u00b7laci\u00f3 a tot el territori. Treballem per a marques, ag\u00e8ncies, espais comercials i institucions que necessiten un partner fiable per desenvolupar campanyes de m\u00e0rqueting, projectes de retail i accions de branding o m\u00e0rqueting. Combinem tecnologia avan\u00e7ada d\u00b4impressi\u00f3 digital, un equip expert i una gesti\u00f3 completa de projectes per garantir qualitat, agilitat i resultats a mida per a cada client. Disposem de plataformes B2B que faciliten als nostres clients la gesti\u00f3 de les comandes de materials impresos aix\u00ed com la log\u00edstica dels mateixos.","email":"info@artyplan.com","telephone":"+34 93 200 87 99","legalName":"Artyplan S.L.","vatID":"B61963229","numberOfEmployees":{"@type":"QuantitativeValue","minValue":"51","maxValue":"200"}}]}},"_links":{"self":[{"href":"https:\/\/artyplan.com\/ca\/wp-json\/wp\/v2\/pages\/11457","targetHints":{"allow":["GET"]}}],"collection":[{"href":"https:\/\/artyplan.com\/ca\/wp-json\/wp\/v2\/pages"}],"about":[{"href":"https:\/\/artyplan.com\/ca\/wp-json\/wp\/v2\/types\/page"}],"author":[{"embeddable":true,"href":"https:\/\/artyplan.com\/ca\/wp-json\/wp\/v2\/users\/3"}],"replies":[{"embeddable":true,"href":"https:\/\/artyplan.com\/ca\/wp-json\/wp\/v2\/comments?post=11457"}],"version-history":[{"count":9,"href":"https:\/\/artyplan.com\/ca\/wp-json\/wp\/v2\/pages\/11457\/revisions"}],"predecessor-version":[{"id":13445,"href":"https:\/\/artyplan.com\/ca\/wp-json\/wp\/v2\/pages\/11457\/revisions\/13445"}],"wp:featuredmedia":[{"embeddable":true,"href":"https:\/\/artyplan.com\/ca\/wp-json\/wp\/v2\/media\/2826"}],"wp:attachment":[{"href":"https:\/\/artyplan.com\/ca\/wp-json\/wp\/v2\/media?parent=11457"}],"curies":[{"name":"wp","href":"https:\/\/api.w.org\/{rel}","templated":true}]}}