{"id":12914,"date":"2025-11-20T15:05:40","date_gmt":"2025-11-20T13:05:40","guid":{"rendered":"https:\/\/preweb.artyplan.com\/?page_id=12914"},"modified":"2026-02-23T17:38:22","modified_gmt":"2026-02-23T15:38:22","slug":"impressio-3","status":"publish","type":"page","link":"https:\/\/artyplan.com\/ca\/impressio\/","title":{"rendered":"Impressi\u00f3"},"content":{"rendered":"\t\t<div data-elementor-type=\"wp-page\" data-elementor-id=\"12914\" class=\"elementor elementor-12914 elementor-12913\" data-elementor-post-type=\"page\">\n\t\t\t\t<div class=\"elementor-element elementor-element-3e61d65 e-con-full e-flex e-con e-parent\" data-id=\"3e61d65\" data-element_type=\"container\" data-e-type=\"container\">\n\t\t<div class=\"elementor-element elementor-element-afc4158 e-flex e-con-boxed e-con e-child\" data-id=\"afc4158\" data-element_type=\"container\" data-e-type=\"container\">\n\t\t\t\t\t<div class=\"e-con-inner\">\n\t\t\t\t<div class=\"elementor-element elementor-element-6e1d9f2 elementor-widget elementor-widget-theme-post-title elementor-page-title elementor-widget-heading\" data-id=\"6e1d9f2\" data-element_type=\"widget\" data-e-type=\"widget\" data-widget_type=\"theme-post-title.default\">\n\t\t\t\t<div class=\"elementor-widget-container\">\n\t\t\t\t\t<h1 class=\"elementor-heading-title elementor-size-default\">Impressi\u00f3<\/h1>\t\t\t\t<\/div>\n\t\t\t\t<\/div>\n\t\t\t\t<div class=\"elementor-element elementor-element-b639246 elementor-widget elementor-widget-breadcrumbs\" data-id=\"b639246\" data-element_type=\"widget\" data-e-type=\"widget\" data-widget_type=\"breadcrumbs.default\">\n\t\t\t\t<div class=\"elementor-widget-container\">\n\t\t\t\t\t<p id=\"breadcrumbs\"><span><span><a href=\"https:\/\/artyplan.com\/ca\/\">Artyplan<\/a><\/span><\/span><\/p>\t\t\t\t<\/div>\n\t\t\t\t<\/div>\n\t\t\t\t\t<\/div>\n\t\t\t\t<\/div>\n\t\t<section class=\"elementor-element elementor-element-0cbf1fe e-flex e-con-boxed e-con e-child\" data-id=\"0cbf1fe\" data-element_type=\"container\" data-e-type=\"container\">\n\t\t\t\t\t<div class=\"e-con-inner\">\n\t\t<article class=\"elementor-element elementor-element-e4f6026 e-con-full e-flex elementor-invisible e-con e-child\" data-id=\"e4f6026\" data-element_type=\"container\" data-e-type=\"container\" data-settings=\"{&quot;animation&quot;:&quot;fadeInUp&quot;}\">\n\t\t\t\t<div class=\"elementor-element elementor-element-698fd50 elementor-widget__width-inherit elementor-position-top elementor-widget elementor-widget-image-box\" data-id=\"698fd50\" data-element_type=\"widget\" data-e-type=\"widget\" data-widget_type=\"image-box.default\">\n\t\t\t\t<div class=\"elementor-widget-container\">\n\t\t\t\t\t<div class=\"elementor-image-box-wrapper\"><figure class=\"elementor-image-box-img\"><a href=\"https:\/\/artyplan.com\/impresion\/gran-formato\/\" tabindex=\"-1\"><img fetchpriority=\"high\" decoding=\"async\" width=\"2560\" height=\"1702\" src=\"https:\/\/artyplan.com\/wp-content\/uploads\/2025\/07\/Lonas-para-publicidad-scaled.png\" class=\"elementor-animation-grow attachment-full size-full wp-image-12785\" alt=\"Lones publicit\u00e0ries\" srcset=\"https:\/\/artyplan.com\/wp-content\/uploads\/2025\/07\/Lonas-para-publicidad-scaled.png 2560w, https:\/\/artyplan.com\/wp-content\/uploads\/2025\/07\/Lonas-para-publicidad-300x199.png 300w, https:\/\/artyplan.com\/wp-content\/uploads\/2025\/07\/Lonas-para-publicidad-1024x681.png 1024w, https:\/\/artyplan.com\/wp-content\/uploads\/2025\/07\/Lonas-para-publicidad-768x511.png 768w, https:\/\/artyplan.com\/wp-content\/uploads\/2025\/07\/Lonas-para-publicidad-1536x1021.png 1536w, https:\/\/artyplan.com\/wp-content\/uploads\/2025\/07\/Lonas-para-publicidad-2048x1362.png 2048w\" sizes=\"(max-width: 2560px) 100vw, 2560px\" \/><\/a><\/figure><div class=\"elementor-image-box-content\"><h2 class=\"elementor-image-box-title\"><a href=\"https:\/\/artyplan.com\/impresion\/gran-formato\/\">Impressi\u00f3 en gran format<\/a><\/h2><\/div><\/div>\t\t\t\t<\/div>\n\t\t\t\t<\/div>\n\t\t\t\t<\/article>\n\t\t<article class=\"elementor-element elementor-element-bd834a6 e-con-full e-flex elementor-invisible e-con e-child\" data-id=\"bd834a6\" data-element_type=\"container\" data-e-type=\"container\" data-settings=\"{&quot;animation&quot;:&quot;fadeInUp&quot;,&quot;animation_delay&quot;:120}\">\n\t\t\t\t<div class=\"elementor-element elementor-element-2468a9e elementor-widget__width-inherit elementor-position-top elementor-widget elementor-widget-image-box\" data-id=\"2468a9e\" data-element_type=\"widget\" data-e-type=\"widget\" data-widget_type=\"image-box.default\">\n\t\t\t\t<div class=\"elementor-widget-container\">\n\t\t\t\t\t<div class=\"elementor-image-box-wrapper\"><figure class=\"elementor-image-box-img\"><a href=\"https:\/\/artyplan.com\/impresion\/expositores-publicitarios-display\/\" tabindex=\"-1\"><img decoding=\"async\" width=\"800\" height=\"533\" src=\"https:\/\/artyplan.com\/wp-content\/uploads\/2025\/11\/expositores-publicitarios-1.jpg\" class=\"elementor-animation-grow attachment-full size-full wp-image-12181\" alt=\"Expositors publicitaris\" srcset=\"https:\/\/artyplan.com\/wp-content\/uploads\/2025\/11\/expositores-publicitarios-1.jpg 800w, https:\/\/artyplan.com\/wp-content\/uploads\/2025\/11\/expositores-publicitarios-1-300x200.jpg 300w, https:\/\/artyplan.com\/wp-content\/uploads\/2025\/11\/expositores-publicitarios-1-768x512.jpg 768w\" sizes=\"(max-width: 800px) 100vw, 800px\" \/><\/a><\/figure><div class=\"elementor-image-box-content\"><h2 class=\"elementor-image-box-title\"><a href=\"https:\/\/artyplan.com\/impresion\/expositores-publicitarios-display\/\">Expositors publicitaris i displays<\/a><\/h2><\/div><\/div>\t\t\t\t<\/div>\n\t\t\t\t<\/div>\n\t\t\t\t<\/article>\n\t\t<article class=\"elementor-element elementor-element-856da23 e-con-full e-flex elementor-invisible e-con e-child\" data-id=\"856da23\" data-element_type=\"container\" data-e-type=\"container\" data-settings=\"{&quot;animation&quot;:&quot;fadeInUp&quot;,&quot;animation_delay&quot;:240}\">\n\t\t\t\t<div class=\"elementor-element elementor-element-8e69205 elementor-widget__width-inherit elementor-position-top elementor-widget elementor-widget-image-box\" data-id=\"8e69205\" data-element_type=\"widget\" data-e-type=\"widget\" data-widget_type=\"image-box.default\">\n\t\t\t\t<div class=\"elementor-widget-container\">\n\t\t\t\t\t<div class=\"elementor-image-box-wrapper\"><figure class=\"elementor-image-box-img\"><a href=\"https:\/\/artyplan.com\/impresion\/soportes-publicitarios\/\" tabindex=\"-1\"><img decoding=\"async\" width=\"1536\" height=\"1024\" src=\"https:\/\/artyplan.com\/wp-content\/uploads\/2025\/11\/soportes-publicitarios-1.png\" class=\"elementor-animation-grow attachment-full size-full wp-image-12182\" alt=\"Suports publicitaris\" srcset=\"https:\/\/artyplan.com\/wp-content\/uploads\/2025\/11\/soportes-publicitarios-1.png 1536w, https:\/\/artyplan.com\/wp-content\/uploads\/2025\/11\/soportes-publicitarios-1-300x200.png 300w, https:\/\/artyplan.com\/wp-content\/uploads\/2025\/11\/soportes-publicitarios-1-1024x683.png 1024w, https:\/\/artyplan.com\/wp-content\/uploads\/2025\/11\/soportes-publicitarios-1-768x512.png 768w\" sizes=\"(max-width: 1536px) 100vw, 1536px\" \/><\/a><\/figure><div class=\"elementor-image-box-content\"><h2 class=\"elementor-image-box-title\"><a href=\"https:\/\/artyplan.com\/impresion\/soportes-publicitarios\/\">Suports publicitaris<\/a><\/h2><\/div><\/div>\t\t\t\t<\/div>\n\t\t\t\t<\/div>\n\t\t\t\t<\/article>\n\t\t<article class=\"elementor-element elementor-element-1c4c642 e-con-full e-flex elementor-invisible e-con e-child\" data-id=\"1c4c642\" data-element_type=\"container\" data-e-type=\"container\" data-settings=\"{&quot;animation&quot;:&quot;fadeInUp&quot;,&quot;animation_delay&quot;:360}\">\n\t\t\t\t<div class=\"elementor-element elementor-element-bf8a005 elementor-widget__width-inherit elementor-position-top elementor-widget elementor-widget-image-box\" data-id=\"bf8a005\" data-element_type=\"widget\" data-e-type=\"widget\" data-widget_type=\"image-box.default\">\n\t\t\t\t<div class=\"elementor-widget-container\">\n\t\t\t\t\t<div class=\"elementor-image-box-wrapper\"><figure class=\"elementor-image-box-img\"><a href=\"https:\/\/artyplan.com\/impresion\/comercial-y-publicaciones\/\" tabindex=\"-1\"><img loading=\"lazy\" decoding=\"async\" width=\"1536\" height=\"1024\" src=\"https:\/\/artyplan.com\/wp-content\/uploads\/2025\/11\/impresion-comercial-1.png\" class=\"elementor-animation-grow attachment-full size-full wp-image-12183\" alt=\"Impressi\u00f3 comercial i publicacions\" srcset=\"https:\/\/artyplan.com\/wp-content\/uploads\/2025\/11\/impresion-comercial-1.png 1536w, https:\/\/artyplan.com\/wp-content\/uploads\/2025\/11\/impresion-comercial-1-300x200.png 300w, https:\/\/artyplan.com\/wp-content\/uploads\/2025\/11\/impresion-comercial-1-1024x683.png 1024w, https:\/\/artyplan.com\/wp-content\/uploads\/2025\/11\/impresion-comercial-1-768x512.png 768w\" sizes=\"(max-width: 1536px) 100vw, 1536px\" \/><\/a><\/figure><div class=\"elementor-image-box-content\"><h2 class=\"elementor-image-box-title\"><a href=\"https:\/\/artyplan.com\/impresion\/comercial-y-publicaciones\/\">Impressi\u00f3 comercial i publicacions<\/a><\/h2><\/div><\/div>\t\t\t\t<\/div>\n\t\t\t\t<\/div>\n\t\t\t\t<\/article>\n\t\t<article class=\"elementor-element elementor-element-3717352 e-con-full e-flex elementor-invisible e-con e-child\" data-id=\"3717352\" data-element_type=\"container\" data-e-type=\"container\" data-settings=\"{&quot;animation&quot;:&quot;fadeInUp&quot;,&quot;animation_delay&quot;:480}\">\n\t\t\t\t<div class=\"elementor-element elementor-element-a5e5965 elementor-widget__width-inherit elementor-position-top elementor-widget elementor-widget-image-box\" data-id=\"a5e5965\" data-element_type=\"widget\" data-e-type=\"widget\" data-widget_type=\"image-box.default\">\n\t\t\t\t<div class=\"elementor-widget-container\">\n\t\t\t\t\t<div class=\"elementor-image-box-wrapper\"><figure class=\"elementor-image-box-img\"><a href=\"https:\/\/artyplan.com\/impresion\/papeleria-corporativa\/\" tabindex=\"-1\"><img loading=\"lazy\" decoding=\"async\" width=\"1536\" height=\"1024\" src=\"https:\/\/artyplan.com\/wp-content\/uploads\/2025\/08\/papeleria-corporativa-solviant.png\" class=\"elementor-animation-grow attachment-full size-full wp-image-2413\" alt=\"Papereria corporativa\" \/><\/a><\/figure><div class=\"elementor-image-box-content\"><h2 class=\"elementor-image-box-title\"><a href=\"https:\/\/artyplan.com\/impresion\/papeleria-corporativa\/\">Papereria corporativa<\/a><\/h2><\/div><\/div>\t\t\t\t<\/div>\n\t\t\t\t<\/div>\n\t\t\t\t<\/article>\n\t\t<article class=\"elementor-element elementor-element-70f7f7c e-con-full e-flex elementor-invisible e-con e-child\" data-id=\"70f7f7c\" data-element_type=\"container\" data-e-type=\"container\" data-settings=\"{&quot;animation&quot;:&quot;fadeInUp&quot;,&quot;animation_delay&quot;:600}\">\n\t\t\t\t<div class=\"elementor-element elementor-element-12d04d8 elementor-widget__width-inherit elementor-position-top elementor-widget elementor-widget-image-box\" data-id=\"12d04d8\" data-element_type=\"widget\" data-e-type=\"widget\" data-widget_type=\"image-box.default\">\n\t\t\t\t<div class=\"elementor-widget-container\">\n\t\t\t\t\t<div class=\"elementor-image-box-wrapper\"><figure class=\"elementor-image-box-img\"><a href=\"https:\/\/artyplan.com\/impresion\/material-promocional\/\" tabindex=\"-1\"><img loading=\"lazy\" decoding=\"async\" width=\"1536\" height=\"1024\" src=\"https:\/\/artyplan.com\/wp-content\/uploads\/2025\/08\/material-promocional.png\" class=\"elementor-animation-grow attachment-full size-full wp-image-2416\" alt=\"Material promocional\" \/><\/a><\/figure><div class=\"elementor-image-box-content\"><h2 class=\"elementor-image-box-title\"><a href=\"https:\/\/artyplan.com\/impresion\/material-promocional\/\">Material promocional<\/a><\/h2><\/div><\/div>\t\t\t\t<\/div>\n\t\t\t\t<\/div>\n\t\t\t\t<\/article>\n\t\t\t\t\t<\/div>\n\t\t\t\t<\/section>\n\t\t<section class=\"elementor-element elementor-element-759612b e-con-full e-flex e-con e-child\" data-id=\"759612b\" data-element_type=\"container\" data-e-type=\"container\" data-settings=\"{&quot;background_background&quot;:&quot;classic&quot;}\">\n\t\t<div class=\"elementor-element elementor-element-9eb657a e-con-full e-flex e-con e-child\" data-id=\"9eb657a\" data-element_type=\"container\" data-e-type=\"container\">\n\t\t\t\t<div class=\"elementor-element elementor-element-e7c9781 elementor-widget__width-initial elementor-invisible elementor-widget elementor-widget-heading\" data-id=\"e7c9781\" data-element_type=\"widget\" data-e-type=\"widget\" data-settings=\"{&quot;_animation&quot;:&quot;fadeInUp&quot;,&quot;_animation_delay&quot;:240}\" data-widget_type=\"heading.default\">\n\t\t\t\t<div class=\"elementor-widget-container\">\n\t\t\t\t\t<h3 class=\"elementor-heading-title elementor-size-default\">NO TROBES EL QUE BUSQUES? <\/h3>\t\t\t\t<\/div>\n\t\t\t\t<\/div>\n\t\t\t\t<div class=\"elementor-element elementor-element-bf0fd78 elementor-widget__width-initial elementor-widget elementor-widget-heading\" data-id=\"bf0fd78\" data-element_type=\"widget\" data-e-type=\"widget\" data-settings=\"{&quot;_animation&quot;:&quot;none&quot;,&quot;_animation_delay&quot;:480}\" data-widget_type=\"heading.default\">\n\t\t\t\t<div class=\"elementor-widget-container\">\n\t\t\t\t\t<h4 class=\"elementor-heading-title elementor-size-default\">No ho dubtis i contacta\u2019ns. Et podem ajudar.  <\/h4>\t\t\t\t<\/div>\n\t\t\t\t<\/div>\n\t\t\t\t<div class=\"elementor-element elementor-element-f9e9c34 elementor-align-center elementor-widget-mobile__width-inherit animated-fast elementor-invisible elementor-widget elementor-widget-button\" data-id=\"f9e9c34\" data-element_type=\"widget\" data-e-type=\"widget\" data-settings=\"{&quot;_animation&quot;:&quot;fadeInDown&quot;,&quot;_animation_delay&quot;:0}\" data-widget_type=\"button.default\">\n\t\t\t\t<div class=\"elementor-widget-container\">\n\t\t\t\t\t\t\t\t\t<div class=\"elementor-button-wrapper\">\n\t\t\t\t\t<a class=\"elementor-button elementor-button-link elementor-size-md\" href=\"https:\/\/artyplan.com\/ca\/contacte\/\">\n\t\t\t\t\t\t<span class=\"elementor-button-content-wrapper\">\n\t\t\t\t\t\t<span class=\"elementor-button-icon\">\n\t\t\t\t<i aria-hidden=\"true\" class=\"fas fa-comments\"><\/i>\t\t\t<\/span>\n\t\t\t\t\t\t\t\t\t<span class=\"elementor-button-text\">Parla amb un expert<\/span>\n\t\t\t\t\t<\/span>\n\t\t\t\t\t<\/a>\n\t\t\t\t<\/div>\n\t\t\t\t\t\t\t\t<\/div>\n\t\t\t\t<\/div>\n\t\t\t\t<\/div>\n\t\t\t\t<\/section>\n\t\t\t\t<\/div>\n\t\t\t\t<\/div>\n\t\t","protected":false},"excerpt":{"rendered":"<p>Impressi\u00f3 en gran format Expositors publicitaris i displays Suports publicitaris Impressi\u00f3 comercial i publicacions Papereria corporativa Material promocional NO TROBES EL QUE BUSQUES? No ho dubtis i contacta\u2019ns. Et podem ajudar. Parla amb un expert<\/p>\n","protected":false},"author":4,"featured_media":0,"parent":0,"menu_order":0,"comment_status":"closed","ping_status":"closed","template":"elementor_header_footer","meta":{"footnotes":""},"class_list":["post-12914","page","type-page","status-publish","hentry"],"yoast_head":"<!-- This site is optimized with the Yoast SEO Premium plugin v26.5 (Yoast SEO v26.5) - https:\/\/yoast.com\/wordpress\/plugins\/seo\/ -->\n<title>Serveis d\u2019impressi\u00f3 i assessorament per a empreses<\/title>\n<meta name=\"description\" content=\"Parla amb un expert i descobreix com els nostres serveis d\u2019impressi\u00f3 poden transformar les teves idees en productes impresos.\" \/>\n<meta name=\"robots\" content=\"index, follow, max-snippet:-1, max-image-preview:large, max-video-preview:-1\" \/>\n<link rel=\"canonical\" href=\"https:\/\/artyplan.com\/ca\/impressio\/\" \/>\n<meta property=\"og:locale\" content=\"ca_ES\" \/>\n<meta property=\"og:type\" content=\"article\" \/>\n<meta property=\"og:title\" content=\"Impressi\u00f3\" \/>\n<meta property=\"og:description\" content=\"Parla amb un expert i descobreix com els nostres serveis d\u2019impressi\u00f3 poden transformar les teves idees en productes impresos.\" \/>\n<meta property=\"og:url\" content=\"https:\/\/artyplan.com\/ca\/impressio\/\" \/>\n<meta property=\"og:site_name\" content=\"Artyplan\" \/>\n<meta property=\"article:publisher\" content=\"https:\/\/www.facebook.com\/artyplan\" \/>\n<meta property=\"article:modified_time\" content=\"2026-02-23T15:38:22+00:00\" \/>\n<meta property=\"og:image\" content=\"https:\/\/artyplan.com\/wp-content\/uploads\/2025\/07\/Lonas-para-publicidad-1024x681.png\" \/>\n\t<meta property=\"og:image:width\" content=\"1024\" \/>\n\t<meta property=\"og:image:height\" content=\"681\" \/>\n\t<meta property=\"og:image:type\" content=\"image\/png\" \/>\n<meta name=\"twitter:card\" content=\"summary_large_image\" \/>\n<meta name=\"twitter:label1\" content=\"Temps estimat de lectura\" \/>\n\t<meta name=\"twitter:data1\" content=\"2 minuts\" \/>\n<script type=\"application\/ld+json\" class=\"yoast-schema-graph\">{\"@context\":\"https:\/\/schema.org\",\"@graph\":[{\"@type\":\"WebPage\",\"@id\":\"https:\/\/artyplan.com\/ca\/impressio\/\",\"url\":\"https:\/\/artyplan.com\/ca\/impressio\/\",\"name\":\"Serveis d\u2019impressi\u00f3 i assessorament per a empreses\",\"isPartOf\":{\"@id\":\"https:\/\/artyplan.com\/ca\/#website\"},\"primaryImageOfPage\":{\"@id\":\"https:\/\/artyplan.com\/ca\/impressio\/#primaryimage\"},\"image\":{\"@id\":\"https:\/\/artyplan.com\/ca\/impressio\/#primaryimage\"},\"thumbnailUrl\":\"https:\/\/artyplan.com\/wp-content\/uploads\/2025\/07\/Lonas-para-publicidad-scaled.png\",\"datePublished\":\"2025-11-20T13:05:40+00:00\",\"dateModified\":\"2026-02-23T15:38:22+00:00\",\"description\":\"Parla amb un expert i descobreix com els nostres serveis d\u2019impressi\u00f3 poden transformar les teves idees en productes impresos.\",\"breadcrumb\":{\"@id\":\"https:\/\/artyplan.com\/ca\/impressio\/#breadcrumb\"},\"inLanguage\":\"ca\",\"potentialAction\":[{\"@type\":\"ReadAction\",\"target\":[\"https:\/\/artyplan.com\/ca\/impressio\/\"]}]},{\"@type\":\"ImageObject\",\"inLanguage\":\"ca\",\"@id\":\"https:\/\/artyplan.com\/ca\/impressio\/#primaryimage\",\"url\":\"https:\/\/artyplan.com\/wp-content\/uploads\/2025\/07\/Lonas-para-publicidad-scaled.png\",\"contentUrl\":\"https:\/\/artyplan.com\/wp-content\/uploads\/2025\/07\/Lonas-para-publicidad-scaled.png\"},{\"@type\":\"BreadcrumbList\",\"@id\":\"https:\/\/artyplan.com\/ca\/impressio\/#breadcrumb\",\"itemListElement\":[{\"@type\":\"ListItem\",\"position\":1,\"name\":\"Artyplan\",\"item\":\"https:\/\/artyplan.com\/ca\/\"},{\"@type\":\"ListItem\",\"position\":2,\"name\":\"Impressi\u00f3\"}]},{\"@type\":\"WebSite\",\"@id\":\"https:\/\/artyplan.com\/ca\/#website\",\"url\":\"https:\/\/artyplan.com\/ca\/\",\"name\":\"Artyplan\",\"description\":\"\",\"publisher\":{\"@id\":\"https:\/\/artyplan.com\/ca\/#organization\"},\"potentialAction\":[{\"@type\":\"SearchAction\",\"target\":{\"@type\":\"EntryPoint\",\"urlTemplate\":\"https:\/\/artyplan.com\/ca\/?s={search_term_string}\"},\"query-input\":{\"@type\":\"PropertyValueSpecification\",\"valueRequired\":true,\"valueName\":\"search_term_string\"}}],\"inLanguage\":\"ca\"},{\"@type\":\"Organization\",\"@id\":\"https:\/\/artyplan.com\/ca\/#organization\",\"name\":\"Artyplan\",\"url\":\"https:\/\/artyplan.com\/ca\/\",\"logo\":{\"@type\":\"ImageObject\",\"inLanguage\":\"ca\",\"@id\":\"https:\/\/artyplan.com\/ca\/#\/schema\/logo\/image\/\",\"url\":\"https:\/\/artyplan.com\/wp-content\/uploads\/2025\/12\/Logo-artyplan-690x690-1.png\",\"contentUrl\":\"https:\/\/artyplan.com\/wp-content\/uploads\/2025\/12\/Logo-artyplan-690x690-1.png\",\"width\":690,\"height\":690,\"caption\":\"Artyplan\"},\"image\":{\"@id\":\"https:\/\/artyplan.com\/ca\/#\/schema\/logo\/image\/\"},\"sameAs\":[\"https:\/\/www.facebook.com\/artyplan\",\"https:\/\/www.instagram.com\/artyplan\/\",\"https:\/\/www.linkedin.com\/company\/artyplan\"],\"description\":\"Artyplan \u00e9s una empresa especialitzada en producci\u00f3 gr\u00e0fica i comunicaci\u00f3 visual amb 60 anys dexperi\u00e8ncia. Oferim solucions integrals d'impressi\u00f3 en gran format, PLV i retail, gesti\u00f3 d'esdeveniments i fires, disseny i fabricaci\u00f3 a mida, log\u00edstica i serveis d'instal\u00b7laci\u00f3 a tot el territori. Treballem per a marques, ag\u00e8ncies, espais comercials i institucions que necessiten un partner fiable per desenvolupar campanyes de m\u00e0rqueting, projectes de retail i accions de branding o m\u00e0rqueting. Combinem tecnologia avan\u00e7ada d\u00b4impressi\u00f3 digital, un equip expert i una gesti\u00f3 completa de projectes per garantir qualitat, agilitat i resultats a mida per a cada client. Disposem de plataformes B2B que faciliten als nostres clients la gesti\u00f3 de les comandes de materials impresos aix\u00ed com la log\u00edstica dels mateixos.\",\"email\":\"info@artyplan.com\",\"telephone\":\"+34 93 200 87 99\",\"legalName\":\"Artyplan S.L.\",\"vatID\":\"B61963229\",\"numberOfEmployees\":{\"@type\":\"QuantitativeValue\",\"minValue\":\"51\",\"maxValue\":\"200\"}}]}<\/script>\n<!-- \/ Yoast SEO Premium plugin. -->","yoast_head_json":{"title":"Serveis d\u2019impressi\u00f3 i assessorament per a empreses","description":"Parla amb un expert i descobreix com els nostres serveis d\u2019impressi\u00f3 poden transformar les teves idees en productes impresos.","robots":{"index":"index","follow":"follow","max-snippet":"max-snippet:-1","max-image-preview":"max-image-preview:large","max-video-preview":"max-video-preview:-1"},"canonical":"https:\/\/artyplan.com\/ca\/impressio\/","og_locale":"ca_ES","og_type":"article","og_title":"Impressi\u00f3","og_description":"Parla amb un expert i descobreix com els nostres serveis d\u2019impressi\u00f3 poden transformar les teves idees en productes impresos.","og_url":"https:\/\/artyplan.com\/ca\/impressio\/","og_site_name":"Artyplan","article_publisher":"https:\/\/www.facebook.com\/artyplan","article_modified_time":"2026-02-23T15:38:22+00:00","og_image":[{"width":1024,"height":681,"url":"https:\/\/artyplan.com\/wp-content\/uploads\/2025\/07\/Lonas-para-publicidad-1024x681.png","type":"image\/png"}],"twitter_card":"summary_large_image","twitter_misc":{"Temps estimat de lectura":"2 minuts"},"schema":{"@context":"https:\/\/schema.org","@graph":[{"@type":"WebPage","@id":"https:\/\/artyplan.com\/ca\/impressio\/","url":"https:\/\/artyplan.com\/ca\/impressio\/","name":"Serveis d\u2019impressi\u00f3 i assessorament per a empreses","isPartOf":{"@id":"https:\/\/artyplan.com\/ca\/#website"},"primaryImageOfPage":{"@id":"https:\/\/artyplan.com\/ca\/impressio\/#primaryimage"},"image":{"@id":"https:\/\/artyplan.com\/ca\/impressio\/#primaryimage"},"thumbnailUrl":"https:\/\/artyplan.com\/wp-content\/uploads\/2025\/07\/Lonas-para-publicidad-scaled.png","datePublished":"2025-11-20T13:05:40+00:00","dateModified":"2026-02-23T15:38:22+00:00","description":"Parla amb un expert i descobreix com els nostres serveis d\u2019impressi\u00f3 poden transformar les teves idees en productes impresos.","breadcrumb":{"@id":"https:\/\/artyplan.com\/ca\/impressio\/#breadcrumb"},"inLanguage":"ca","potentialAction":[{"@type":"ReadAction","target":["https:\/\/artyplan.com\/ca\/impressio\/"]}]},{"@type":"ImageObject","inLanguage":"ca","@id":"https:\/\/artyplan.com\/ca\/impressio\/#primaryimage","url":"https:\/\/artyplan.com\/wp-content\/uploads\/2025\/07\/Lonas-para-publicidad-scaled.png","contentUrl":"https:\/\/artyplan.com\/wp-content\/uploads\/2025\/07\/Lonas-para-publicidad-scaled.png"},{"@type":"BreadcrumbList","@id":"https:\/\/artyplan.com\/ca\/impressio\/#breadcrumb","itemListElement":[{"@type":"ListItem","position":1,"name":"Artyplan","item":"https:\/\/artyplan.com\/ca\/"},{"@type":"ListItem","position":2,"name":"Impressi\u00f3"}]},{"@type":"WebSite","@id":"https:\/\/artyplan.com\/ca\/#website","url":"https:\/\/artyplan.com\/ca\/","name":"Artyplan","description":"","publisher":{"@id":"https:\/\/artyplan.com\/ca\/#organization"},"potentialAction":[{"@type":"SearchAction","target":{"@type":"EntryPoint","urlTemplate":"https:\/\/artyplan.com\/ca\/?s={search_term_string}"},"query-input":{"@type":"PropertyValueSpecification","valueRequired":true,"valueName":"search_term_string"}}],"inLanguage":"ca"},{"@type":"Organization","@id":"https:\/\/artyplan.com\/ca\/#organization","name":"Artyplan","url":"https:\/\/artyplan.com\/ca\/","logo":{"@type":"ImageObject","inLanguage":"ca","@id":"https:\/\/artyplan.com\/ca\/#\/schema\/logo\/image\/","url":"https:\/\/artyplan.com\/wp-content\/uploads\/2025\/12\/Logo-artyplan-690x690-1.png","contentUrl":"https:\/\/artyplan.com\/wp-content\/uploads\/2025\/12\/Logo-artyplan-690x690-1.png","width":690,"height":690,"caption":"Artyplan"},"image":{"@id":"https:\/\/artyplan.com\/ca\/#\/schema\/logo\/image\/"},"sameAs":["https:\/\/www.facebook.com\/artyplan","https:\/\/www.instagram.com\/artyplan\/","https:\/\/www.linkedin.com\/company\/artyplan"],"description":"Artyplan \u00e9s una empresa especialitzada en producci\u00f3 gr\u00e0fica i comunicaci\u00f3 visual amb 60 anys dexperi\u00e8ncia. Oferim solucions integrals d'impressi\u00f3 en gran format, PLV i retail, gesti\u00f3 d'esdeveniments i fires, disseny i fabricaci\u00f3 a mida, log\u00edstica i serveis d'instal\u00b7laci\u00f3 a tot el territori. Treballem per a marques, ag\u00e8ncies, espais comercials i institucions que necessiten un partner fiable per desenvolupar campanyes de m\u00e0rqueting, projectes de retail i accions de branding o m\u00e0rqueting. Combinem tecnologia avan\u00e7ada d\u00b4impressi\u00f3 digital, un equip expert i una gesti\u00f3 completa de projectes per garantir qualitat, agilitat i resultats a mida per a cada client. Disposem de plataformes B2B que faciliten als nostres clients la gesti\u00f3 de les comandes de materials impresos aix\u00ed com la log\u00edstica dels mateixos.","email":"info@artyplan.com","telephone":"+34 93 200 87 99","legalName":"Artyplan S.L.","vatID":"B61963229","numberOfEmployees":{"@type":"QuantitativeValue","minValue":"51","maxValue":"200"}}]}},"_links":{"self":[{"href":"https:\/\/artyplan.com\/ca\/wp-json\/wp\/v2\/pages\/12914","targetHints":{"allow":["GET"]}}],"collection":[{"href":"https:\/\/artyplan.com\/ca\/wp-json\/wp\/v2\/pages"}],"about":[{"href":"https:\/\/artyplan.com\/ca\/wp-json\/wp\/v2\/types\/page"}],"author":[{"embeddable":true,"href":"https:\/\/artyplan.com\/ca\/wp-json\/wp\/v2\/users\/4"}],"replies":[{"embeddable":true,"href":"https:\/\/artyplan.com\/ca\/wp-json\/wp\/v2\/comments?post=12914"}],"version-history":[{"count":5,"href":"https:\/\/artyplan.com\/ca\/wp-json\/wp\/v2\/pages\/12914\/revisions"}],"predecessor-version":[{"id":14441,"href":"https:\/\/artyplan.com\/ca\/wp-json\/wp\/v2\/pages\/12914\/revisions\/14441"}],"wp:attachment":[{"href":"https:\/\/artyplan.com\/ca\/wp-json\/wp\/v2\/media?parent=12914"}],"curies":[{"name":"wp","href":"https:\/\/api.w.org\/{rel}","templated":true}]}}