{"id":13848,"date":"2025-09-11T09:40:07","date_gmt":"2025-09-11T07:40:07","guid":{"rendered":"https:\/\/artyplan.com\/success-stories\/"},"modified":"2026-02-19T13:19:38","modified_gmt":"2026-02-19T11:19:38","slug":"success-stories","status":"publish","type":"page","link":"https:\/\/artyplan.com\/en\/success-stories\/","title":{"rendered":"Success stories"},"content":{"rendered":"\t\t<div data-elementor-type=\"wp-page\" data-elementor-id=\"13848\" class=\"elementor elementor-13848 elementor-8668\" data-elementor-post-type=\"page\">\n\t\t\t\t<div class=\"elementor-element elementor-element-192ea40 e-con-full e-flex e-con e-parent\" data-id=\"192ea40\" data-element_type=\"container\" data-e-type=\"container\">\n\t\t<div class=\"elementor-element elementor-element-7fc6a42 e-con-full e-flex e-con e-child\" data-id=\"7fc6a42\" data-element_type=\"container\" data-e-type=\"container\">\n\t\t<div class=\"elementor-element elementor-element-0421c0a e-flex e-con-boxed e-con e-child\" data-id=\"0421c0a\" data-element_type=\"container\" data-e-type=\"container\">\n\t\t\t\t\t<div class=\"e-con-inner\">\n\t\t\t\t<div class=\"elementor-element elementor-element-e70e8b3 elementor-widget elementor-widget-heading\" data-id=\"e70e8b3\" data-element_type=\"widget\" data-e-type=\"widget\" data-widget_type=\"heading.default\">\n\t\t\t\t<div class=\"elementor-widget-container\">\n\t\t\t\t\t<h1 class=\"elementor-heading-title elementor-size-default\">Success stories<\/h1>\t\t\t\t<\/div>\n\t\t\t\t<\/div>\n\t\t\t\t\t<\/div>\n\t\t\t\t<\/div>\n\t\t\t\t<\/div>\n\t\t\t\t<\/div>\n\t\t<div class=\"elementor-element elementor-element-2287d84 e-flex e-con-boxed e-con e-parent\" data-id=\"2287d84\" data-element_type=\"container\" data-e-type=\"container\">\n\t\t\t\t\t<div class=\"e-con-inner\">\n\t\t<div class=\"elementor-element elementor-element-8a92b4f e-flex e-con-boxed e-con e-child\" data-id=\"8a92b4f\" data-element_type=\"container\" data-e-type=\"container\">\n\t\t\t\t\t<div class=\"e-con-inner\">\n\t\t<div class=\"elementor-element elementor-element-9de9950 e-flex e-con-boxed e-con e-child\" data-id=\"9de9950\" data-element_type=\"container\" data-e-type=\"container\">\n\t\t\t\t\t<div class=\"e-con-inner\">\n\t\t\t\t<div class=\"elementor-element elementor-element-70ac30c elementor-widget__width-initial elementor-headline--style-highlight elementor-widget elementor-widget-animated-headline\" data-id=\"70ac30c\" data-element_type=\"widget\" data-e-type=\"widget\" data-settings=\"{&quot;marker&quot;:&quot;underline&quot;,&quot;highlighted_text&quot;:&quot;have supported&quot;,&quot;headline_style&quot;:&quot;highlight&quot;,&quot;loop&quot;:&quot;yes&quot;,&quot;highlight_animation_duration&quot;:1200,&quot;highlight_iteration_delay&quot;:8000}\" data-widget_type=\"animated-headline.default\">\n\t\t\t\t<div class=\"elementor-widget-container\">\n\t\t\t\t\t\t\t<h2 class=\"elementor-headline\">\n\t\t\t\t\t<span class=\"elementor-headline-plain-text elementor-headline-text-wrapper\">We present some clients we<\/span>\n\t\t\t\t<span class=\"elementor-headline-dynamic-wrapper elementor-headline-text-wrapper\">\n\t\t\t\t\t<span class=\"elementor-headline-dynamic-text elementor-headline-text-active\">have supported<\/span>\n\t\t\t\t<\/span>\n\t\t\t\t<\/h2>\n\t\t\t\t\t\t<\/div>\n\t\t\t\t<\/div>\n\t\t\t\t\t<\/div>\n\t\t\t\t<\/div>\n\t\t\t\t\t<\/div>\n\t\t\t\t<\/div>\n\t\t\t\t\t<\/div>\n\t\t\t\t<\/div>\n\t\t\t\t<\/div>\n\t\t","protected":false},"excerpt":{"rendered":"<p>Success stories We present some clients we have supported<\/p>\n","protected":false},"author":4,"featured_media":13847,"parent":0,"menu_order":0,"comment_status":"closed","ping_status":"closed","template":"elementor_header_footer","meta":{"footnotes":""},"class_list":["post-13848","page","type-page","status-publish","has-post-thumbnail","hentry"],"yoast_head":"<!-- This site is optimized with the Yoast SEO Premium plugin v26.5 (Yoast SEO v26.5) - https:\/\/yoast.com\/wordpress\/plugins\/seo\/ -->\n<title>Success stories - Artyplan<\/title>\n<meta name=\"description\" content=\"From concept to point of sale: technical consultancy, premium printing, professional finishing and on-time delivery with Artyplan.\" \/>\n<meta name=\"robots\" content=\"index, follow, max-snippet:-1, max-image-preview:large, max-video-preview:-1\" \/>\n<link rel=\"canonical\" href=\"https:\/\/artyplan.com\/en\/success-stories\/\" \/>\n<meta property=\"og:locale\" content=\"en_US\" \/>\n<meta property=\"og:type\" content=\"article\" \/>\n<meta property=\"og:title\" content=\"Success stories\" \/>\n<meta property=\"og:description\" content=\"From concept to point of sale: technical consultancy, premium printing, professional finishing and on-time delivery with Artyplan.\" \/>\n<meta property=\"og:url\" content=\"https:\/\/artyplan.com\/en\/success-stories\/\" \/>\n<meta property=\"og:site_name\" content=\"Artyplan\" \/>\n<meta property=\"article:publisher\" content=\"https:\/\/www.facebook.com\/artyplan\" \/>\n<meta property=\"article:modified_time\" content=\"2026-02-19T11:19:38+00:00\" \/>\n<meta property=\"og:image\" content=\"https:\/\/artyplan.com\/wp-content\/uploads\/2025\/09\/casos-exito.png\" \/>\n\t<meta property=\"og:image:width\" content=\"1344\" \/>\n\t<meta property=\"og:image:height\" content=\"768\" \/>\n\t<meta property=\"og:image:type\" content=\"image\/png\" \/>\n<meta name=\"twitter:card\" content=\"summary_large_image\" \/>\n<script type=\"application\/ld+json\" class=\"yoast-schema-graph\">{\"@context\":\"https:\/\/schema.org\",\"@graph\":[{\"@type\":\"WebPage\",\"@id\":\"https:\/\/artyplan.com\/en\/success-stories\/\",\"url\":\"https:\/\/artyplan.com\/en\/success-stories\/\",\"name\":\"Success stories - Artyplan\",\"isPartOf\":{\"@id\":\"https:\/\/artyplan.com\/en\/#website\"},\"primaryImageOfPage\":{\"@id\":\"https:\/\/artyplan.com\/en\/success-stories\/#primaryimage\"},\"image\":{\"@id\":\"https:\/\/artyplan.com\/en\/success-stories\/#primaryimage\"},\"thumbnailUrl\":\"https:\/\/artyplan.com\/wp-content\/uploads\/2025\/09\/casos-exito.png\",\"datePublished\":\"2025-09-11T07:40:07+00:00\",\"dateModified\":\"2026-02-19T11:19:38+00:00\",\"description\":\"From concept to point of sale: technical consultancy, premium printing, professional finishing and on-time delivery with Artyplan.\",\"breadcrumb\":{\"@id\":\"https:\/\/artyplan.com\/en\/success-stories\/#breadcrumb\"},\"inLanguage\":\"en-US\",\"potentialAction\":[{\"@type\":\"ReadAction\",\"target\":[\"https:\/\/artyplan.com\/en\/success-stories\/\"]}]},{\"@type\":\"ImageObject\",\"inLanguage\":\"en-US\",\"@id\":\"https:\/\/artyplan.com\/en\/success-stories\/#primaryimage\",\"url\":\"https:\/\/artyplan.com\/wp-content\/uploads\/2025\/09\/casos-exito.png\",\"contentUrl\":\"https:\/\/artyplan.com\/wp-content\/uploads\/2025\/09\/casos-exito.png\",\"width\":1344,\"height\":768,\"caption\":\"Success stories\"},{\"@type\":\"BreadcrumbList\",\"@id\":\"https:\/\/artyplan.com\/en\/success-stories\/#breadcrumb\",\"itemListElement\":[{\"@type\":\"ListItem\",\"position\":1,\"name\":\"Artyplan\",\"item\":\"https:\/\/artyplan.com\/en\/\"},{\"@type\":\"ListItem\",\"position\":2,\"name\":\"Success stories\"}]},{\"@type\":\"WebSite\",\"@id\":\"https:\/\/artyplan.com\/en\/#website\",\"url\":\"https:\/\/artyplan.com\/en\/\",\"name\":\"Artyplan\",\"description\":\"\",\"publisher\":{\"@id\":\"https:\/\/artyplan.com\/en\/#organization\"},\"potentialAction\":[{\"@type\":\"SearchAction\",\"target\":{\"@type\":\"EntryPoint\",\"urlTemplate\":\"https:\/\/artyplan.com\/en\/?s={search_term_string}\"},\"query-input\":{\"@type\":\"PropertyValueSpecification\",\"valueRequired\":true,\"valueName\":\"search_term_string\"}}],\"inLanguage\":\"en-US\"},{\"@type\":\"Organization\",\"@id\":\"https:\/\/artyplan.com\/en\/#organization\",\"name\":\"Artyplan\",\"url\":\"https:\/\/artyplan.com\/en\/\",\"logo\":{\"@type\":\"ImageObject\",\"inLanguage\":\"en-US\",\"@id\":\"https:\/\/artyplan.com\/en\/#\/schema\/logo\/image\/\",\"url\":\"https:\/\/artyplan.com\/wp-content\/uploads\/2025\/12\/Logo-artyplan-690x690-1.png\",\"contentUrl\":\"https:\/\/artyplan.com\/wp-content\/uploads\/2025\/12\/Logo-artyplan-690x690-1.png\",\"width\":690,\"height\":690,\"caption\":\"Artyplan\"},\"image\":{\"@id\":\"https:\/\/artyplan.com\/en\/#\/schema\/logo\/image\/\"},\"sameAs\":[\"https:\/\/www.facebook.com\/artyplan\",\"https:\/\/www.instagram.com\/artyplan\/\",\"https:\/\/www.linkedin.com\/company\/artyplan\"],\"description\":\"Artyplan es una empresa especializada en producci\u00f3n gr\u00e1fica y comunicaci\u00f3n visual con 60 a\u00f1os de experiencia. Ofrecemos soluciones integrales de impresi\u00f3n en gran formato, PLV y retail, gesti\u00f3n de eventos y ferias, dise\u00f1o y fabricaci\u00f3n a medida, log\u00edstica y servicios de instalaci\u00f3n en todo el territorio. Trabajamos para marcas, agencias, espacios comerciales e instituciones que necesitan un partner fiable para desarrollar campa\u00f1as de marketing, proyectos de retail y acciones de branding o marketing. Combinamos tecnolog\u00eda avanzada de impresi\u00f3n digital, un equipo experto y una gesti\u00f3n completa de proyectos para garantizar calidad, agilidad y resultados a medida para cada cliente. Disponemos de plataformas B2B que facilitan a nuestros clientes la gesti\u00f3n de sus pedidos de materiales impresos as\u00ed como la log\u00edstica de los mismos.\",\"email\":\"info@artyplan.com\",\"telephone\":\"+34 93 200 87 99\",\"legalName\":\"Artyplan S.L.\",\"vatID\":\"B61963229\",\"numberOfEmployees\":{\"@type\":\"QuantitativeValue\",\"minValue\":\"51\",\"maxValue\":\"200\"}}]}<\/script>\n<!-- \/ Yoast SEO Premium plugin. -->","yoast_head_json":{"title":"Success stories - Artyplan","description":"From concept to point of sale: technical consultancy, premium printing, professional finishing and on-time delivery with Artyplan.","robots":{"index":"index","follow":"follow","max-snippet":"max-snippet:-1","max-image-preview":"max-image-preview:large","max-video-preview":"max-video-preview:-1"},"canonical":"https:\/\/artyplan.com\/en\/success-stories\/","og_locale":"en_US","og_type":"article","og_title":"Success stories","og_description":"From concept to point of sale: technical consultancy, premium printing, professional finishing and on-time delivery with Artyplan.","og_url":"https:\/\/artyplan.com\/en\/success-stories\/","og_site_name":"Artyplan","article_publisher":"https:\/\/www.facebook.com\/artyplan","article_modified_time":"2026-02-19T11:19:38+00:00","og_image":[{"width":1344,"height":768,"url":"https:\/\/artyplan.com\/wp-content\/uploads\/2025\/09\/casos-exito.png","type":"image\/png"}],"twitter_card":"summary_large_image","schema":{"@context":"https:\/\/schema.org","@graph":[{"@type":"WebPage","@id":"https:\/\/artyplan.com\/en\/success-stories\/","url":"https:\/\/artyplan.com\/en\/success-stories\/","name":"Success stories - Artyplan","isPartOf":{"@id":"https:\/\/artyplan.com\/en\/#website"},"primaryImageOfPage":{"@id":"https:\/\/artyplan.com\/en\/success-stories\/#primaryimage"},"image":{"@id":"https:\/\/artyplan.com\/en\/success-stories\/#primaryimage"},"thumbnailUrl":"https:\/\/artyplan.com\/wp-content\/uploads\/2025\/09\/casos-exito.png","datePublished":"2025-09-11T07:40:07+00:00","dateModified":"2026-02-19T11:19:38+00:00","description":"From concept to point of sale: technical consultancy, premium printing, professional finishing and on-time delivery with Artyplan.","breadcrumb":{"@id":"https:\/\/artyplan.com\/en\/success-stories\/#breadcrumb"},"inLanguage":"en-US","potentialAction":[{"@type":"ReadAction","target":["https:\/\/artyplan.com\/en\/success-stories\/"]}]},{"@type":"ImageObject","inLanguage":"en-US","@id":"https:\/\/artyplan.com\/en\/success-stories\/#primaryimage","url":"https:\/\/artyplan.com\/wp-content\/uploads\/2025\/09\/casos-exito.png","contentUrl":"https:\/\/artyplan.com\/wp-content\/uploads\/2025\/09\/casos-exito.png","width":1344,"height":768,"caption":"Success stories"},{"@type":"BreadcrumbList","@id":"https:\/\/artyplan.com\/en\/success-stories\/#breadcrumb","itemListElement":[{"@type":"ListItem","position":1,"name":"Artyplan","item":"https:\/\/artyplan.com\/en\/"},{"@type":"ListItem","position":2,"name":"Success stories"}]},{"@type":"WebSite","@id":"https:\/\/artyplan.com\/en\/#website","url":"https:\/\/artyplan.com\/en\/","name":"Artyplan","description":"","publisher":{"@id":"https:\/\/artyplan.com\/en\/#organization"},"potentialAction":[{"@type":"SearchAction","target":{"@type":"EntryPoint","urlTemplate":"https:\/\/artyplan.com\/en\/?s={search_term_string}"},"query-input":{"@type":"PropertyValueSpecification","valueRequired":true,"valueName":"search_term_string"}}],"inLanguage":"en-US"},{"@type":"Organization","@id":"https:\/\/artyplan.com\/en\/#organization","name":"Artyplan","url":"https:\/\/artyplan.com\/en\/","logo":{"@type":"ImageObject","inLanguage":"en-US","@id":"https:\/\/artyplan.com\/en\/#\/schema\/logo\/image\/","url":"https:\/\/artyplan.com\/wp-content\/uploads\/2025\/12\/Logo-artyplan-690x690-1.png","contentUrl":"https:\/\/artyplan.com\/wp-content\/uploads\/2025\/12\/Logo-artyplan-690x690-1.png","width":690,"height":690,"caption":"Artyplan"},"image":{"@id":"https:\/\/artyplan.com\/en\/#\/schema\/logo\/image\/"},"sameAs":["https:\/\/www.facebook.com\/artyplan","https:\/\/www.instagram.com\/artyplan\/","https:\/\/www.linkedin.com\/company\/artyplan"],"description":"Artyplan es una empresa especializada en producci\u00f3n gr\u00e1fica y comunicaci\u00f3n visual con 60 a\u00f1os de experiencia. Ofrecemos soluciones integrales de impresi\u00f3n en gran formato, PLV y retail, gesti\u00f3n de eventos y ferias, dise\u00f1o y fabricaci\u00f3n a medida, log\u00edstica y servicios de instalaci\u00f3n en todo el territorio. Trabajamos para marcas, agencias, espacios comerciales e instituciones que necesitan un partner fiable para desarrollar campa\u00f1as de marketing, proyectos de retail y acciones de branding o marketing. Combinamos tecnolog\u00eda avanzada de impresi\u00f3n digital, un equipo experto y una gesti\u00f3n completa de proyectos para garantizar calidad, agilidad y resultados a medida para cada cliente. Disponemos de plataformas B2B que facilitan a nuestros clientes la gesti\u00f3n de sus pedidos de materiales impresos as\u00ed como la log\u00edstica de los mismos.","email":"info@artyplan.com","telephone":"+34 93 200 87 99","legalName":"Artyplan S.L.","vatID":"B61963229","numberOfEmployees":{"@type":"QuantitativeValue","minValue":"51","maxValue":"200"}}]}},"_links":{"self":[{"href":"https:\/\/artyplan.com\/en\/wp-json\/wp\/v2\/pages\/13848","targetHints":{"allow":["GET"]}}],"collection":[{"href":"https:\/\/artyplan.com\/en\/wp-json\/wp\/v2\/pages"}],"about":[{"href":"https:\/\/artyplan.com\/en\/wp-json\/wp\/v2\/types\/page"}],"author":[{"embeddable":true,"href":"https:\/\/artyplan.com\/en\/wp-json\/wp\/v2\/users\/4"}],"replies":[{"embeddable":true,"href":"https:\/\/artyplan.com\/en\/wp-json\/wp\/v2\/comments?post=13848"}],"version-history":[{"count":1,"href":"https:\/\/artyplan.com\/en\/wp-json\/wp\/v2\/pages\/13848\/revisions"}],"predecessor-version":[{"id":13849,"href":"https:\/\/artyplan.com\/en\/wp-json\/wp\/v2\/pages\/13848\/revisions\/13849"}],"wp:featuredmedia":[{"embeddable":true,"href":"https:\/\/artyplan.com\/en\/wp-json\/wp\/v2\/media\/13847"}],"wp:attachment":[{"href":"https:\/\/artyplan.com\/en\/wp-json\/wp\/v2\/media?parent=13848"}],"curies":[{"name":"wp","href":"https:\/\/api.w.org\/{rel}","templated":true}]}}