{"id":13954,"date":"2023-06-27T19:54:16","date_gmt":"2023-06-27T17:54:16","guid":{"rendered":"https:\/\/artyplan.com\/company\/"},"modified":"2026-02-19T16:29:01","modified_gmt":"2026-02-19T14:29:01","slug":"company","status":"publish","type":"page","link":"https:\/\/artyplan.com\/en\/company\/","title":{"rendered":"Company"},"content":{"rendered":"\t\t<div data-elementor-type=\"wp-page\" data-elementor-id=\"13954\" class=\"elementor elementor-13954 elementor-156\" data-elementor-post-type=\"page\">\n\t\t\t\t<main class=\"elementor-element elementor-element-2c076ff e-con-full e-flex e-con e-parent\" data-id=\"2c076ff\" data-element_type=\"container\" data-e-type=\"container\">\n\t\t<div class=\"elementor-element elementor-element-2b996ff e-con-full e-flex e-con e-child\" data-id=\"2b996ff\" data-element_type=\"container\" data-e-type=\"container\">\n\t\t<div class=\"elementor-element elementor-element-e5a0086 e-flex e-con-boxed e-con e-child\" data-id=\"e5a0086\" data-element_type=\"container\" data-e-type=\"container\">\n\t\t\t\t\t<div class=\"e-con-inner\">\n\t\t\t\t<div class=\"elementor-element elementor-element-f793887 elementor-widget elementor-widget-heading\" data-id=\"f793887\" data-element_type=\"widget\" data-e-type=\"widget\" data-widget_type=\"heading.default\">\n\t\t\t\t<div class=\"elementor-widget-container\">\n\t\t\t\t\t<span class=\"elementor-heading-title elementor-size-default\">Company<\/span>\t\t\t\t<\/div>\n\t\t\t\t<\/div>\n\t\t\t\t<div class=\"elementor-element elementor-element-126c441 h1-seo elementor-widget elementor-widget-heading\" data-id=\"126c441\" data-element_type=\"widget\" data-e-type=\"widget\" data-widget_type=\"heading.default\">\n\t\t\t\t<div class=\"elementor-widget-container\">\n\t\t\t\t\t<h1 class=\"elementor-heading-title elementor-size-default\">Print production and visual communication company<\/h1>\t\t\t\t<\/div>\n\t\t\t\t<\/div>\n\t\t\t\t<div class=\"elementor-element elementor-element-896784d elementor-widget elementor-widget-breadcrumbs\" data-id=\"896784d\" data-element_type=\"widget\" data-e-type=\"widget\" data-widget_type=\"breadcrumbs.default\">\n\t\t\t\t<div class=\"elementor-widget-container\">\n\t\t\t\t\t<p id=\"breadcrumbs\"><span><span><a href=\"https:\/\/artyplan.com\/en\/\">Artyplan<\/a><\/span><\/span><\/p>\t\t\t\t<\/div>\n\t\t\t\t<\/div>\n\t\t\t\t\t<\/div>\n\t\t\t\t<\/div>\n\t\t<section class=\"elementor-element elementor-element-e8aac8a e-flex e-con-boxed e-con e-child\" data-id=\"e8aac8a\" data-element_type=\"container\" data-e-type=\"container\">\n\t\t\t\t\t<div class=\"e-con-inner\">\n\t\t<article class=\"elementor-element elementor-element-da9940a e-con-full e-flex elementor-invisible e-con e-child\" data-id=\"da9940a\" data-element_type=\"container\" data-e-type=\"container\" data-settings=\"{&quot;animation&quot;:&quot;fadeInUp&quot;}\">\n\t\t\t\t<div class=\"elementor-element elementor-element-ef9025b elementor-widget__width-inherit elementor-position-top elementor-widget elementor-widget-image-box\" data-id=\"ef9025b\" data-element_type=\"widget\" data-e-type=\"widget\" data-widget_type=\"image-box.default\">\n\t\t\t\t<div class=\"elementor-widget-container\">\n\t\t\t\t\t<div class=\"elementor-image-box-wrapper\"><figure class=\"elementor-image-box-img\"><a href=\"https:\/\/artyplan.com\/en\/company\/about-us\/\" tabindex=\"-1\"><img fetchpriority=\"high\" decoding=\"async\" width=\"1152\" height=\"768\" src=\"https:\/\/artyplan.com\/wp-content\/uploads\/2025\/10\/quienes-somos.png\" class=\"elementor-animation-grow attachment-full size-full wp-image-13951\" alt=\"About us\" srcset=\"https:\/\/artyplan.com\/wp-content\/uploads\/2025\/10\/quienes-somos.png 1152w, https:\/\/artyplan.com\/wp-content\/uploads\/2025\/10\/quienes-somos-300x200.png 300w, https:\/\/artyplan.com\/wp-content\/uploads\/2025\/10\/quienes-somos-1024x683.png 1024w, https:\/\/artyplan.com\/wp-content\/uploads\/2025\/10\/quienes-somos-768x512.png 768w\" sizes=\"(max-width: 1152px) 100vw, 1152px\" \/><\/a><\/figure><div class=\"elementor-image-box-content\"><h2 class=\"elementor-image-box-title\"><a href=\"https:\/\/artyplan.com\/en\/company\/about-us\/\">About us<\/a><\/h2><\/div><\/div>\t\t\t\t<\/div>\n\t\t\t\t<\/div>\n\t\t\t\t<\/article>\n\t\t<article class=\"elementor-element elementor-element-9d1d7b5 e-con-full e-flex elementor-invisible e-con e-child\" data-id=\"9d1d7b5\" data-element_type=\"container\" data-e-type=\"container\" data-settings=\"{&quot;animation&quot;:&quot;fadeInUp&quot;,&quot;animation_delay&quot;:120}\">\n\t\t\t\t<div class=\"elementor-element elementor-element-61305a2 elementor-widget__width-inherit elementor-position-top elementor-widget elementor-widget-image-box\" data-id=\"61305a2\" data-element_type=\"widget\" data-e-type=\"widget\" data-widget_type=\"image-box.default\">\n\t\t\t\t<div class=\"elementor-widget-container\">\n\t\t\t\t\t<div class=\"elementor-image-box-wrapper\"><figure class=\"elementor-image-box-img\"><a href=\"https:\/\/artyplan.com\/en\/company\/sustainable-printing-green-print\/\" tabindex=\"-1\"><img decoding=\"async\" width=\"1152\" height=\"768\" src=\"https:\/\/artyplan.com\/wp-content\/uploads\/2025\/10\/green-print.png\" class=\"elementor-animation-grow attachment-full size-full wp-image-13952\" alt=\"Sustainable printing\" srcset=\"https:\/\/artyplan.com\/wp-content\/uploads\/2025\/10\/green-print.png 1152w, https:\/\/artyplan.com\/wp-content\/uploads\/2025\/10\/green-print-300x200.png 300w, https:\/\/artyplan.com\/wp-content\/uploads\/2025\/10\/green-print-1024x683.png 1024w, https:\/\/artyplan.com\/wp-content\/uploads\/2025\/10\/green-print-768x512.png 768w\" sizes=\"(max-width: 1152px) 100vw, 1152px\" \/><\/a><\/figure><div class=\"elementor-image-box-content\"><h2 class=\"elementor-image-box-title\"><a href=\"https:\/\/artyplan.com\/en\/company\/sustainable-printing-green-print\/\">Sustainable printing \/ Green Print<\/a><\/h2><\/div><\/div>\t\t\t\t<\/div>\n\t\t\t\t<\/div>\n\t\t\t\t<\/article>\n\t\t<article class=\"elementor-element elementor-element-7fc3330 e-con-full e-flex elementor-invisible e-con e-child\" data-id=\"7fc3330\" data-element_type=\"container\" data-e-type=\"container\" data-settings=\"{&quot;animation&quot;:&quot;fadeInUp&quot;,&quot;animation_delay&quot;:240}\">\n\t\t\t\t<div class=\"elementor-element elementor-element-3893c04 elementor-widget__width-inherit elementor-position-top elementor-widget elementor-widget-image-box\" data-id=\"3893c04\" data-element_type=\"widget\" data-e-type=\"widget\" data-widget_type=\"image-box.default\">\n\t\t\t\t<div class=\"elementor-widget-container\">\n\t\t\t\t\t<div class=\"elementor-image-box-wrapper\"><figure class=\"elementor-image-box-img\"><a href=\"https:\/\/artyplan.com\/en\/company\/social-commitment\/\" tabindex=\"-1\"><img decoding=\"async\" width=\"1152\" height=\"768\" src=\"https:\/\/artyplan.com\/wp-content\/uploads\/2025\/10\/comopromiso-social.png\" class=\"elementor-animation-grow attachment-full size-full wp-image-13953\" alt=\"Social commitment\" srcset=\"https:\/\/artyplan.com\/wp-content\/uploads\/2025\/10\/comopromiso-social.png 1152w, https:\/\/artyplan.com\/wp-content\/uploads\/2025\/10\/comopromiso-social-300x200.png 300w, https:\/\/artyplan.com\/wp-content\/uploads\/2025\/10\/comopromiso-social-1024x683.png 1024w, https:\/\/artyplan.com\/wp-content\/uploads\/2025\/10\/comopromiso-social-768x512.png 768w\" sizes=\"(max-width: 1152px) 100vw, 1152px\" \/><\/a><\/figure><div class=\"elementor-image-box-content\"><h2 class=\"elementor-image-box-title\"><a href=\"https:\/\/artyplan.com\/en\/company\/social-commitment\/\">Social commitment<\/a><\/h2><\/div><\/div>\t\t\t\t<\/div>\n\t\t\t\t<\/div>\n\t\t\t\t<\/article>\n\t\t\t\t\t<\/div>\n\t\t\t\t<\/section>\n\t\t<section class=\"elementor-element elementor-element-d8a29a3 e-con-full e-flex e-con e-child\" data-id=\"d8a29a3\" data-element_type=\"container\" data-e-type=\"container\" data-settings=\"{&quot;background_background&quot;:&quot;classic&quot;}\">\n\t\t<div class=\"elementor-element elementor-element-8d9042f e-con-full e-flex e-con e-child\" data-id=\"8d9042f\" data-element_type=\"container\" data-e-type=\"container\">\n\t\t\t\t<div class=\"elementor-element elementor-element-c55c172 elementor-widget__width-initial elementor-invisible elementor-widget elementor-widget-heading\" data-id=\"c55c172\" data-element_type=\"widget\" data-e-type=\"widget\" data-settings=\"{&quot;_animation&quot;:&quot;fadeInUp&quot;,&quot;_animation_delay&quot;:240}\" data-widget_type=\"heading.default\">\n\t\t\t\t<div class=\"elementor-widget-container\">\n\t\t\t\t\t<h2 class=\"elementor-heading-title elementor-size-default\">CAN\u2019T FIND WHAT YOU\u2019RE LOOKING FOR? <\/h2>\t\t\t\t<\/div>\n\t\t\t\t<\/div>\n\t\t\t\t<div class=\"elementor-element elementor-element-54d5aa3 elementor-widget__width-initial elementor-widget elementor-widget-heading\" data-id=\"54d5aa3\" data-element_type=\"widget\" data-e-type=\"widget\" data-settings=\"{&quot;_animation&quot;:&quot;none&quot;,&quot;_animation_delay&quot;:480}\" data-widget_type=\"heading.default\">\n\t\t\t\t<div class=\"elementor-widget-container\">\n\t\t\t\t\t<h3 class=\"elementor-heading-title elementor-size-default\">Don\u2019t hesitate to contact us. We can help.  <\/h3>\t\t\t\t<\/div>\n\t\t\t\t<\/div>\n\t\t\t\t<div class=\"elementor-element elementor-element-829d0c2 elementor-align-center elementor-widget-mobile__width-inherit animated-fast elementor-invisible elementor-widget elementor-widget-button\" data-id=\"829d0c2\" data-element_type=\"widget\" data-e-type=\"widget\" data-settings=\"{&quot;_animation&quot;:&quot;fadeInDown&quot;,&quot;_animation_delay&quot;:0}\" aria-label=\"Acceder a la secci\u00f3n Contacto\" data-widget_type=\"button.default\">\n\t\t\t\t<div class=\"elementor-widget-container\">\n\t\t\t\t\t\t\t\t\t<div class=\"elementor-button-wrapper\">\n\t\t\t\t\t<a class=\"elementor-button elementor-button-link elementor-size-md\" href=\"https:\/\/artyplan.com\/en\/contact\/\">\n\t\t\t\t\t\t<span class=\"elementor-button-content-wrapper\">\n\t\t\t\t\t\t<span class=\"elementor-button-icon\">\n\t\t\t\t<i aria-hidden=\"true\" class=\"fas fa-comments\"><\/i>\t\t\t<\/span>\n\t\t\t\t\t\t\t\t\t<span class=\"elementor-button-text\">Talk to an expert<\/span>\n\t\t\t\t\t<\/span>\n\t\t\t\t\t<\/a>\n\t\t\t\t<\/div>\n\t\t\t\t\t\t\t\t<\/div>\n\t\t\t\t<\/div>\n\t\t\t\t<\/div>\n\t\t\t\t<\/section>\n\t\t\t\t<\/div>\n\t\t\t\t<\/main>\n\t\t\t\t<\/div>\n\t\t","protected":false},"excerpt":{"rendered":"<p>Company Print production and visual communication company About us Sustainable printing \/ Green Print Social commitment CAN\u2019T FIND WHAT YOU\u2019RE LOOKING FOR? Don\u2019t hesitate to contact us. We can help. Talk to an expert<\/p>\n","protected":false},"author":3,"featured_media":0,"parent":0,"menu_order":0,"comment_status":"closed","ping_status":"closed","template":"elementor_header_footer","meta":{"footnotes":""},"class_list":["post-13954","page","type-page","status-publish","hentry"],"yoast_head":"<!-- This site is optimized with the Yoast SEO Premium plugin v26.5 (Yoast SEO v26.5) - https:\/\/yoast.com\/wordpress\/plugins\/seo\/ -->\n<title>Who we are | Artyplan<\/title>\n<meta name=\"description\" content=\"Artyplan company specialised in print production. Full-service visual communication, large-format printing, warehousing and logistics.\" \/>\n<meta name=\"robots\" content=\"index, follow, max-snippet:-1, max-image-preview:large, max-video-preview:-1\" \/>\n<link rel=\"canonical\" href=\"https:\/\/artyplan.com\/en\/company\/\" \/>\n<meta property=\"og:locale\" content=\"en_US\" \/>\n<meta property=\"og:type\" content=\"article\" \/>\n<meta property=\"og:title\" content=\"Company\" \/>\n<meta property=\"og:description\" content=\"Artyplan company specialised in print production. Full-service visual communication, large-format printing, warehousing and logistics.\" \/>\n<meta property=\"og:url\" content=\"https:\/\/artyplan.com\/en\/company\/\" \/>\n<meta property=\"og:site_name\" content=\"Artyplan\" \/>\n<meta property=\"article:publisher\" content=\"https:\/\/www.facebook.com\/artyplan\" \/>\n<meta property=\"article:modified_time\" content=\"2026-02-19T14:29:01+00:00\" \/>\n<meta property=\"og:image\" content=\"https:\/\/artyplan.com\/wp-content\/uploads\/2025\/10\/quienes-somos.png\" \/>\n\t<meta property=\"og:image:width\" content=\"1152\" \/>\n\t<meta property=\"og:image:height\" content=\"768\" \/>\n\t<meta property=\"og:image:type\" content=\"image\/png\" \/>\n<meta name=\"twitter:card\" content=\"summary_large_image\" \/>\n<script type=\"application\/ld+json\" class=\"yoast-schema-graph\">{\"@context\":\"https:\/\/schema.org\",\"@graph\":[{\"@type\":\"WebPage\",\"@id\":\"https:\/\/artyplan.com\/en\/company\/\",\"url\":\"https:\/\/artyplan.com\/en\/company\/\",\"name\":\"Who we are | Artyplan\",\"isPartOf\":{\"@id\":\"https:\/\/artyplan.com\/en\/#website\"},\"primaryImageOfPage\":{\"@id\":\"https:\/\/artyplan.com\/en\/company\/#primaryimage\"},\"image\":{\"@id\":\"https:\/\/artyplan.com\/en\/company\/#primaryimage\"},\"thumbnailUrl\":\"https:\/\/artyplan.com\/wp-content\/uploads\/2025\/10\/quienes-somos.png\",\"datePublished\":\"2023-06-27T17:54:16+00:00\",\"dateModified\":\"2026-02-19T14:29:01+00:00\",\"description\":\"Artyplan company specialised in print production. Full-service visual communication, large-format printing, warehousing and logistics.\",\"breadcrumb\":{\"@id\":\"https:\/\/artyplan.com\/en\/company\/#breadcrumb\"},\"inLanguage\":\"en-US\",\"potentialAction\":[{\"@type\":\"ReadAction\",\"target\":[\"https:\/\/artyplan.com\/en\/company\/\"]}]},{\"@type\":\"ImageObject\",\"inLanguage\":\"en-US\",\"@id\":\"https:\/\/artyplan.com\/en\/company\/#primaryimage\",\"url\":\"https:\/\/artyplan.com\/wp-content\/uploads\/2025\/10\/quienes-somos.png\",\"contentUrl\":\"https:\/\/artyplan.com\/wp-content\/uploads\/2025\/10\/quienes-somos.png\"},{\"@type\":\"BreadcrumbList\",\"@id\":\"https:\/\/artyplan.com\/en\/company\/#breadcrumb\",\"itemListElement\":[{\"@type\":\"ListItem\",\"position\":1,\"name\":\"Artyplan\",\"item\":\"https:\/\/artyplan.com\/en\/\"},{\"@type\":\"ListItem\",\"position\":2,\"name\":\"Company\"}]},{\"@type\":\"WebSite\",\"@id\":\"https:\/\/artyplan.com\/en\/#website\",\"url\":\"https:\/\/artyplan.com\/en\/\",\"name\":\"Artyplan\",\"description\":\"\",\"publisher\":{\"@id\":\"https:\/\/artyplan.com\/en\/#organization\"},\"potentialAction\":[{\"@type\":\"SearchAction\",\"target\":{\"@type\":\"EntryPoint\",\"urlTemplate\":\"https:\/\/artyplan.com\/en\/?s={search_term_string}\"},\"query-input\":{\"@type\":\"PropertyValueSpecification\",\"valueRequired\":true,\"valueName\":\"search_term_string\"}}],\"inLanguage\":\"en-US\"},{\"@type\":\"Organization\",\"@id\":\"https:\/\/artyplan.com\/en\/#organization\",\"name\":\"Artyplan\",\"url\":\"https:\/\/artyplan.com\/en\/\",\"logo\":{\"@type\":\"ImageObject\",\"inLanguage\":\"en-US\",\"@id\":\"https:\/\/artyplan.com\/en\/#\/schema\/logo\/image\/\",\"url\":\"https:\/\/artyplan.com\/wp-content\/uploads\/2025\/12\/Logo-artyplan-690x690-1.png\",\"contentUrl\":\"https:\/\/artyplan.com\/wp-content\/uploads\/2025\/12\/Logo-artyplan-690x690-1.png\",\"width\":690,\"height\":690,\"caption\":\"Artyplan\"},\"image\":{\"@id\":\"https:\/\/artyplan.com\/en\/#\/schema\/logo\/image\/\"},\"sameAs\":[\"https:\/\/www.facebook.com\/artyplan\",\"https:\/\/www.instagram.com\/artyplan\/\",\"https:\/\/www.linkedin.com\/company\/artyplan\"],\"description\":\"Artyplan es una empresa especializada en producci\u00f3n gr\u00e1fica y comunicaci\u00f3n visual con 60 a\u00f1os de experiencia. Ofrecemos soluciones integrales de impresi\u00f3n en gran formato, PLV y retail, gesti\u00f3n de eventos y ferias, dise\u00f1o y fabricaci\u00f3n a medida, log\u00edstica y servicios de instalaci\u00f3n en todo el territorio. Trabajamos para marcas, agencias, espacios comerciales e instituciones que necesitan un partner fiable para desarrollar campa\u00f1as de marketing, proyectos de retail y acciones de branding o marketing. Combinamos tecnolog\u00eda avanzada de impresi\u00f3n digital, un equipo experto y una gesti\u00f3n completa de proyectos para garantizar calidad, agilidad y resultados a medida para cada cliente. Disponemos de plataformas B2B que facilitan a nuestros clientes la gesti\u00f3n de sus pedidos de materiales impresos as\u00ed como la log\u00edstica de los mismos.\",\"email\":\"info@artyplan.com\",\"telephone\":\"+34 93 200 87 99\",\"legalName\":\"Artyplan S.L.\",\"vatID\":\"B61963229\",\"numberOfEmployees\":{\"@type\":\"QuantitativeValue\",\"minValue\":\"51\",\"maxValue\":\"200\"}}]}<\/script>\n<!-- \/ Yoast SEO Premium plugin. -->","yoast_head_json":{"title":"Who we are | Artyplan","description":"Artyplan company specialised in print production. Full-service visual communication, large-format printing, warehousing and logistics.","robots":{"index":"index","follow":"follow","max-snippet":"max-snippet:-1","max-image-preview":"max-image-preview:large","max-video-preview":"max-video-preview:-1"},"canonical":"https:\/\/artyplan.com\/en\/company\/","og_locale":"en_US","og_type":"article","og_title":"Company","og_description":"Artyplan company specialised in print production. Full-service visual communication, large-format printing, warehousing and logistics.","og_url":"https:\/\/artyplan.com\/en\/company\/","og_site_name":"Artyplan","article_publisher":"https:\/\/www.facebook.com\/artyplan","article_modified_time":"2026-02-19T14:29:01+00:00","og_image":[{"width":1152,"height":768,"url":"https:\/\/artyplan.com\/wp-content\/uploads\/2025\/10\/quienes-somos.png","type":"image\/png"}],"twitter_card":"summary_large_image","schema":{"@context":"https:\/\/schema.org","@graph":[{"@type":"WebPage","@id":"https:\/\/artyplan.com\/en\/company\/","url":"https:\/\/artyplan.com\/en\/company\/","name":"Who we are | Artyplan","isPartOf":{"@id":"https:\/\/artyplan.com\/en\/#website"},"primaryImageOfPage":{"@id":"https:\/\/artyplan.com\/en\/company\/#primaryimage"},"image":{"@id":"https:\/\/artyplan.com\/en\/company\/#primaryimage"},"thumbnailUrl":"https:\/\/artyplan.com\/wp-content\/uploads\/2025\/10\/quienes-somos.png","datePublished":"2023-06-27T17:54:16+00:00","dateModified":"2026-02-19T14:29:01+00:00","description":"Artyplan company specialised in print production. Full-service visual communication, large-format printing, warehousing and logistics.","breadcrumb":{"@id":"https:\/\/artyplan.com\/en\/company\/#breadcrumb"},"inLanguage":"en-US","potentialAction":[{"@type":"ReadAction","target":["https:\/\/artyplan.com\/en\/company\/"]}]},{"@type":"ImageObject","inLanguage":"en-US","@id":"https:\/\/artyplan.com\/en\/company\/#primaryimage","url":"https:\/\/artyplan.com\/wp-content\/uploads\/2025\/10\/quienes-somos.png","contentUrl":"https:\/\/artyplan.com\/wp-content\/uploads\/2025\/10\/quienes-somos.png"},{"@type":"BreadcrumbList","@id":"https:\/\/artyplan.com\/en\/company\/#breadcrumb","itemListElement":[{"@type":"ListItem","position":1,"name":"Artyplan","item":"https:\/\/artyplan.com\/en\/"},{"@type":"ListItem","position":2,"name":"Company"}]},{"@type":"WebSite","@id":"https:\/\/artyplan.com\/en\/#website","url":"https:\/\/artyplan.com\/en\/","name":"Artyplan","description":"","publisher":{"@id":"https:\/\/artyplan.com\/en\/#organization"},"potentialAction":[{"@type":"SearchAction","target":{"@type":"EntryPoint","urlTemplate":"https:\/\/artyplan.com\/en\/?s={search_term_string}"},"query-input":{"@type":"PropertyValueSpecification","valueRequired":true,"valueName":"search_term_string"}}],"inLanguage":"en-US"},{"@type":"Organization","@id":"https:\/\/artyplan.com\/en\/#organization","name":"Artyplan","url":"https:\/\/artyplan.com\/en\/","logo":{"@type":"ImageObject","inLanguage":"en-US","@id":"https:\/\/artyplan.com\/en\/#\/schema\/logo\/image\/","url":"https:\/\/artyplan.com\/wp-content\/uploads\/2025\/12\/Logo-artyplan-690x690-1.png","contentUrl":"https:\/\/artyplan.com\/wp-content\/uploads\/2025\/12\/Logo-artyplan-690x690-1.png","width":690,"height":690,"caption":"Artyplan"},"image":{"@id":"https:\/\/artyplan.com\/en\/#\/schema\/logo\/image\/"},"sameAs":["https:\/\/www.facebook.com\/artyplan","https:\/\/www.instagram.com\/artyplan\/","https:\/\/www.linkedin.com\/company\/artyplan"],"description":"Artyplan es una empresa especializada en producci\u00f3n gr\u00e1fica y comunicaci\u00f3n visual con 60 a\u00f1os de experiencia. Ofrecemos soluciones integrales de impresi\u00f3n en gran formato, PLV y retail, gesti\u00f3n de eventos y ferias, dise\u00f1o y fabricaci\u00f3n a medida, log\u00edstica y servicios de instalaci\u00f3n en todo el territorio. Trabajamos para marcas, agencias, espacios comerciales e instituciones que necesitan un partner fiable para desarrollar campa\u00f1as de marketing, proyectos de retail y acciones de branding o marketing. Combinamos tecnolog\u00eda avanzada de impresi\u00f3n digital, un equipo experto y una gesti\u00f3n completa de proyectos para garantizar calidad, agilidad y resultados a medida para cada cliente. Disponemos de plataformas B2B que facilitan a nuestros clientes la gesti\u00f3n de sus pedidos de materiales impresos as\u00ed como la log\u00edstica de los mismos.","email":"info@artyplan.com","telephone":"+34 93 200 87 99","legalName":"Artyplan S.L.","vatID":"B61963229","numberOfEmployees":{"@type":"QuantitativeValue","minValue":"51","maxValue":"200"}}]}},"_links":{"self":[{"href":"https:\/\/artyplan.com\/en\/wp-json\/wp\/v2\/pages\/13954","targetHints":{"allow":["GET"]}}],"collection":[{"href":"https:\/\/artyplan.com\/en\/wp-json\/wp\/v2\/pages"}],"about":[{"href":"https:\/\/artyplan.com\/en\/wp-json\/wp\/v2\/types\/page"}],"author":[{"embeddable":true,"href":"https:\/\/artyplan.com\/en\/wp-json\/wp\/v2\/users\/3"}],"replies":[{"embeddable":true,"href":"https:\/\/artyplan.com\/en\/wp-json\/wp\/v2\/comments?post=13954"}],"version-history":[{"count":1,"href":"https:\/\/artyplan.com\/en\/wp-json\/wp\/v2\/pages\/13954\/revisions"}],"predecessor-version":[{"id":13956,"href":"https:\/\/artyplan.com\/en\/wp-json\/wp\/v2\/pages\/13954\/revisions\/13956"}],"wp:attachment":[{"href":"https:\/\/artyplan.com\/en\/wp-json\/wp\/v2\/media?parent=13954"}],"curies":[{"name":"wp","href":"https:\/\/api.w.org\/{rel}","templated":true}]}}