{"id":14198,"date":"2026-02-19T20:01:24","date_gmt":"2026-02-19T18:01:24","guid":{"rendered":"https:\/\/artyplan.com\/test\/"},"modified":"2026-02-19T20:01:24","modified_gmt":"2026-02-19T18:01:24","slug":"test","status":"publish","type":"page","link":"https:\/\/artyplan.com\/en\/test\/","title":{"rendered":"Test"},"content":{"rendered":"","protected":false},"excerpt":{"rendered":"","protected":false},"author":4,"featured_media":0,"parent":0,"menu_order":0,"comment_status":"closed","ping_status":"closed","template":"","meta":{"footnotes":""},"class_list":["post-14198","page","type-page","status-publish","hentry"],"yoast_head":"<!-- This site is optimized with the Yoast SEO Premium plugin v26.5 (Yoast SEO v26.5) - https:\/\/yoast.com\/wordpress\/plugins\/seo\/ -->\n<title>Test - Artyplan<\/title>\n<meta name=\"robots\" content=\"index, follow, max-snippet:-1, max-image-preview:large, max-video-preview:-1\" \/>\n<link rel=\"canonical\" href=\"https:\/\/artyplan.com\/en\/test\/\" \/>\n<meta property=\"og:locale\" content=\"en_US\" \/>\n<meta property=\"og:type\" content=\"article\" \/>\n<meta property=\"og:title\" content=\"Test\" \/>\n<meta property=\"og:url\" content=\"https:\/\/artyplan.com\/en\/test\/\" \/>\n<meta property=\"og:site_name\" content=\"Artyplan\" \/>\n<meta property=\"article:publisher\" content=\"https:\/\/www.facebook.com\/artyplan\" \/>\n<meta name=\"twitter:card\" content=\"summary_large_image\" \/>\n<script type=\"application\/ld+json\" class=\"yoast-schema-graph\">{\"@context\":\"https:\/\/schema.org\",\"@graph\":[{\"@type\":\"WebPage\",\"@id\":\"https:\/\/artyplan.com\/en\/test\/\",\"url\":\"https:\/\/artyplan.com\/en\/test\/\",\"name\":\"Test - Artyplan\",\"isPartOf\":{\"@id\":\"https:\/\/artyplan.com\/en\/#website\"},\"datePublished\":\"2026-02-19T18:01:24+00:00\",\"breadcrumb\":{\"@id\":\"https:\/\/artyplan.com\/en\/test\/#breadcrumb\"},\"inLanguage\":\"en-US\",\"potentialAction\":[{\"@type\":\"ReadAction\",\"target\":[\"https:\/\/artyplan.com\/en\/test\/\"]}]},{\"@type\":\"BreadcrumbList\",\"@id\":\"https:\/\/artyplan.com\/en\/test\/#breadcrumb\",\"itemListElement\":[{\"@type\":\"ListItem\",\"position\":1,\"name\":\"Artyplan\",\"item\":\"https:\/\/artyplan.com\/en\/\"},{\"@type\":\"ListItem\",\"position\":2,\"name\":\"Test\"}]},{\"@type\":\"WebSite\",\"@id\":\"https:\/\/artyplan.com\/en\/#website\",\"url\":\"https:\/\/artyplan.com\/en\/\",\"name\":\"Artyplan\",\"description\":\"\",\"publisher\":{\"@id\":\"https:\/\/artyplan.com\/en\/#organization\"},\"potentialAction\":[{\"@type\":\"SearchAction\",\"target\":{\"@type\":\"EntryPoint\",\"urlTemplate\":\"https:\/\/artyplan.com\/en\/?s={search_term_string}\"},\"query-input\":{\"@type\":\"PropertyValueSpecification\",\"valueRequired\":true,\"valueName\":\"search_term_string\"}}],\"inLanguage\":\"en-US\"},{\"@type\":\"Organization\",\"@id\":\"https:\/\/artyplan.com\/en\/#organization\",\"name\":\"Artyplan\",\"url\":\"https:\/\/artyplan.com\/en\/\",\"logo\":{\"@type\":\"ImageObject\",\"inLanguage\":\"en-US\",\"@id\":\"https:\/\/artyplan.com\/en\/#\/schema\/logo\/image\/\",\"url\":\"https:\/\/artyplan.com\/wp-content\/uploads\/2025\/12\/Logo-artyplan-690x690-1.png\",\"contentUrl\":\"https:\/\/artyplan.com\/wp-content\/uploads\/2025\/12\/Logo-artyplan-690x690-1.png\",\"width\":690,\"height\":690,\"caption\":\"Artyplan\"},\"image\":{\"@id\":\"https:\/\/artyplan.com\/en\/#\/schema\/logo\/image\/\"},\"sameAs\":[\"https:\/\/www.facebook.com\/artyplan\",\"https:\/\/www.instagram.com\/artyplan\/\",\"https:\/\/www.linkedin.com\/company\/artyplan\"],\"description\":\"Artyplan es una empresa especializada en producci\u00f3n gr\u00e1fica y comunicaci\u00f3n visual con 60 a\u00f1os de experiencia. Ofrecemos soluciones integrales de impresi\u00f3n en gran formato, PLV y retail, gesti\u00f3n de eventos y ferias, dise\u00f1o y fabricaci\u00f3n a medida, log\u00edstica y servicios de instalaci\u00f3n en todo el territorio. Trabajamos para marcas, agencias, espacios comerciales e instituciones que necesitan un partner fiable para desarrollar campa\u00f1as de marketing, proyectos de retail y acciones de branding o marketing. Combinamos tecnolog\u00eda avanzada de impresi\u00f3n digital, un equipo experto y una gesti\u00f3n completa de proyectos para garantizar calidad, agilidad y resultados a medida para cada cliente. Disponemos de plataformas B2B que facilitan a nuestros clientes la gesti\u00f3n de sus pedidos de materiales impresos as\u00ed como la log\u00edstica de los mismos.\",\"email\":\"info@artyplan.com\",\"telephone\":\"+34 93 200 87 99\",\"legalName\":\"Artyplan S.L.\",\"vatID\":\"B61963229\",\"numberOfEmployees\":{\"@type\":\"QuantitativeValue\",\"minValue\":\"51\",\"maxValue\":\"200\"}}]}<\/script>\n<!-- \/ Yoast SEO Premium plugin. -->","yoast_head_json":{"title":"Test - Artyplan","robots":{"index":"index","follow":"follow","max-snippet":"max-snippet:-1","max-image-preview":"max-image-preview:large","max-video-preview":"max-video-preview:-1"},"canonical":"https:\/\/artyplan.com\/en\/test\/","og_locale":"en_US","og_type":"article","og_title":"Test","og_url":"https:\/\/artyplan.com\/en\/test\/","og_site_name":"Artyplan","article_publisher":"https:\/\/www.facebook.com\/artyplan","twitter_card":"summary_large_image","schema":{"@context":"https:\/\/schema.org","@graph":[{"@type":"WebPage","@id":"https:\/\/artyplan.com\/en\/test\/","url":"https:\/\/artyplan.com\/en\/test\/","name":"Test - Artyplan","isPartOf":{"@id":"https:\/\/artyplan.com\/en\/#website"},"datePublished":"2026-02-19T18:01:24+00:00","breadcrumb":{"@id":"https:\/\/artyplan.com\/en\/test\/#breadcrumb"},"inLanguage":"en-US","potentialAction":[{"@type":"ReadAction","target":["https:\/\/artyplan.com\/en\/test\/"]}]},{"@type":"BreadcrumbList","@id":"https:\/\/artyplan.com\/en\/test\/#breadcrumb","itemListElement":[{"@type":"ListItem","position":1,"name":"Artyplan","item":"https:\/\/artyplan.com\/en\/"},{"@type":"ListItem","position":2,"name":"Test"}]},{"@type":"WebSite","@id":"https:\/\/artyplan.com\/en\/#website","url":"https:\/\/artyplan.com\/en\/","name":"Artyplan","description":"","publisher":{"@id":"https:\/\/artyplan.com\/en\/#organization"},"potentialAction":[{"@type":"SearchAction","target":{"@type":"EntryPoint","urlTemplate":"https:\/\/artyplan.com\/en\/?s={search_term_string}"},"query-input":{"@type":"PropertyValueSpecification","valueRequired":true,"valueName":"search_term_string"}}],"inLanguage":"en-US"},{"@type":"Organization","@id":"https:\/\/artyplan.com\/en\/#organization","name":"Artyplan","url":"https:\/\/artyplan.com\/en\/","logo":{"@type":"ImageObject","inLanguage":"en-US","@id":"https:\/\/artyplan.com\/en\/#\/schema\/logo\/image\/","url":"https:\/\/artyplan.com\/wp-content\/uploads\/2025\/12\/Logo-artyplan-690x690-1.png","contentUrl":"https:\/\/artyplan.com\/wp-content\/uploads\/2025\/12\/Logo-artyplan-690x690-1.png","width":690,"height":690,"caption":"Artyplan"},"image":{"@id":"https:\/\/artyplan.com\/en\/#\/schema\/logo\/image\/"},"sameAs":["https:\/\/www.facebook.com\/artyplan","https:\/\/www.instagram.com\/artyplan\/","https:\/\/www.linkedin.com\/company\/artyplan"],"description":"Artyplan es una empresa especializada en producci\u00f3n gr\u00e1fica y comunicaci\u00f3n visual con 60 a\u00f1os de experiencia. Ofrecemos soluciones integrales de impresi\u00f3n en gran formato, PLV y retail, gesti\u00f3n de eventos y ferias, dise\u00f1o y fabricaci\u00f3n a medida, log\u00edstica y servicios de instalaci\u00f3n en todo el territorio. Trabajamos para marcas, agencias, espacios comerciales e instituciones que necesitan un partner fiable para desarrollar campa\u00f1as de marketing, proyectos de retail y acciones de branding o marketing. Combinamos tecnolog\u00eda avanzada de impresi\u00f3n digital, un equipo experto y una gesti\u00f3n completa de proyectos para garantizar calidad, agilidad y resultados a medida para cada cliente. Disponemos de plataformas B2B que facilitan a nuestros clientes la gesti\u00f3n de sus pedidos de materiales impresos as\u00ed como la log\u00edstica de los mismos.","email":"info@artyplan.com","telephone":"+34 93 200 87 99","legalName":"Artyplan S.L.","vatID":"B61963229","numberOfEmployees":{"@type":"QuantitativeValue","minValue":"51","maxValue":"200"}}]}},"_links":{"self":[{"href":"https:\/\/artyplan.com\/en\/wp-json\/wp\/v2\/pages\/14198","targetHints":{"allow":["GET"]}}],"collection":[{"href":"https:\/\/artyplan.com\/en\/wp-json\/wp\/v2\/pages"}],"about":[{"href":"https:\/\/artyplan.com\/en\/wp-json\/wp\/v2\/types\/page"}],"author":[{"embeddable":true,"href":"https:\/\/artyplan.com\/en\/wp-json\/wp\/v2\/users\/4"}],"replies":[{"embeddable":true,"href":"https:\/\/artyplan.com\/en\/wp-json\/wp\/v2\/comments?post=14198"}],"version-history":[{"count":0,"href":"https:\/\/artyplan.com\/en\/wp-json\/wp\/v2\/pages\/14198\/revisions"}],"wp:attachment":[{"href":"https:\/\/artyplan.com\/en\/wp-json\/wp\/v2\/media?parent=14198"}],"curies":[{"name":"wp","href":"https:\/\/api.w.org\/{rel}","templated":true}]}}