{"id":14324,"date":"2025-11-20T15:05:40","date_gmt":"2025-11-20T13:05:40","guid":{"rendered":"https:\/\/artyplan.com\/print-production\/"},"modified":"2026-02-23T18:01:50","modified_gmt":"2026-02-23T16:01:50","slug":"print-production","status":"publish","type":"page","link":"https:\/\/artyplan.com\/en\/print-production\/","title":{"rendered":"Print production"},"content":{"rendered":"\t\t<div data-elementor-type=\"wp-page\" data-elementor-id=\"14324\" class=\"elementor elementor-14324 elementor-12913\" data-elementor-post-type=\"page\">\n\t\t\t\t<div class=\"elementor-element elementor-element-3e61d65 e-con-full e-flex e-con e-parent\" data-id=\"3e61d65\" data-element_type=\"container\" data-e-type=\"container\">\n\t\t<div class=\"elementor-element elementor-element-afc4158 e-flex e-con-boxed e-con e-child\" data-id=\"afc4158\" data-element_type=\"container\" data-e-type=\"container\">\n\t\t\t\t\t<div class=\"e-con-inner\">\n\t\t\t\t<div class=\"elementor-element elementor-element-6e1d9f2 elementor-widget elementor-widget-theme-post-title elementor-page-title elementor-widget-heading\" data-id=\"6e1d9f2\" data-element_type=\"widget\" data-e-type=\"widget\" data-widget_type=\"theme-post-title.default\">\n\t\t\t\t<div class=\"elementor-widget-container\">\n\t\t\t\t\t<h1 class=\"elementor-heading-title elementor-size-default\">Print production<\/h1>\t\t\t\t<\/div>\n\t\t\t\t<\/div>\n\t\t\t\t<div class=\"elementor-element elementor-element-b639246 elementor-widget elementor-widget-breadcrumbs\" data-id=\"b639246\" data-element_type=\"widget\" data-e-type=\"widget\" data-widget_type=\"breadcrumbs.default\">\n\t\t\t\t<div class=\"elementor-widget-container\">\n\t\t\t\t\t<p id=\"breadcrumbs\"><span><span><a href=\"https:\/\/artyplan.com\/en\/\">Artyplan<\/a><\/span><\/span><\/p>\t\t\t\t<\/div>\n\t\t\t\t<\/div>\n\t\t\t\t\t<\/div>\n\t\t\t\t<\/div>\n\t\t<section class=\"elementor-element elementor-element-0cbf1fe e-flex e-con-boxed e-con e-child\" data-id=\"0cbf1fe\" data-element_type=\"container\" data-e-type=\"container\">\n\t\t\t\t\t<div class=\"e-con-inner\">\n\t\t<article class=\"elementor-element elementor-element-e4f6026 e-con-full e-flex elementor-invisible e-con e-child\" data-id=\"e4f6026\" data-element_type=\"container\" data-e-type=\"container\" data-settings=\"{&quot;animation&quot;:&quot;fadeInUp&quot;}\">\n\t\t\t\t<div class=\"elementor-element elementor-element-698fd50 elementor-widget__width-inherit elementor-position-top elementor-widget elementor-widget-image-box\" data-id=\"698fd50\" data-element_type=\"widget\" data-e-type=\"widget\" data-widget_type=\"image-box.default\">\n\t\t\t\t<div class=\"elementor-widget-container\">\n\t\t\t\t\t<div class=\"elementor-image-box-wrapper\"><figure class=\"elementor-image-box-img\"><a href=\"https:\/\/artyplan.com\/impresion\/gran-formato\/\" tabindex=\"-1\"><img fetchpriority=\"high\" decoding=\"async\" width=\"2560\" height=\"1702\" src=\"https:\/\/artyplan.com\/wp-content\/uploads\/2025\/07\/Lonas-para-publicidad-scaled.png\" class=\"elementor-animation-grow attachment-full size-full wp-image-14318\" alt=\"Advertising banners\" srcset=\"https:\/\/artyplan.com\/wp-content\/uploads\/2025\/07\/Lonas-para-publicidad-scaled.png 2560w, https:\/\/artyplan.com\/wp-content\/uploads\/2025\/07\/Lonas-para-publicidad-300x199.png 300w, https:\/\/artyplan.com\/wp-content\/uploads\/2025\/07\/Lonas-para-publicidad-1024x681.png 1024w, https:\/\/artyplan.com\/wp-content\/uploads\/2025\/07\/Lonas-para-publicidad-768x511.png 768w, https:\/\/artyplan.com\/wp-content\/uploads\/2025\/07\/Lonas-para-publicidad-1536x1021.png 1536w, https:\/\/artyplan.com\/wp-content\/uploads\/2025\/07\/Lonas-para-publicidad-2048x1362.png 2048w\" sizes=\"(max-width: 2560px) 100vw, 2560px\" \/><\/a><\/figure><div class=\"elementor-image-box-content\"><h2 class=\"elementor-image-box-title\"><a href=\"https:\/\/artyplan.com\/impresion\/gran-formato\/\">Large-format printing<\/a><\/h2><\/div><\/div>\t\t\t\t<\/div>\n\t\t\t\t<\/div>\n\t\t\t\t<\/article>\n\t\t<article class=\"elementor-element elementor-element-bd834a6 e-con-full e-flex elementor-invisible e-con e-child\" data-id=\"bd834a6\" data-element_type=\"container\" data-e-type=\"container\" data-settings=\"{&quot;animation&quot;:&quot;fadeInUp&quot;,&quot;animation_delay&quot;:120}\">\n\t\t\t\t<div class=\"elementor-element elementor-element-2468a9e elementor-widget__width-inherit elementor-position-top elementor-widget elementor-widget-image-box\" data-id=\"2468a9e\" data-element_type=\"widget\" data-e-type=\"widget\" data-widget_type=\"image-box.default\">\n\t\t\t\t<div class=\"elementor-widget-container\">\n\t\t\t\t\t<div class=\"elementor-image-box-wrapper\"><figure class=\"elementor-image-box-img\"><a href=\"https:\/\/artyplan.com\/impresion\/expositores-publicitarios-display\/\" tabindex=\"-1\"><img decoding=\"async\" width=\"800\" height=\"533\" src=\"https:\/\/artyplan.com\/wp-content\/uploads\/2025\/11\/expositores-publicitarios-1.jpg\" class=\"elementor-animation-grow attachment-full size-full wp-image-14319\" alt=\"Promotional displays\" srcset=\"https:\/\/artyplan.com\/wp-content\/uploads\/2025\/11\/expositores-publicitarios-1.jpg 800w, https:\/\/artyplan.com\/wp-content\/uploads\/2025\/11\/expositores-publicitarios-1-300x200.jpg 300w, https:\/\/artyplan.com\/wp-content\/uploads\/2025\/11\/expositores-publicitarios-1-768x512.jpg 768w\" sizes=\"(max-width: 800px) 100vw, 800px\" \/><\/a><\/figure><div class=\"elementor-image-box-content\"><h2 class=\"elementor-image-box-title\"><a href=\"https:\/\/artyplan.com\/impresion\/expositores-publicitarios-display\/\">Advertising displays and display units<\/a><\/h2><\/div><\/div>\t\t\t\t<\/div>\n\t\t\t\t<\/div>\n\t\t\t\t<\/article>\n\t\t<article class=\"elementor-element elementor-element-856da23 e-con-full e-flex elementor-invisible e-con e-child\" data-id=\"856da23\" data-element_type=\"container\" data-e-type=\"container\" data-settings=\"{&quot;animation&quot;:&quot;fadeInUp&quot;,&quot;animation_delay&quot;:240}\">\n\t\t\t\t<div class=\"elementor-element elementor-element-8e69205 elementor-widget__width-inherit elementor-position-top elementor-widget elementor-widget-image-box\" data-id=\"8e69205\" data-element_type=\"widget\" data-e-type=\"widget\" data-widget_type=\"image-box.default\">\n\t\t\t\t<div class=\"elementor-widget-container\">\n\t\t\t\t\t<div class=\"elementor-image-box-wrapper\"><figure class=\"elementor-image-box-img\"><a href=\"https:\/\/artyplan.com\/impresion\/soportes-publicitarios\/\" tabindex=\"-1\"><img decoding=\"async\" width=\"1536\" height=\"1024\" src=\"https:\/\/artyplan.com\/wp-content\/uploads\/2025\/11\/soportes-publicitarios-1.png\" class=\"elementor-animation-grow attachment-full size-full wp-image-14320\" alt=\"Advertising media\" srcset=\"https:\/\/artyplan.com\/wp-content\/uploads\/2025\/11\/soportes-publicitarios-1.png 1536w, https:\/\/artyplan.com\/wp-content\/uploads\/2025\/11\/soportes-publicitarios-1-300x200.png 300w, https:\/\/artyplan.com\/wp-content\/uploads\/2025\/11\/soportes-publicitarios-1-1024x683.png 1024w, https:\/\/artyplan.com\/wp-content\/uploads\/2025\/11\/soportes-publicitarios-1-768x512.png 768w\" sizes=\"(max-width: 1536px) 100vw, 1536px\" \/><\/a><\/figure><div class=\"elementor-image-box-content\"><h2 class=\"elementor-image-box-title\"><a href=\"https:\/\/artyplan.com\/impresion\/soportes-publicitarios\/\">Advertising media<\/a><\/h2><\/div><\/div>\t\t\t\t<\/div>\n\t\t\t\t<\/div>\n\t\t\t\t<\/article>\n\t\t<article class=\"elementor-element elementor-element-1c4c642 e-con-full e-flex elementor-invisible e-con e-child\" data-id=\"1c4c642\" data-element_type=\"container\" data-e-type=\"container\" data-settings=\"{&quot;animation&quot;:&quot;fadeInUp&quot;,&quot;animation_delay&quot;:360}\">\n\t\t\t\t<div class=\"elementor-element elementor-element-bf8a005 elementor-widget__width-inherit elementor-position-top elementor-widget elementor-widget-image-box\" data-id=\"bf8a005\" data-element_type=\"widget\" data-e-type=\"widget\" data-widget_type=\"image-box.default\">\n\t\t\t\t<div class=\"elementor-widget-container\">\n\t\t\t\t\t<div class=\"elementor-image-box-wrapper\"><figure class=\"elementor-image-box-img\"><a href=\"https:\/\/artyplan.com\/impresion\/comercial-y-publicaciones\/\" tabindex=\"-1\"><img loading=\"lazy\" decoding=\"async\" width=\"1536\" height=\"1024\" src=\"https:\/\/artyplan.com\/wp-content\/uploads\/2025\/11\/impresion-comercial-1.png\" class=\"elementor-animation-grow attachment-full size-full wp-image-14321\" alt=\"Commercial printing and publications\" srcset=\"https:\/\/artyplan.com\/wp-content\/uploads\/2025\/11\/impresion-comercial-1.png 1536w, https:\/\/artyplan.com\/wp-content\/uploads\/2025\/11\/impresion-comercial-1-300x200.png 300w, https:\/\/artyplan.com\/wp-content\/uploads\/2025\/11\/impresion-comercial-1-1024x683.png 1024w, https:\/\/artyplan.com\/wp-content\/uploads\/2025\/11\/impresion-comercial-1-768x512.png 768w\" sizes=\"(max-width: 1536px) 100vw, 1536px\" \/><\/a><\/figure><div class=\"elementor-image-box-content\"><h2 class=\"elementor-image-box-title\"><a href=\"https:\/\/artyplan.com\/impresion\/comercial-y-publicaciones\/\">Commercial printing and publications<\/a><\/h2><\/div><\/div>\t\t\t\t<\/div>\n\t\t\t\t<\/div>\n\t\t\t\t<\/article>\n\t\t<article class=\"elementor-element elementor-element-3717352 e-con-full e-flex elementor-invisible e-con e-child\" data-id=\"3717352\" data-element_type=\"container\" data-e-type=\"container\" data-settings=\"{&quot;animation&quot;:&quot;fadeInUp&quot;,&quot;animation_delay&quot;:480}\">\n\t\t\t\t<div class=\"elementor-element elementor-element-a5e5965 elementor-widget__width-inherit elementor-position-top elementor-widget elementor-widget-image-box\" data-id=\"a5e5965\" data-element_type=\"widget\" data-e-type=\"widget\" data-widget_type=\"image-box.default\">\n\t\t\t\t<div class=\"elementor-widget-container\">\n\t\t\t\t\t<div class=\"elementor-image-box-wrapper\"><figure class=\"elementor-image-box-img\"><a href=\"https:\/\/artyplan.com\/impresion\/papeleria-corporativa\/\" tabindex=\"-1\"><img loading=\"lazy\" decoding=\"async\" width=\"1536\" height=\"1024\" src=\"https:\/\/artyplan.com\/wp-content\/uploads\/2025\/08\/papeleria-corporativa-solviant.png\" class=\"elementor-animation-grow attachment-full size-full wp-image-14322\" alt=\"Corporate stationery\" srcset=\"https:\/\/artyplan.com\/wp-content\/uploads\/2025\/08\/papeleria-corporativa-solviant.png 1536w, https:\/\/artyplan.com\/wp-content\/uploads\/2025\/08\/papeleria-corporativa-solviant-300x200.png 300w, https:\/\/artyplan.com\/wp-content\/uploads\/2025\/08\/papeleria-corporativa-solviant-1024x683.png 1024w, https:\/\/artyplan.com\/wp-content\/uploads\/2025\/08\/papeleria-corporativa-solviant-768x512.png 768w\" sizes=\"(max-width: 1536px) 100vw, 1536px\" \/><\/a><\/figure><div class=\"elementor-image-box-content\"><h2 class=\"elementor-image-box-title\"><a href=\"https:\/\/artyplan.com\/impresion\/papeleria-corporativa\/\">Corporate stationery<\/a><\/h2><\/div><\/div>\t\t\t\t<\/div>\n\t\t\t\t<\/div>\n\t\t\t\t<\/article>\n\t\t<article class=\"elementor-element elementor-element-70f7f7c e-con-full e-flex elementor-invisible e-con e-child\" data-id=\"70f7f7c\" data-element_type=\"container\" data-e-type=\"container\" data-settings=\"{&quot;animation&quot;:&quot;fadeInUp&quot;,&quot;animation_delay&quot;:600}\">\n\t\t\t\t<div class=\"elementor-element elementor-element-12d04d8 elementor-widget__width-inherit elementor-position-top elementor-widget elementor-widget-image-box\" data-id=\"12d04d8\" data-element_type=\"widget\" data-e-type=\"widget\" data-widget_type=\"image-box.default\">\n\t\t\t\t<div class=\"elementor-widget-container\">\n\t\t\t\t\t<div class=\"elementor-image-box-wrapper\"><figure class=\"elementor-image-box-img\"><a href=\"https:\/\/artyplan.com\/impresion\/material-promocional\/\" tabindex=\"-1\"><img loading=\"lazy\" decoding=\"async\" width=\"1536\" height=\"1024\" src=\"https:\/\/artyplan.com\/wp-content\/uploads\/2025\/08\/material-promocional.png\" class=\"elementor-animation-grow attachment-full size-full wp-image-14323\" alt=\"Promotional materials\" srcset=\"https:\/\/artyplan.com\/wp-content\/uploads\/2025\/08\/material-promocional.png 1536w, https:\/\/artyplan.com\/wp-content\/uploads\/2025\/08\/material-promocional-300x200.png 300w, https:\/\/artyplan.com\/wp-content\/uploads\/2025\/08\/material-promocional-1024x683.png 1024w, https:\/\/artyplan.com\/wp-content\/uploads\/2025\/08\/material-promocional-768x512.png 768w\" sizes=\"(max-width: 1536px) 100vw, 1536px\" \/><\/a><\/figure><div class=\"elementor-image-box-content\"><h2 class=\"elementor-image-box-title\"><a href=\"https:\/\/artyplan.com\/impresion\/material-promocional\/\">Promotional materials<\/a><\/h2><\/div><\/div>\t\t\t\t<\/div>\n\t\t\t\t<\/div>\n\t\t\t\t<\/article>\n\t\t\t\t\t<\/div>\n\t\t\t\t<\/section>\n\t\t<section class=\"elementor-element elementor-element-759612b e-con-full e-flex e-con e-child\" data-id=\"759612b\" data-element_type=\"container\" data-e-type=\"container\" data-settings=\"{&quot;background_background&quot;:&quot;classic&quot;}\">\n\t\t<div class=\"elementor-element elementor-element-9eb657a e-con-full e-flex e-con e-child\" data-id=\"9eb657a\" data-element_type=\"container\" data-e-type=\"container\">\n\t\t\t\t<div class=\"elementor-element elementor-element-e7c9781 elementor-widget__width-initial elementor-invisible elementor-widget elementor-widget-heading\" data-id=\"e7c9781\" data-element_type=\"widget\" data-e-type=\"widget\" data-settings=\"{&quot;_animation&quot;:&quot;fadeInUp&quot;,&quot;_animation_delay&quot;:240}\" data-widget_type=\"heading.default\">\n\t\t\t\t<div class=\"elementor-widget-container\">\n\t\t\t\t\t<h3 class=\"elementor-heading-title elementor-size-default\">CAN\u2019T FIND WHAT YOU\u2019RE LOOKING FOR? <\/h3>\t\t\t\t<\/div>\n\t\t\t\t<\/div>\n\t\t\t\t<div class=\"elementor-element elementor-element-bf0fd78 elementor-widget__width-initial elementor-widget elementor-widget-heading\" data-id=\"bf0fd78\" data-element_type=\"widget\" data-e-type=\"widget\" data-settings=\"{&quot;_animation&quot;:&quot;none&quot;,&quot;_animation_delay&quot;:480}\" data-widget_type=\"heading.default\">\n\t\t\t\t<div class=\"elementor-widget-container\">\n\t\t\t\t\t<h4 class=\"elementor-heading-title elementor-size-default\">Don\u2019t hesitate to contact us. We can help.  <\/h4>\t\t\t\t<\/div>\n\t\t\t\t<\/div>\n\t\t\t\t<div class=\"elementor-element elementor-element-f9e9c34 elementor-align-center elementor-widget-mobile__width-inherit animated-fast elementor-invisible elementor-widget elementor-widget-button\" data-id=\"f9e9c34\" data-element_type=\"widget\" data-e-type=\"widget\" data-settings=\"{&quot;_animation&quot;:&quot;fadeInDown&quot;,&quot;_animation_delay&quot;:0}\" data-widget_type=\"button.default\">\n\t\t\t\t<div class=\"elementor-widget-container\">\n\t\t\t\t\t\t\t\t\t<div class=\"elementor-button-wrapper\">\n\t\t\t\t\t<a class=\"elementor-button elementor-button-link elementor-size-md\" href=\"https:\/\/artyplan.com\/en\/contact\/\">\n\t\t\t\t\t\t<span class=\"elementor-button-content-wrapper\">\n\t\t\t\t\t\t<span class=\"elementor-button-icon\">\n\t\t\t\t<i aria-hidden=\"true\" class=\"fas fa-comments\"><\/i>\t\t\t<\/span>\n\t\t\t\t\t\t\t\t\t<span class=\"elementor-button-text\">Talk to an expert<\/span>\n\t\t\t\t\t<\/span>\n\t\t\t\t\t<\/a>\n\t\t\t\t<\/div>\n\t\t\t\t\t\t\t\t<\/div>\n\t\t\t\t<\/div>\n\t\t\t\t<\/div>\n\t\t\t\t<\/section>\n\t\t\t\t<\/div>\n\t\t\t\t<\/div>\n\t\t","protected":false},"excerpt":{"rendered":"<p>Large-format printing Advertising displays and display units Advertising media Commercial printing and publications Corporate stationery Promotional materials CAN\u2019T FIND WHAT YOU\u2019RE LOOKING FOR? Don\u2019t hesitate to contact us. We can help. Talk to an expert<\/p>\n","protected":false},"author":4,"featured_media":0,"parent":0,"menu_order":0,"comment_status":"closed","ping_status":"closed","template":"elementor_header_footer","meta":{"footnotes":""},"class_list":["post-14324","page","type-page","status-publish","hentry"],"yoast_head":"<!-- This site is optimized with the Yoast SEO Premium plugin v26.5 (Yoast SEO v26.5) - https:\/\/yoast.com\/wordpress\/plugins\/seo\/ -->\n<title>Printing services and consultancy for businesses<\/title>\n<meta name=\"description\" content=\"Speak with an expert and discover how our printing services can transform your ideas into high-quality printed materials.\" \/>\n<meta name=\"robots\" content=\"index, follow, max-snippet:-1, max-image-preview:large, max-video-preview:-1\" \/>\n<link rel=\"canonical\" href=\"https:\/\/artyplan.com\/en\/print-production\/\" \/>\n<meta property=\"og:locale\" content=\"en_US\" \/>\n<meta property=\"og:type\" content=\"article\" \/>\n<meta property=\"og:title\" content=\"Print production\" \/>\n<meta property=\"og:description\" content=\"Speak with an expert and discover how our printing services can transform your ideas into high-quality printed materials.\" \/>\n<meta property=\"og:url\" content=\"https:\/\/artyplan.com\/en\/print-production\/\" \/>\n<meta property=\"og:site_name\" content=\"Artyplan\" \/>\n<meta property=\"article:publisher\" content=\"https:\/\/www.facebook.com\/artyplan\" \/>\n<meta property=\"article:modified_time\" content=\"2026-02-23T16:01:50+00:00\" \/>\n<meta property=\"og:image\" content=\"https:\/\/artyplan.com\/wp-content\/uploads\/2025\/07\/Lonas-para-publicidad-1024x681.png\" \/>\n\t<meta property=\"og:image:width\" content=\"1024\" \/>\n\t<meta property=\"og:image:height\" content=\"681\" \/>\n\t<meta property=\"og:image:type\" content=\"image\/png\" \/>\n<meta name=\"twitter:card\" content=\"summary_large_image\" \/>\n<script type=\"application\/ld+json\" class=\"yoast-schema-graph\">{\"@context\":\"https:\/\/schema.org\",\"@graph\":[{\"@type\":\"WebPage\",\"@id\":\"https:\/\/artyplan.com\/en\/print-production\/\",\"url\":\"https:\/\/artyplan.com\/en\/print-production\/\",\"name\":\"Printing services and consultancy for businesses\",\"isPartOf\":{\"@id\":\"https:\/\/artyplan.com\/en\/#website\"},\"primaryImageOfPage\":{\"@id\":\"https:\/\/artyplan.com\/en\/print-production\/#primaryimage\"},\"image\":{\"@id\":\"https:\/\/artyplan.com\/en\/print-production\/#primaryimage\"},\"thumbnailUrl\":\"https:\/\/artyplan.com\/wp-content\/uploads\/2025\/07\/Lonas-para-publicidad-scaled.png\",\"datePublished\":\"2025-11-20T13:05:40+00:00\",\"dateModified\":\"2026-02-23T16:01:50+00:00\",\"description\":\"Speak with an expert and discover how our printing services can transform your ideas into high-quality printed materials.\",\"breadcrumb\":{\"@id\":\"https:\/\/artyplan.com\/en\/print-production\/#breadcrumb\"},\"inLanguage\":\"en-US\",\"potentialAction\":[{\"@type\":\"ReadAction\",\"target\":[\"https:\/\/artyplan.com\/en\/print-production\/\"]}]},{\"@type\":\"ImageObject\",\"inLanguage\":\"en-US\",\"@id\":\"https:\/\/artyplan.com\/en\/print-production\/#primaryimage\",\"url\":\"https:\/\/artyplan.com\/wp-content\/uploads\/2025\/07\/Lonas-para-publicidad-scaled.png\",\"contentUrl\":\"https:\/\/artyplan.com\/wp-content\/uploads\/2025\/07\/Lonas-para-publicidad-scaled.png\"},{\"@type\":\"BreadcrumbList\",\"@id\":\"https:\/\/artyplan.com\/en\/print-production\/#breadcrumb\",\"itemListElement\":[{\"@type\":\"ListItem\",\"position\":1,\"name\":\"Artyplan\",\"item\":\"https:\/\/artyplan.com\/en\/\"},{\"@type\":\"ListItem\",\"position\":2,\"name\":\"Print production\"}]},{\"@type\":\"WebSite\",\"@id\":\"https:\/\/artyplan.com\/en\/#website\",\"url\":\"https:\/\/artyplan.com\/en\/\",\"name\":\"Artyplan\",\"description\":\"\",\"publisher\":{\"@id\":\"https:\/\/artyplan.com\/en\/#organization\"},\"potentialAction\":[{\"@type\":\"SearchAction\",\"target\":{\"@type\":\"EntryPoint\",\"urlTemplate\":\"https:\/\/artyplan.com\/en\/?s={search_term_string}\"},\"query-input\":{\"@type\":\"PropertyValueSpecification\",\"valueRequired\":true,\"valueName\":\"search_term_string\"}}],\"inLanguage\":\"en-US\"},{\"@type\":\"Organization\",\"@id\":\"https:\/\/artyplan.com\/en\/#organization\",\"name\":\"Artyplan\",\"url\":\"https:\/\/artyplan.com\/en\/\",\"logo\":{\"@type\":\"ImageObject\",\"inLanguage\":\"en-US\",\"@id\":\"https:\/\/artyplan.com\/en\/#\/schema\/logo\/image\/\",\"url\":\"https:\/\/artyplan.com\/wp-content\/uploads\/2025\/12\/Logo-artyplan-690x690-1.png\",\"contentUrl\":\"https:\/\/artyplan.com\/wp-content\/uploads\/2025\/12\/Logo-artyplan-690x690-1.png\",\"width\":690,\"height\":690,\"caption\":\"Artyplan\"},\"image\":{\"@id\":\"https:\/\/artyplan.com\/en\/#\/schema\/logo\/image\/\"},\"sameAs\":[\"https:\/\/www.facebook.com\/artyplan\",\"https:\/\/www.instagram.com\/artyplan\/\",\"https:\/\/www.linkedin.com\/company\/artyplan\"],\"description\":\"Artyplan es una empresa especializada en producci\u00f3n gr\u00e1fica y comunicaci\u00f3n visual con 60 a\u00f1os de experiencia. Ofrecemos soluciones integrales de impresi\u00f3n en gran formato, PLV y retail, gesti\u00f3n de eventos y ferias, dise\u00f1o y fabricaci\u00f3n a medida, log\u00edstica y servicios de instalaci\u00f3n en todo el territorio. Trabajamos para marcas, agencias, espacios comerciales e instituciones que necesitan un partner fiable para desarrollar campa\u00f1as de marketing, proyectos de retail y acciones de branding o marketing. Combinamos tecnolog\u00eda avanzada de impresi\u00f3n digital, un equipo experto y una gesti\u00f3n completa de proyectos para garantizar calidad, agilidad y resultados a medida para cada cliente. Disponemos de plataformas B2B que facilitan a nuestros clientes la gesti\u00f3n de sus pedidos de materiales impresos as\u00ed como la log\u00edstica de los mismos.\",\"email\":\"info@artyplan.com\",\"telephone\":\"+34 93 200 87 99\",\"legalName\":\"Artyplan S.L.\",\"vatID\":\"B61963229\",\"numberOfEmployees\":{\"@type\":\"QuantitativeValue\",\"minValue\":\"51\",\"maxValue\":\"200\"}}]}<\/script>\n<!-- \/ Yoast SEO Premium plugin. -->","yoast_head_json":{"title":"Printing services and consultancy for businesses","description":"Speak with an expert and discover how our printing services can transform your ideas into high-quality printed materials.","robots":{"index":"index","follow":"follow","max-snippet":"max-snippet:-1","max-image-preview":"max-image-preview:large","max-video-preview":"max-video-preview:-1"},"canonical":"https:\/\/artyplan.com\/en\/print-production\/","og_locale":"en_US","og_type":"article","og_title":"Print production","og_description":"Speak with an expert and discover how our printing services can transform your ideas into high-quality printed materials.","og_url":"https:\/\/artyplan.com\/en\/print-production\/","og_site_name":"Artyplan","article_publisher":"https:\/\/www.facebook.com\/artyplan","article_modified_time":"2026-02-23T16:01:50+00:00","og_image":[{"width":1024,"height":681,"url":"https:\/\/artyplan.com\/wp-content\/uploads\/2025\/07\/Lonas-para-publicidad-1024x681.png","type":"image\/png"}],"twitter_card":"summary_large_image","schema":{"@context":"https:\/\/schema.org","@graph":[{"@type":"WebPage","@id":"https:\/\/artyplan.com\/en\/print-production\/","url":"https:\/\/artyplan.com\/en\/print-production\/","name":"Printing services and consultancy for businesses","isPartOf":{"@id":"https:\/\/artyplan.com\/en\/#website"},"primaryImageOfPage":{"@id":"https:\/\/artyplan.com\/en\/print-production\/#primaryimage"},"image":{"@id":"https:\/\/artyplan.com\/en\/print-production\/#primaryimage"},"thumbnailUrl":"https:\/\/artyplan.com\/wp-content\/uploads\/2025\/07\/Lonas-para-publicidad-scaled.png","datePublished":"2025-11-20T13:05:40+00:00","dateModified":"2026-02-23T16:01:50+00:00","description":"Speak with an expert and discover how our printing services can transform your ideas into high-quality printed materials.","breadcrumb":{"@id":"https:\/\/artyplan.com\/en\/print-production\/#breadcrumb"},"inLanguage":"en-US","potentialAction":[{"@type":"ReadAction","target":["https:\/\/artyplan.com\/en\/print-production\/"]}]},{"@type":"ImageObject","inLanguage":"en-US","@id":"https:\/\/artyplan.com\/en\/print-production\/#primaryimage","url":"https:\/\/artyplan.com\/wp-content\/uploads\/2025\/07\/Lonas-para-publicidad-scaled.png","contentUrl":"https:\/\/artyplan.com\/wp-content\/uploads\/2025\/07\/Lonas-para-publicidad-scaled.png"},{"@type":"BreadcrumbList","@id":"https:\/\/artyplan.com\/en\/print-production\/#breadcrumb","itemListElement":[{"@type":"ListItem","position":1,"name":"Artyplan","item":"https:\/\/artyplan.com\/en\/"},{"@type":"ListItem","position":2,"name":"Print production"}]},{"@type":"WebSite","@id":"https:\/\/artyplan.com\/en\/#website","url":"https:\/\/artyplan.com\/en\/","name":"Artyplan","description":"","publisher":{"@id":"https:\/\/artyplan.com\/en\/#organization"},"potentialAction":[{"@type":"SearchAction","target":{"@type":"EntryPoint","urlTemplate":"https:\/\/artyplan.com\/en\/?s={search_term_string}"},"query-input":{"@type":"PropertyValueSpecification","valueRequired":true,"valueName":"search_term_string"}}],"inLanguage":"en-US"},{"@type":"Organization","@id":"https:\/\/artyplan.com\/en\/#organization","name":"Artyplan","url":"https:\/\/artyplan.com\/en\/","logo":{"@type":"ImageObject","inLanguage":"en-US","@id":"https:\/\/artyplan.com\/en\/#\/schema\/logo\/image\/","url":"https:\/\/artyplan.com\/wp-content\/uploads\/2025\/12\/Logo-artyplan-690x690-1.png","contentUrl":"https:\/\/artyplan.com\/wp-content\/uploads\/2025\/12\/Logo-artyplan-690x690-1.png","width":690,"height":690,"caption":"Artyplan"},"image":{"@id":"https:\/\/artyplan.com\/en\/#\/schema\/logo\/image\/"},"sameAs":["https:\/\/www.facebook.com\/artyplan","https:\/\/www.instagram.com\/artyplan\/","https:\/\/www.linkedin.com\/company\/artyplan"],"description":"Artyplan es una empresa especializada en producci\u00f3n gr\u00e1fica y comunicaci\u00f3n visual con 60 a\u00f1os de experiencia. Ofrecemos soluciones integrales de impresi\u00f3n en gran formato, PLV y retail, gesti\u00f3n de eventos y ferias, dise\u00f1o y fabricaci\u00f3n a medida, log\u00edstica y servicios de instalaci\u00f3n en todo el territorio. Trabajamos para marcas, agencias, espacios comerciales e instituciones que necesitan un partner fiable para desarrollar campa\u00f1as de marketing, proyectos de retail y acciones de branding o marketing. Combinamos tecnolog\u00eda avanzada de impresi\u00f3n digital, un equipo experto y una gesti\u00f3n completa de proyectos para garantizar calidad, agilidad y resultados a medida para cada cliente. Disponemos de plataformas B2B que facilitan a nuestros clientes la gesti\u00f3n de sus pedidos de materiales impresos as\u00ed como la log\u00edstica de los mismos.","email":"info@artyplan.com","telephone":"+34 93 200 87 99","legalName":"Artyplan S.L.","vatID":"B61963229","numberOfEmployees":{"@type":"QuantitativeValue","minValue":"51","maxValue":"200"}}]}},"_links":{"self":[{"href":"https:\/\/artyplan.com\/en\/wp-json\/wp\/v2\/pages\/14324","targetHints":{"allow":["GET"]}}],"collection":[{"href":"https:\/\/artyplan.com\/en\/wp-json\/wp\/v2\/pages"}],"about":[{"href":"https:\/\/artyplan.com\/en\/wp-json\/wp\/v2\/types\/page"}],"author":[{"embeddable":true,"href":"https:\/\/artyplan.com\/en\/wp-json\/wp\/v2\/users\/4"}],"replies":[{"embeddable":true,"href":"https:\/\/artyplan.com\/en\/wp-json\/wp\/v2\/comments?post=14324"}],"version-history":[{"count":1,"href":"https:\/\/artyplan.com\/en\/wp-json\/wp\/v2\/pages\/14324\/revisions"}],"predecessor-version":[{"id":14325,"href":"https:\/\/artyplan.com\/en\/wp-json\/wp\/v2\/pages\/14324\/revisions\/14325"}],"wp:attachment":[{"href":"https:\/\/artyplan.com\/en\/wp-json\/wp\/v2\/media?parent=14324"}],"curies":[{"name":"wp","href":"https:\/\/api.w.org\/{rel}","templated":true}]}}