{"id":14326,"date":"2023-06-28T13:24:59","date_gmt":"2023-06-28T11:24:59","guid":{"rendered":"https:\/\/artyplan.com\/cookie-policy\/"},"modified":"2026-02-23T13:11:15","modified_gmt":"2026-02-23T11:11:15","slug":"cookie-policy","status":"publish","type":"page","link":"https:\/\/artyplan.com\/en\/cookie-policy\/","title":{"rendered":"Cookie Policy"},"content":{"rendered":"\t\t<div data-elementor-type=\"wp-page\" data-elementor-id=\"14326\" class=\"elementor elementor-14326 elementor-309\" data-elementor-post-type=\"page\">\n\t\t\t\t<main class=\"elementor-element elementor-element-5361e48 e-flex e-con-boxed e-con e-parent\" data-id=\"5361e48\" data-element_type=\"container\" data-e-type=\"container\">\n\t\t\t\t\t<div class=\"e-con-inner\">\n\t\t<section class=\"elementor-element elementor-element-5bfad47 e-flex e-con-boxed e-con e-child\" data-id=\"5bfad47\" data-element_type=\"container\" data-e-type=\"container\">\n\t\t\t\t\t<div class=\"e-con-inner\">\n\t\t\t\t<div class=\"elementor-element elementor-element-46c4045 elementor-widget elementor-widget-heading\" data-id=\"46c4045\" data-element_type=\"widget\" data-e-type=\"widget\" data-widget_type=\"heading.default\">\n\t\t\t\t<div class=\"elementor-widget-container\">\n\t\t\t\t\t<h1 class=\"elementor-heading-title elementor-size-default\">Cookie Policy<\/h1>\t\t\t\t<\/div>\n\t\t\t\t<\/div>\n\t\t\t\t<div class=\"elementor-element elementor-element-ff3213c elementor-widget elementor-widget-text-editor\" data-id=\"ff3213c\" data-element_type=\"widget\" data-e-type=\"widget\" data-widget_type=\"text-editor.default\">\n\t\t\t\t<div class=\"elementor-widget-container\">\n\t\t\t\t\t\t\t\t\t<p><span data-contrast=\"auto\">This website uses first-party and third-party cookies to provide you with a better browsing experience, allow content sharing on social media and obtain user statistics.<\/span><span data-ccp-props=\"{\"335559738\":240,\"335559739\":240}\"> <\/span><\/p><p><span data-contrast=\"auto\">You can prevent cookies from being downloaded by adjusting your browser settings, thereby preventing cookies from being stored on your device.<\/span><span data-ccp-props=\"{\"335559738\":240,\"335559739\":240}\"> <\/span><\/p><p><span data-contrast=\"auto\">We do not use any personal information obtained through cookies. We only compile general visit statistics that do not include personal data.<\/span><span data-ccp-props=\"{\"335559738\":240,\"335559739\":240}\"> <\/span><\/p><p><span data-contrast=\"auto\">It is important that you read this Cookie Policy and understand that, if you continue browsing, we will consider that you accept their use.<br><\/span><span data-ccp-props=\"{\"335559738\":240,\"335559739\":240}\"> <\/span><\/p><p><span data-contrast=\"auto\">In accordance with the provisions of Article 22.2 of Law 34\/2002 on Information Society Services and Electronic Commerce, by continuing to browse you are giving your consent to the use of the aforementioned mechanisms.<\/span><span data-ccp-props=\"{\"335559738\":240,\"335559739\":240}\"> <\/span><\/p><h2><b><span data-contrast=\"none\">Responsible Entity<\/span><\/b><span data-ccp-props=\"{\"134245418\":false,\"134245529\":false,\"335559738\":280,\"335559739\":80}\"> <\/span><\/h2><p><span data-contrast=\"auto\">The entity responsible for the collection, processing and use of your personal data, in accordance with the Personal Data Protection Law, is ARTYPLAN S.L., owned by Ignasi Pietx \u2013 C\/ Avenir 42, 08021 Barcelona, Spain.<\/span><span data-ccp-props=\"{\"335559738\":240,\"335559739\":240}\"> <\/span><\/p><h2><b><span data-contrast=\"none\">What are cookies?<\/span><\/b><span data-ccp-props=\"{\"134245418\":false,\"134245529\":false,\"335559738\":280,\"335559739\":80}\"> <\/span><\/h2><p><span data-contrast=\"auto\">Cookies are a set of data that a server places in the user\u2019s browser in order to collect standard Internet log information and information about visitor behaviour on a website. In other words, they are small text files stored on your computer\u2019s hard drive that are used to identify the user when they return to the website.<br> <\/span><span data-ccp-props=\"{\"335559738\":240,\"335559739\":240}\"> <\/span><\/p><p><span data-contrast=\"auto\">Their purpose is to record the user\u2019s visit and store certain information. Their use is common and frequent on the web, as they allow pages to function more efficiently and provide greater personalisation and analysis of user behaviour. <\/span><span data-ccp-props=\"{\"335559738\":240,\"335559739\":240}\"> <\/span><\/p><h2><b><span data-contrast=\"none\">What types of cookies are there?<\/span><\/b><span data-ccp-props=\"{\"134245418\":false,\"134245529\":false,\"335559738\":280,\"335559739\":80}\"> <\/span><\/h2><p><span data-contrast=\"auto\">The cookies used on our website are session and third-party cookies. They allow us to store and access information related to language, the type of browser used and other general characteristics predefined by the user, as well as to track and analyse user activity in order to introduce improvements and provide our services in a more efficient and personalised manner.<br><\/span><span data-ccp-props=\"{\"335559738\":240,\"335559739\":240}\"> <\/span><\/p><p><span data-contrast=\"auto\">Depending on their duration, cookies may be divided into session or persistent cookies. Session cookies expire when the user closes the browser. Persistent cookies expire once the purpose for which they were created has been fulfilled or when they are manually deleted.  <\/span><span data-ccp-props=\"{\"335559738\":240,\"335559739\":240}\"> <\/span><\/p>\t\t\t\t\t\t\t\t<\/div>\n\t\t\t\t<\/div>\n\t\t\t\t<div class=\"elementor-element elementor-element-f640c01 elementor-widget elementor-widget-html\" data-id=\"f640c01\" data-element_type=\"widget\" data-e-type=\"widget\" data-widget_type=\"html.default\">\n\t\t\t\t<div class=\"elementor-widget-container\">\n\t\t\t\t\t<style>\n  .cookie-table-wrap{\n    \/* no background or outer border *\/\n    padding:0; margin:0; background:transparent;\n  }\n  .cookie-table{\n    width:100%;\n    border-collapse:collapse;\n    background:transparent;\n    color:inherit;\n    font-size:16px; line-height:1.45;\n    border:1px solid #000; \/* black outer border *\/\n  }\n  .cookie-table caption{ position:absolute; left:-9999px; }\n  .cookie-table th,\n  .cookie-table td{\n    padding:16px 18px; vertical-align:top;\n    border:1px solid #000; \/* black inner borders *\/\n  }\n  .cookie-table thead th{ text-align:left; font-weight:800; letter-spacing:.3px; }\n  .cookie-table code{\n    background:transparent; \/* no background *\/\n    padding:0 2px;\n    font-family:ui-monospace,SFMono-Regular,Menlo,monospace;\n  }\n  \/* no hover background *\/\n  .cookie-table tbody tr:hover td{ background:transparent; }\n\n  \/* Responsive: stacked table on mobile, with black borders *\/\n  @media (max-width:768px){\n    .cookie-table thead{ display:none; }\n    .cookie-table{ border:0; }\n    .cookie-table, .cookie-table tbody, .cookie-table tr, .cookie-table td{\n      display:block; width:100%;\n    }\n    .cookie-table tbody tr{\n      margin:0 0 16px;\n      border:1px solid #000; \/* card border *\/\n      background:transparent;\n    }\n    .cookie-table tbody td{\n      border:0;\n      border-top:1px solid #000; \/* inner separators *\/\n      padding:12px 16px;\n    }\n    .cookie-table tbody td:first-child{ border-top:0; }\n    .cookie-table tbody td::before{\n      content:attr(data-label);\n      display:block; font-size:.85rem; margin-bottom:4px;\n      font-weight:600; color:#000; opacity:.85;\n    }\n  }\n<\/style>\n\n<div class=\"cookie-table-wrap\">\n  <table class=\"cookie-table\" aria-describedby=\"cookies-desc\">\n    <caption id=\"cookies-desc\">List of Google Analytics cookies<\/caption>\n    <thead>\n      <tr>\n        <th>Name<\/th>\n        <th>Type<\/th>\n        <th>Expiry<\/th>\n        <th>Purpose<\/th>\n        <th>Category<\/th>\n      <\/tr>\n    <\/thead>\n    <tbody>\n      <tr>\n        <td data-label=\"Name\"><code>__utma<\/code><\/td>\n        <td data-label=\"Type\">Third-party<br\/>(Google Analytics)<\/td>\n        <td data-label=\"Expiry\">2 years<\/td>\n        <td data-label=\"Purpose\">Used to distinguish users and sessions.<\/td>\n        <td data-label=\"Category\">Not Exempt<\/td>\n      <\/tr>\n      <tr>\n        <td data-label=\"Name\"><code>__utmb<\/code><\/td>\n        <td data-label=\"Type\">Third-party<br\/>(Google Analytics)<\/td>\n        <td data-label=\"Expiry\">30 minutes<\/td>\n        <td data-label=\"Purpose\">Used to determine new sessions or visits.<\/td>\n        <td data-label=\"Category\">Not Exempt<\/td>\n      <\/tr>\n      <tr>\n        <td data-label=\"Name\"><code>__utmc<\/code><\/td>\n        <td data-label=\"Type\">Third-party<br\/>(Google Analytics)<\/td>\n        <td data-label=\"Expiry\">At the end of the session<\/td>\n        <td data-label=\"Purpose\">Configured for use with Urchin.<\/td>\n        <td data-label=\"Category\">Not Exempt<\/td>\n      <\/tr>\n      <tr>\n        <td data-label=\"Name\"><code>__utmz<\/code><\/td>\n        <td data-label=\"Type\">Third-party<br\/>(Google Analytics)<\/td>\n        <td data-label=\"Expiry\">6 months<\/td>\n        <td data-label=\"Purpose\">Stores the source or campaign that explains how the user reached the website.<\/td>\n        <td data-label=\"Category\">Not Exempt<\/td>\n      <\/tr>\n    <\/tbody>\n  <\/table>\n<\/div>\t\t\t\t<\/div>\n\t\t\t\t<\/div>\n\t\t\t\t<div class=\"elementor-element elementor-element-6d784d5 elementor-widget elementor-widget-text-editor\" data-id=\"6d784d5\" data-element_type=\"widget\" data-e-type=\"widget\" data-widget_type=\"text-editor.default\">\n\t\t\t\t<div class=\"elementor-widget-container\">\n\t\t\t\t\t\t\t\t\t<p><span data-contrast=\"auto\">Additionally, depending on their purpose, cookies can be classified as follows:<br><\/span><\/p><h2><b><span data-contrast=\"none\">Performance cookies<\/span><\/b><\/h2><p><span data-contrast=\"auto\">Performance cookies<br>This type of cookie remembers your preferences for tools within the services, so you do not need to reconfigure the service each time you visit. For example, this category includes: volume settings for video or audio players, or video streaming speeds compatible with your browser.<br>  <\/span><\/p><h6 aria-level=\"3\"> <\/h6><h2><b><span data-contrast=\"none\">Geolocation cookies<\/span><\/b><\/h2><p><span data-contrast=\"auto\">These cookies are used to identify the country from which a service is requested. This cookie is completely anonymous and is only used to help tailor content to your location. <\/span><\/p><h6 aria-level=\"3\"> <\/h6><h2><b><span data-contrast=\"none\">Analytics cookies<\/span><\/b><\/h2><p><span data-contrast=\"auto\">Each time a user visits a service, a third-party provider tool generates an analytics cookie on the user\u2019s device. This cookie, which is generated only during the visit, will be used on future visits to anonymously identify the visitor. The main purposes are:  <\/span><\/p><p><span data-contrast=\"auto\">To enable the anonymous identification of browsing users through the cookie (identifying browsers and devices, not individuals) and therefore the approximate calculation of the number of visitors and their trend over time.<br><br><\/span><\/p><p><span data-contrast=\"auto\">To anonymously identify the most visited content and therefore the most attractive to users. To determine whether the user accessing the site is a new or returning visitor.<br><br><\/span><\/p><p><span data-contrast=\"auto\">These cookies will only be used for statistical purposes to help optimise users\u2019 experience on the site.<\/span><\/p><h6 aria-level=\"3\"> <\/h6><h2><b><span data-contrast=\"none\">Advertising cookies<\/span><\/b><\/h2><p><span data-contrast=\"auto\">These types of cookies allow the information of the advertisements shown to each anonymous user on the services of ARTYPLAN S.L. to be expanded. Among other data, they store the duration or frequency of viewing advertising placements, interaction with them, or users\u2019 browsing patterns and\/or behaviour, as they help to build a profile of advertising interest. In this way, they make it possible to offer advertising aligned with the user\u2019s interests. <\/span><\/p><h6 aria-level=\"3\"> <\/h6><h2><b><span data-contrast=\"none\">How can I disable cookies in my browser?<\/span><\/b><\/h2><p><span data-contrast=\"auto\">Different browsers can be configured to notify the user of the receipt of cookies and, if desired, prevent their installation on the device. Likewise, users can review in their browser which cookies are installed and their expiry period, and delete them.<br><br> <\/span><\/p><p><span data-contrast=\"auto\">For further information, please consult your browser\u2019s instructions and manuals:<br><\/span><\/p><p>For more information on how to manage cookies in Google Chrome:<a href=\"https:\/\/support.google.com\/chrome\/answer\/95647?hl=en\"> Click here<\/a><\/p><p>For more information on how to manage cookies in Internet Explorer: <a href=\"http:\/\/windows.microsoft.com\/en-us\/windows-vista\/cookies-frequently-asked-questions\">Click here<\/a><\/p><p>For more information on how to manage cookies in Mozilla Firefox: <a href=\"http:\/\/support.mozilla.org\/en\/kb\/enable-and-disable-cookies-website-preferences\">Click here<\/a><br><br><\/p><p>For more information on how to manage cookies in Safari: <a href=\"http:\/\/www.apple.com\/privacy\/use-of-cookies\/\">Click here<\/a><\/p><p>For more information on how to manage cookies in Opera:<a href=\"http:\/\/help.opera.com\/Windows\/11.50\/en\/cookies.html\"> Click here<\/a><\/p><p>If you wish to opt out of Google Analytics tracking, please visit: <a href=\"http:\/\/tools.google.com\/dlpage\/gaoptout\">Click here<\/a><\/p><h6 aria-level=\"3\"> <\/h6><h2><b><span data-contrast=\"none\">To learn more about cookies<\/span><\/b><\/h2><p>You can obtain further information about online behavioural advertising and online privacy at the following link: <a href=\"http:\/\/www.youronlinechoices.com\/es\/\">Click here<\/a><\/p><p>Google Analytics data protection: <a href=\"http:\/\/www.google.com\/analytics\/learn\/privacy.html\">Click here<\/a><\/p><p>How Google Analytics uses cookies: <a href=\"https:\/\/developers.google.com\/analytics\/devguides\/collection\/analyticsjs\/cookie-usage?hl=es#analyticsjs\">Click here<\/a><\/p><h6 aria-level=\"3\"> <\/h6><h2><b><span data-contrast=\"none\">Updates and changes to the privacy\/cookies policy<\/span><\/b><\/h2><p><span data-contrast=\"auto\">ARTYPLAN S.L. websites may modify this Cookies Policy in accordance with legislative or regulatory requirements, or in order to adapt this policy to instructions issued by the Spanish Data Protection Agency. Users are therefore advised to visit it periodically.<\/span><\/p>\t\t\t\t\t\t\t\t<\/div>\n\t\t\t\t<\/div>\n\t\t\t\t\t<\/div>\n\t\t\t\t<\/section>\n\t\t\t\t\t<\/div>\n\t\t\t\t<\/main>\n\t\t\t\t<\/div>\n\t\t","protected":false},"excerpt":{"rendered":"<p>Cookie Policy This website uses first-party and third-party cookies to provide you with a better browsing experience, allow content sharing on social media and obtain user statistics. You can prevent cookies from being downloaded by adjusting your browser settings, thereby preventing cookies from being stored on your device. We do not use any personal information [&hellip;]<\/p>\n","protected":false},"author":3,"featured_media":0,"parent":0,"menu_order":0,"comment_status":"closed","ping_status":"closed","template":"elementor_header_footer","meta":{"footnotes":""},"class_list":["post-14326","page","type-page","status-publish","hentry"],"yoast_head":"<!-- This site is optimized with the Yoast SEO Premium plugin v26.5 (Yoast SEO v26.5) - https:\/\/yoast.com\/wordpress\/plugins\/seo\/ -->\n<title>Cookies Policy | Artyplan<\/title>\n<meta name=\"description\" content=\"Learn about the cookies used on Artyplan\u2019s website, including technical, analytics and advertising cookies, and how to manage your consent.\" \/>\n<meta name=\"robots\" content=\"index, follow, max-snippet:-1, max-image-preview:large, max-video-preview:-1\" \/>\n<link rel=\"canonical\" href=\"https:\/\/artyplan.com\/en\/cookie-policy\/\" \/>\n<meta property=\"og:locale\" content=\"en_US\" \/>\n<meta property=\"og:type\" content=\"article\" \/>\n<meta property=\"og:title\" content=\"Cookie Policy\" \/>\n<meta property=\"og:description\" content=\"Learn about the cookies used on Artyplan\u2019s website, including technical, analytics and advertising cookies, and how to manage your consent.\" \/>\n<meta property=\"og:url\" content=\"https:\/\/artyplan.com\/en\/cookie-policy\/\" \/>\n<meta property=\"og:site_name\" content=\"Artyplan\" \/>\n<meta property=\"article:publisher\" content=\"https:\/\/www.facebook.com\/artyplan\" \/>\n<meta property=\"article:modified_time\" content=\"2026-02-23T11:11:15+00:00\" \/>\n<meta name=\"twitter:card\" content=\"summary_large_image\" \/>\n<meta name=\"twitter:label1\" content=\"Est. reading time\" \/>\n\t<meta name=\"twitter:data1\" content=\"5 minutes\" \/>\n<script type=\"application\/ld+json\" class=\"yoast-schema-graph\">{\"@context\":\"https:\/\/schema.org\",\"@graph\":[{\"@type\":\"WebPage\",\"@id\":\"https:\/\/artyplan.com\/en\/cookie-policy\/\",\"url\":\"https:\/\/artyplan.com\/en\/cookie-policy\/\",\"name\":\"Cookies Policy | Artyplan\",\"isPartOf\":{\"@id\":\"https:\/\/artyplan.com\/en\/#website\"},\"datePublished\":\"2023-06-28T11:24:59+00:00\",\"dateModified\":\"2026-02-23T11:11:15+00:00\",\"description\":\"Learn about the cookies used on Artyplan\u2019s website, including technical, analytics and advertising cookies, and how to manage your consent.\",\"breadcrumb\":{\"@id\":\"https:\/\/artyplan.com\/en\/cookie-policy\/#breadcrumb\"},\"inLanguage\":\"en-US\",\"potentialAction\":[{\"@type\":\"ReadAction\",\"target\":[\"https:\/\/artyplan.com\/en\/cookie-policy\/\"]}]},{\"@type\":\"BreadcrumbList\",\"@id\":\"https:\/\/artyplan.com\/en\/cookie-policy\/#breadcrumb\",\"itemListElement\":[{\"@type\":\"ListItem\",\"position\":1,\"name\":\"Artyplan\",\"item\":\"https:\/\/artyplan.com\/en\/\"},{\"@type\":\"ListItem\",\"position\":2,\"name\":\"Cookie Policy\"}]},{\"@type\":\"WebSite\",\"@id\":\"https:\/\/artyplan.com\/en\/#website\",\"url\":\"https:\/\/artyplan.com\/en\/\",\"name\":\"Artyplan\",\"description\":\"\",\"publisher\":{\"@id\":\"https:\/\/artyplan.com\/en\/#organization\"},\"potentialAction\":[{\"@type\":\"SearchAction\",\"target\":{\"@type\":\"EntryPoint\",\"urlTemplate\":\"https:\/\/artyplan.com\/en\/?s={search_term_string}\"},\"query-input\":{\"@type\":\"PropertyValueSpecification\",\"valueRequired\":true,\"valueName\":\"search_term_string\"}}],\"inLanguage\":\"en-US\"},{\"@type\":\"Organization\",\"@id\":\"https:\/\/artyplan.com\/en\/#organization\",\"name\":\"Artyplan\",\"url\":\"https:\/\/artyplan.com\/en\/\",\"logo\":{\"@type\":\"ImageObject\",\"inLanguage\":\"en-US\",\"@id\":\"https:\/\/artyplan.com\/en\/#\/schema\/logo\/image\/\",\"url\":\"https:\/\/artyplan.com\/wp-content\/uploads\/2025\/12\/Logo-artyplan-690x690-1.png\",\"contentUrl\":\"https:\/\/artyplan.com\/wp-content\/uploads\/2025\/12\/Logo-artyplan-690x690-1.png\",\"width\":690,\"height\":690,\"caption\":\"Artyplan\"},\"image\":{\"@id\":\"https:\/\/artyplan.com\/en\/#\/schema\/logo\/image\/\"},\"sameAs\":[\"https:\/\/www.facebook.com\/artyplan\",\"https:\/\/www.instagram.com\/artyplan\/\",\"https:\/\/www.linkedin.com\/company\/artyplan\"],\"description\":\"Artyplan es una empresa especializada en producci\u00f3n gr\u00e1fica y comunicaci\u00f3n visual con 60 a\u00f1os de experiencia. Ofrecemos soluciones integrales de impresi\u00f3n en gran formato, PLV y retail, gesti\u00f3n de eventos y ferias, dise\u00f1o y fabricaci\u00f3n a medida, log\u00edstica y servicios de instalaci\u00f3n en todo el territorio. Trabajamos para marcas, agencias, espacios comerciales e instituciones que necesitan un partner fiable para desarrollar campa\u00f1as de marketing, proyectos de retail y acciones de branding o marketing. Combinamos tecnolog\u00eda avanzada de impresi\u00f3n digital, un equipo experto y una gesti\u00f3n completa de proyectos para garantizar calidad, agilidad y resultados a medida para cada cliente. Disponemos de plataformas B2B que facilitan a nuestros clientes la gesti\u00f3n de sus pedidos de materiales impresos as\u00ed como la log\u00edstica de los mismos.\",\"email\":\"info@artyplan.com\",\"telephone\":\"+34 93 200 87 99\",\"legalName\":\"Artyplan S.L.\",\"vatID\":\"B61963229\",\"numberOfEmployees\":{\"@type\":\"QuantitativeValue\",\"minValue\":\"51\",\"maxValue\":\"200\"}}]}<\/script>\n<!-- \/ Yoast SEO Premium plugin. -->","yoast_head_json":{"title":"Cookies Policy | Artyplan","description":"Learn about the cookies used on Artyplan\u2019s website, including technical, analytics and advertising cookies, and how to manage your consent.","robots":{"index":"index","follow":"follow","max-snippet":"max-snippet:-1","max-image-preview":"max-image-preview:large","max-video-preview":"max-video-preview:-1"},"canonical":"https:\/\/artyplan.com\/en\/cookie-policy\/","og_locale":"en_US","og_type":"article","og_title":"Cookie Policy","og_description":"Learn about the cookies used on Artyplan\u2019s website, including technical, analytics and advertising cookies, and how to manage your consent.","og_url":"https:\/\/artyplan.com\/en\/cookie-policy\/","og_site_name":"Artyplan","article_publisher":"https:\/\/www.facebook.com\/artyplan","article_modified_time":"2026-02-23T11:11:15+00:00","twitter_card":"summary_large_image","twitter_misc":{"Est. reading time":"5 minutes"},"schema":{"@context":"https:\/\/schema.org","@graph":[{"@type":"WebPage","@id":"https:\/\/artyplan.com\/en\/cookie-policy\/","url":"https:\/\/artyplan.com\/en\/cookie-policy\/","name":"Cookies Policy | Artyplan","isPartOf":{"@id":"https:\/\/artyplan.com\/en\/#website"},"datePublished":"2023-06-28T11:24:59+00:00","dateModified":"2026-02-23T11:11:15+00:00","description":"Learn about the cookies used on Artyplan\u2019s website, including technical, analytics and advertising cookies, and how to manage your consent.","breadcrumb":{"@id":"https:\/\/artyplan.com\/en\/cookie-policy\/#breadcrumb"},"inLanguage":"en-US","potentialAction":[{"@type":"ReadAction","target":["https:\/\/artyplan.com\/en\/cookie-policy\/"]}]},{"@type":"BreadcrumbList","@id":"https:\/\/artyplan.com\/en\/cookie-policy\/#breadcrumb","itemListElement":[{"@type":"ListItem","position":1,"name":"Artyplan","item":"https:\/\/artyplan.com\/en\/"},{"@type":"ListItem","position":2,"name":"Cookie Policy"}]},{"@type":"WebSite","@id":"https:\/\/artyplan.com\/en\/#website","url":"https:\/\/artyplan.com\/en\/","name":"Artyplan","description":"","publisher":{"@id":"https:\/\/artyplan.com\/en\/#organization"},"potentialAction":[{"@type":"SearchAction","target":{"@type":"EntryPoint","urlTemplate":"https:\/\/artyplan.com\/en\/?s={search_term_string}"},"query-input":{"@type":"PropertyValueSpecification","valueRequired":true,"valueName":"search_term_string"}}],"inLanguage":"en-US"},{"@type":"Organization","@id":"https:\/\/artyplan.com\/en\/#organization","name":"Artyplan","url":"https:\/\/artyplan.com\/en\/","logo":{"@type":"ImageObject","inLanguage":"en-US","@id":"https:\/\/artyplan.com\/en\/#\/schema\/logo\/image\/","url":"https:\/\/artyplan.com\/wp-content\/uploads\/2025\/12\/Logo-artyplan-690x690-1.png","contentUrl":"https:\/\/artyplan.com\/wp-content\/uploads\/2025\/12\/Logo-artyplan-690x690-1.png","width":690,"height":690,"caption":"Artyplan"},"image":{"@id":"https:\/\/artyplan.com\/en\/#\/schema\/logo\/image\/"},"sameAs":["https:\/\/www.facebook.com\/artyplan","https:\/\/www.instagram.com\/artyplan\/","https:\/\/www.linkedin.com\/company\/artyplan"],"description":"Artyplan es una empresa especializada en producci\u00f3n gr\u00e1fica y comunicaci\u00f3n visual con 60 a\u00f1os de experiencia. Ofrecemos soluciones integrales de impresi\u00f3n en gran formato, PLV y retail, gesti\u00f3n de eventos y ferias, dise\u00f1o y fabricaci\u00f3n a medida, log\u00edstica y servicios de instalaci\u00f3n en todo el territorio. Trabajamos para marcas, agencias, espacios comerciales e instituciones que necesitan un partner fiable para desarrollar campa\u00f1as de marketing, proyectos de retail y acciones de branding o marketing. Combinamos tecnolog\u00eda avanzada de impresi\u00f3n digital, un equipo experto y una gesti\u00f3n completa de proyectos para garantizar calidad, agilidad y resultados a medida para cada cliente. Disponemos de plataformas B2B que facilitan a nuestros clientes la gesti\u00f3n de sus pedidos de materiales impresos as\u00ed como la log\u00edstica de los mismos.","email":"info@artyplan.com","telephone":"+34 93 200 87 99","legalName":"Artyplan S.L.","vatID":"B61963229","numberOfEmployees":{"@type":"QuantitativeValue","minValue":"51","maxValue":"200"}}]}},"_links":{"self":[{"href":"https:\/\/artyplan.com\/en\/wp-json\/wp\/v2\/pages\/14326","targetHints":{"allow":["GET"]}}],"collection":[{"href":"https:\/\/artyplan.com\/en\/wp-json\/wp\/v2\/pages"}],"about":[{"href":"https:\/\/artyplan.com\/en\/wp-json\/wp\/v2\/types\/page"}],"author":[{"embeddable":true,"href":"https:\/\/artyplan.com\/en\/wp-json\/wp\/v2\/users\/3"}],"replies":[{"embeddable":true,"href":"https:\/\/artyplan.com\/en\/wp-json\/wp\/v2\/comments?post=14326"}],"version-history":[{"count":4,"href":"https:\/\/artyplan.com\/en\/wp-json\/wp\/v2\/pages\/14326\/revisions"}],"predecessor-version":[{"id":14330,"href":"https:\/\/artyplan.com\/en\/wp-json\/wp\/v2\/pages\/14326\/revisions\/14330"}],"wp:attachment":[{"href":"https:\/\/artyplan.com\/en\/wp-json\/wp\/v2\/media?parent=14326"}],"curies":[{"name":"wp","href":"https:\/\/api.w.org\/{rel}","templated":true}]}}