{"id":14337,"date":"2025-08-08T08:27:17","date_gmt":"2025-08-08T06:27:17","guid":{"rendered":"https:\/\/artyplan.com\/services\/"},"modified":"2026-02-23T13:14:52","modified_gmt":"2026-02-23T11:14:52","slug":"services","status":"publish","type":"page","link":"https:\/\/artyplan.com\/en\/services\/","title":{"rendered":"Services"},"content":{"rendered":"\t\t<div data-elementor-type=\"wp-page\" data-elementor-id=\"14337\" class=\"elementor elementor-14337 elementor-2437\" data-elementor-post-type=\"page\">\n\t\t\t\t<main class=\"elementor-element elementor-element-7eea281d e-con-full e-flex e-con e-parent\" data-id=\"7eea281d\" data-element_type=\"container\" data-e-type=\"container\">\n\t\t<div class=\"elementor-element elementor-element-a37da42 e-flex e-con-boxed e-con e-child\" data-id=\"a37da42\" data-element_type=\"container\" data-e-type=\"container\">\n\t\t\t\t\t<div class=\"e-con-inner\">\n\t\t\t\t<div class=\"elementor-element elementor-element-ac1609f elementor-widget elementor-widget-theme-post-title elementor-page-title elementor-widget-heading\" data-id=\"ac1609f\" data-element_type=\"widget\" data-e-type=\"widget\" data-widget_type=\"theme-post-title.default\">\n\t\t\t\t<div class=\"elementor-widget-container\">\n\t\t\t\t\t<h1 class=\"elementor-heading-title elementor-size-default\">Services<\/h1>\t\t\t\t<\/div>\n\t\t\t\t<\/div>\n\t\t\t\t<div class=\"elementor-element elementor-element-997e039 elementor-widget elementor-widget-breadcrumbs\" data-id=\"997e039\" data-element_type=\"widget\" data-e-type=\"widget\" data-widget_type=\"breadcrumbs.default\">\n\t\t\t\t<div class=\"elementor-widget-container\">\n\t\t\t\t\t<p id=\"breadcrumbs\"><span><span><a href=\"https:\/\/artyplan.com\/en\/\">Artyplan<\/a><\/span><\/span><\/p>\t\t\t\t<\/div>\n\t\t\t\t<\/div>\n\t\t\t\t\t<\/div>\n\t\t\t\t<\/div>\n\t\t<section class=\"elementor-element elementor-element-004d8da e-flex e-con-boxed e-con e-child\" data-id=\"004d8da\" data-element_type=\"container\" data-e-type=\"container\">\n\t\t\t\t\t<div class=\"e-con-inner\">\n\t\t<article class=\"elementor-element elementor-element-23e7936 e-con-full e-flex elementor-invisible e-con e-child\" data-id=\"23e7936\" data-element_type=\"container\" data-e-type=\"container\" data-settings=\"{&quot;animation&quot;:&quot;fadeInUp&quot;}\">\n\t\t\t\t<div class=\"elementor-element elementor-element-82e3bf4 elementor-widget__width-inherit elementor-position-top elementor-widget elementor-widget-image-box\" data-id=\"82e3bf4\" data-element_type=\"widget\" data-e-type=\"widget\" data-widget_type=\"image-box.default\">\n\t\t\t\t<div class=\"elementor-widget-container\">\n\t\t\t\t\t<div class=\"elementor-image-box-wrapper\"><figure class=\"elementor-image-box-img\"><a href=\"https:\/\/artyplan.com\/en\/services\/web-to-print\/\" tabindex=\"-1\"><img fetchpriority=\"high\" decoding=\"async\" width=\"2560\" height=\"1707\" src=\"https:\/\/artyplan.com\/wp-content\/uploads\/2025\/10\/web-to-print-1-scaled.png\" class=\"elementor-animation-grow attachment-full size-full wp-image-14331\" alt=\"Web to print\" srcset=\"https:\/\/artyplan.com\/wp-content\/uploads\/2025\/10\/web-to-print-1-scaled.png 2560w, https:\/\/artyplan.com\/wp-content\/uploads\/2025\/10\/web-to-print-1-300x200.png 300w, https:\/\/artyplan.com\/wp-content\/uploads\/2025\/10\/web-to-print-1-1024x683.png 1024w, https:\/\/artyplan.com\/wp-content\/uploads\/2025\/10\/web-to-print-1-768x512.png 768w, https:\/\/artyplan.com\/wp-content\/uploads\/2025\/10\/web-to-print-1-1536x1024.png 1536w, https:\/\/artyplan.com\/wp-content\/uploads\/2025\/10\/web-to-print-1-2048x1365.png 2048w\" sizes=\"(max-width: 2560px) 100vw, 2560px\" \/><\/a><\/figure><div class=\"elementor-image-box-content\"><h2 class=\"elementor-image-box-title\"><a href=\"https:\/\/artyplan.com\/en\/services\/web-to-print\/\">Web to print<\/a><\/h2><\/div><\/div>\t\t\t\t<\/div>\n\t\t\t\t<\/div>\n\t\t\t\t<\/article>\n\t\t<article class=\"elementor-element elementor-element-e2f30e8 e-con-full e-flex elementor-invisible e-con e-child\" data-id=\"e2f30e8\" data-element_type=\"container\" data-e-type=\"container\" data-settings=\"{&quot;animation&quot;:&quot;fadeInUp&quot;,&quot;animation_delay&quot;:120}\">\n\t\t\t\t<div class=\"elementor-element elementor-element-e8665f1 elementor-widget__width-inherit elementor-position-top elementor-widget elementor-widget-image-box\" data-id=\"e8665f1\" data-element_type=\"widget\" data-e-type=\"widget\" data-widget_type=\"image-box.default\">\n\t\t\t\t<div class=\"elementor-widget-container\">\n\t\t\t\t\t<div class=\"elementor-image-box-wrapper\"><figure class=\"elementor-image-box-img\"><a href=\"https:\/\/artyplan.com\/en\/services\/warehousing-order-picking-and-logistics\/\" tabindex=\"-1\"><img decoding=\"async\" width=\"2400\" height=\"1600\" src=\"https:\/\/artyplan.com\/wp-content\/uploads\/2025\/11\/almacenamiento-picking-logistica.png\" class=\"elementor-animation-grow attachment-full size-full wp-image-14332\" alt=\"Warehousing, order picking and integrated logistics\" srcset=\"https:\/\/artyplan.com\/wp-content\/uploads\/2025\/11\/almacenamiento-picking-logistica.png 2400w, https:\/\/artyplan.com\/wp-content\/uploads\/2025\/11\/almacenamiento-picking-logistica-300x200.png 300w, https:\/\/artyplan.com\/wp-content\/uploads\/2025\/11\/almacenamiento-picking-logistica-1024x683.png 1024w, https:\/\/artyplan.com\/wp-content\/uploads\/2025\/11\/almacenamiento-picking-logistica-768x512.png 768w, https:\/\/artyplan.com\/wp-content\/uploads\/2025\/11\/almacenamiento-picking-logistica-1536x1024.png 1536w, https:\/\/artyplan.com\/wp-content\/uploads\/2025\/11\/almacenamiento-picking-logistica-2048x1365.png 2048w\" sizes=\"(max-width: 2400px) 100vw, 2400px\" \/><\/a><\/figure><div class=\"elementor-image-box-content\"><h2 class=\"elementor-image-box-title\"><a href=\"https:\/\/artyplan.com\/en\/services\/warehousing-order-picking-and-logistics\/\">Warehousing, order picking and integrated logistics<\/a><\/h2><\/div><\/div>\t\t\t\t<\/div>\n\t\t\t\t<\/div>\n\t\t\t\t<\/article>\n\t\t<article class=\"elementor-element elementor-element-0a6a0a0 e-con-full e-flex elementor-invisible e-con e-child\" data-id=\"0a6a0a0\" data-element_type=\"container\" data-e-type=\"container\" data-settings=\"{&quot;animation&quot;:&quot;fadeInUp&quot;,&quot;animation_delay&quot;:240}\">\n\t\t\t\t<div class=\"elementor-element elementor-element-fa3e203 elementor-widget__width-inherit elementor-position-top elementor-widget elementor-widget-image-box\" data-id=\"fa3e203\" data-element_type=\"widget\" data-e-type=\"widget\" data-widget_type=\"image-box.default\">\n\t\t\t\t<div class=\"elementor-widget-container\">\n\t\t\t\t\t<div class=\"elementor-image-box-wrapper\"><figure class=\"elementor-image-box-img\"><a href=\"https:\/\/artyplan.com\/en\/services\/csc-customer-service-centre\/\" tabindex=\"-1\"><img decoding=\"async\" src=\"https:\/\/artyplan.com\/wp-content\/uploads\/2025\/11\/cac-card.png\" title=\"\" alt=\"Centro atenci\u00f3n al cliente\" class=\"elementor-animation-grow\" loading=\"lazy\" \/><\/a><\/figure><div class=\"elementor-image-box-content\"><h2 class=\"elementor-image-box-title\"><a href=\"https:\/\/artyplan.com\/en\/services\/csc-customer-service-centre\/\">CSC \u2013 Customer Service Centre<\/a><\/h2><\/div><\/div>\t\t\t\t<\/div>\n\t\t\t\t<\/div>\n\t\t\t\t<\/article>\n\t\t<article class=\"elementor-element elementor-element-279105a e-con-full e-flex elementor-invisible e-con e-child\" data-id=\"279105a\" data-element_type=\"container\" data-e-type=\"container\" data-settings=\"{&quot;animation&quot;:&quot;fadeInUp&quot;,&quot;animation_delay&quot;:360}\">\n\t\t\t\t<div class=\"elementor-element elementor-element-c5cc283 elementor-widget__width-inherit elementor-position-top elementor-widget elementor-widget-image-box\" data-id=\"c5cc283\" data-element_type=\"widget\" data-e-type=\"widget\" data-widget_type=\"image-box.default\">\n\t\t\t\t<div class=\"elementor-widget-container\">\n\t\t\t\t\t<div class=\"elementor-image-box-wrapper\"><figure class=\"elementor-image-box-img\"><a href=\"https:\/\/artyplan.com\/en\/services\/structural-design\/\" tabindex=\"-1\"><img decoding=\"async\" width=\"1344\" height=\"768\" src=\"https:\/\/artyplan.com\/wp-content\/uploads\/2025\/08\/diseno-estructural.png\" class=\"elementor-animation-grow attachment-full size-full wp-image-14334\" alt=\"Structural design\" srcset=\"https:\/\/artyplan.com\/wp-content\/uploads\/2025\/08\/diseno-estructural.png 1344w, https:\/\/artyplan.com\/wp-content\/uploads\/2025\/08\/diseno-estructural-300x171.png 300w, https:\/\/artyplan.com\/wp-content\/uploads\/2025\/08\/diseno-estructural-1024x585.png 1024w, https:\/\/artyplan.com\/wp-content\/uploads\/2025\/08\/diseno-estructural-768x439.png 768w\" sizes=\"(max-width: 1344px) 100vw, 1344px\" \/><\/a><\/figure><div class=\"elementor-image-box-content\"><h2 class=\"elementor-image-box-title\"><a href=\"https:\/\/artyplan.com\/en\/services\/structural-design\/\">Structural design<\/a><\/h2><\/div><\/div>\t\t\t\t<\/div>\n\t\t\t\t<\/div>\n\t\t\t\t<\/article>\n\t\t<article class=\"elementor-element elementor-element-4ed24d5 e-con-full e-flex elementor-invisible e-con e-child\" data-id=\"4ed24d5\" data-element_type=\"container\" data-e-type=\"container\" data-settings=\"{&quot;animation&quot;:&quot;fadeInUp&quot;,&quot;animation_delay&quot;:480}\">\n\t\t\t\t<div class=\"elementor-element elementor-element-dfc326a elementor-widget__width-inherit elementor-position-top elementor-widget elementor-widget-image-box\" data-id=\"dfc326a\" data-element_type=\"widget\" data-e-type=\"widget\" data-widget_type=\"image-box.default\">\n\t\t\t\t<div class=\"elementor-widget-container\">\n\t\t\t\t\t<div class=\"elementor-image-box-wrapper\"><figure class=\"elementor-image-box-img\"><a href=\"https:\/\/artyplan.com\/en\/services\/digital-publications\/\" tabindex=\"-1\"><img loading=\"lazy\" decoding=\"async\" width=\"2560\" height=\"1385\" src=\"https:\/\/artyplan.com\/wp-content\/uploads\/2025\/10\/publicaciones-digitales-scaled.png\" class=\"elementor-animation-grow attachment-full size-full wp-image-14335\" alt=\"Digital publications\" srcset=\"https:\/\/artyplan.com\/wp-content\/uploads\/2025\/10\/publicaciones-digitales-scaled.png 2560w, https:\/\/artyplan.com\/wp-content\/uploads\/2025\/10\/publicaciones-digitales-300x162.png 300w, https:\/\/artyplan.com\/wp-content\/uploads\/2025\/10\/publicaciones-digitales-1024x554.png 1024w, https:\/\/artyplan.com\/wp-content\/uploads\/2025\/10\/publicaciones-digitales-768x416.png 768w, https:\/\/artyplan.com\/wp-content\/uploads\/2025\/10\/publicaciones-digitales-1536x831.png 1536w, https:\/\/artyplan.com\/wp-content\/uploads\/2025\/10\/publicaciones-digitales-2048x1108.png 2048w\" sizes=\"(max-width: 2560px) 100vw, 2560px\" \/><\/a><\/figure><div class=\"elementor-image-box-content\"><h2 class=\"elementor-image-box-title\"><a href=\"https:\/\/artyplan.com\/en\/services\/digital-publications\/\">Digital publications<\/a><\/h2><\/div><\/div>\t\t\t\t<\/div>\n\t\t\t\t<\/div>\n\t\t\t\t<\/article>\n\t\t\t\t\t<\/div>\n\t\t\t\t<\/section>\n\t\t<section class=\"elementor-element elementor-element-67eab27 e-con-full e-flex e-con e-child\" data-id=\"67eab27\" data-element_type=\"container\" data-e-type=\"container\" data-settings=\"{&quot;background_background&quot;:&quot;classic&quot;}\">\n\t\t<div class=\"elementor-element elementor-element-b5134a2 e-con-full e-flex e-con e-child\" data-id=\"b5134a2\" data-element_type=\"container\" data-e-type=\"container\">\n\t\t\t\t<div class=\"elementor-element elementor-element-5d82e31 elementor-widget__width-initial elementor-invisible elementor-widget elementor-widget-heading\" data-id=\"5d82e31\" data-element_type=\"widget\" data-e-type=\"widget\" data-settings=\"{&quot;_animation&quot;:&quot;fadeInUp&quot;,&quot;_animation_delay&quot;:240}\" data-widget_type=\"heading.default\">\n\t\t\t\t<div class=\"elementor-widget-container\">\n\t\t\t\t\t<h2 class=\"elementor-heading-title elementor-size-default\">CAN\u2019T FIND WHAT YOU\u2019RE LOOKING FOR? <\/h2>\t\t\t\t<\/div>\n\t\t\t\t<\/div>\n\t\t\t\t<div class=\"elementor-element elementor-element-1462b1f elementor-widget__width-initial elementor-widget elementor-widget-heading\" data-id=\"1462b1f\" data-element_type=\"widget\" data-e-type=\"widget\" data-settings=\"{&quot;_animation&quot;:&quot;none&quot;,&quot;_animation_delay&quot;:480}\" data-widget_type=\"heading.default\">\n\t\t\t\t<div class=\"elementor-widget-container\">\n\t\t\t\t\t<h3 class=\"elementor-heading-title elementor-size-default\">Don\u2019t hesitate to contact us. We can help.  <\/h3>\t\t\t\t<\/div>\n\t\t\t\t<\/div>\n\t\t\t\t<div class=\"elementor-element elementor-element-5c18fa2 elementor-align-center elementor-widget-mobile__width-inherit animated-fast elementor-invisible elementor-widget elementor-widget-button\" data-id=\"5c18fa2\" data-element_type=\"widget\" data-e-type=\"widget\" data-settings=\"{&quot;_animation&quot;:&quot;fadeInDown&quot;,&quot;_animation_delay&quot;:0}\" aria-label=\"Ir a la secci\u00f3n Contacto\" data-widget_type=\"button.default\">\n\t\t\t\t<div class=\"elementor-widget-container\">\n\t\t\t\t\t\t\t\t\t<div class=\"elementor-button-wrapper\">\n\t\t\t\t\t<a class=\"elementor-button elementor-button-link elementor-size-md\" href=\"https:\/\/artyplan.com\/en\/contact\/\">\n\t\t\t\t\t\t<span class=\"elementor-button-content-wrapper\">\n\t\t\t\t\t\t<span class=\"elementor-button-icon\">\n\t\t\t\t<i aria-hidden=\"true\" class=\"fas fa-comments\"><\/i>\t\t\t<\/span>\n\t\t\t\t\t\t\t\t\t<span class=\"elementor-button-text\">Talk to an expert<\/span>\n\t\t\t\t\t<\/span>\n\t\t\t\t\t<\/a>\n\t\t\t\t<\/div>\n\t\t\t\t\t\t\t\t<\/div>\n\t\t\t\t<\/div>\n\t\t\t\t<\/div>\n\t\t\t\t<\/section>\n\t\t\t\t<\/main>\n\t\t\t\t<\/div>\n\t\t","protected":false},"excerpt":{"rendered":"<p>Web to print Warehousing, order picking and integrated logistics CSC \u2013 Customer Service Centre Structural design Digital publications CAN\u2019T FIND WHAT YOU\u2019RE LOOKING FOR? Don\u2019t hesitate to contact us. We can help. Talk to an expert<\/p>\n","protected":false},"author":3,"featured_media":14336,"parent":0,"menu_order":0,"comment_status":"closed","ping_status":"closed","template":"elementor_header_footer","meta":{"footnotes":""},"class_list":["post-14337","page","type-page","status-publish","has-post-thumbnail","hentry"],"yoast_head":"<!-- This site is optimized with the Yoast SEO Premium plugin v26.5 (Yoast SEO v26.5) - https:\/\/yoast.com\/wordpress\/plugins\/seo\/ -->\n<title>Visual Communication and Print Production Services<\/title>\n<meta name=\"description\" content=\"Real projects in sustainable printing and POS materials (POSM): design, production and logistics for brands and agencies. Get inspired by our work.\" \/>\n<meta name=\"robots\" content=\"index, follow, max-snippet:-1, max-image-preview:large, max-video-preview:-1\" \/>\n<link rel=\"canonical\" href=\"https:\/\/artyplan.com\/en\/services\/\" \/>\n<meta property=\"og:locale\" content=\"en_US\" \/>\n<meta property=\"og:type\" content=\"article\" \/>\n<meta property=\"og:title\" content=\"Services\" \/>\n<meta property=\"og:description\" content=\"Real projects in sustainable printing and POS materials (POSM): design, production and logistics for brands and agencies. Get inspired by our work.\" \/>\n<meta property=\"og:url\" content=\"https:\/\/artyplan.com\/en\/services\/\" \/>\n<meta property=\"og:site_name\" content=\"Artyplan\" \/>\n<meta property=\"article:publisher\" content=\"https:\/\/www.facebook.com\/artyplan\" \/>\n<meta property=\"article:modified_time\" content=\"2026-02-23T11:14:52+00:00\" \/>\n<meta property=\"og:image\" content=\"https:\/\/artyplan.com\/wp-content\/uploads\/2025\/08\/servicios-que-ofrecemos.png\" \/>\n\t<meta property=\"og:image:width\" content=\"1024\" \/>\n\t<meta property=\"og:image:height\" content=\"1024\" \/>\n\t<meta property=\"og:image:type\" content=\"image\/png\" \/>\n<meta name=\"twitter:card\" content=\"summary_large_image\" \/>\n<script type=\"application\/ld+json\" class=\"yoast-schema-graph\">{\"@context\":\"https:\/\/schema.org\",\"@graph\":[{\"@type\":\"WebPage\",\"@id\":\"https:\/\/artyplan.com\/en\/services\/\",\"url\":\"https:\/\/artyplan.com\/en\/services\/\",\"name\":\"Visual Communication and Print Production Services\",\"isPartOf\":{\"@id\":\"https:\/\/artyplan.com\/en\/#website\"},\"primaryImageOfPage\":{\"@id\":\"https:\/\/artyplan.com\/en\/services\/#primaryimage\"},\"image\":{\"@id\":\"https:\/\/artyplan.com\/en\/services\/#primaryimage\"},\"thumbnailUrl\":\"https:\/\/artyplan.com\/wp-content\/uploads\/2025\/08\/servicios-que-ofrecemos.png\",\"datePublished\":\"2025-08-08T06:27:17+00:00\",\"dateModified\":\"2026-02-23T11:14:52+00:00\",\"description\":\"Real projects in sustainable printing and POS materials (POSM): design, production and logistics for brands and agencies. Get inspired by our work.\",\"breadcrumb\":{\"@id\":\"https:\/\/artyplan.com\/en\/services\/#breadcrumb\"},\"inLanguage\":\"en-US\",\"potentialAction\":[{\"@type\":\"ReadAction\",\"target\":[\"https:\/\/artyplan.com\/en\/services\/\"]}]},{\"@type\":\"ImageObject\",\"inLanguage\":\"en-US\",\"@id\":\"https:\/\/artyplan.com\/en\/services\/#primaryimage\",\"url\":\"https:\/\/artyplan.com\/wp-content\/uploads\/2025\/08\/servicios-que-ofrecemos.png\",\"contentUrl\":\"https:\/\/artyplan.com\/wp-content\/uploads\/2025\/08\/servicios-que-ofrecemos.png\",\"width\":1024,\"height\":1024,\"caption\":\"Services we offer\"},{\"@type\":\"BreadcrumbList\",\"@id\":\"https:\/\/artyplan.com\/en\/services\/#breadcrumb\",\"itemListElement\":[{\"@type\":\"ListItem\",\"position\":1,\"name\":\"Artyplan\",\"item\":\"https:\/\/artyplan.com\/en\/\"},{\"@type\":\"ListItem\",\"position\":2,\"name\":\"Services\"}]},{\"@type\":\"WebSite\",\"@id\":\"https:\/\/artyplan.com\/en\/#website\",\"url\":\"https:\/\/artyplan.com\/en\/\",\"name\":\"Artyplan\",\"description\":\"\",\"publisher\":{\"@id\":\"https:\/\/artyplan.com\/en\/#organization\"},\"potentialAction\":[{\"@type\":\"SearchAction\",\"target\":{\"@type\":\"EntryPoint\",\"urlTemplate\":\"https:\/\/artyplan.com\/en\/?s={search_term_string}\"},\"query-input\":{\"@type\":\"PropertyValueSpecification\",\"valueRequired\":true,\"valueName\":\"search_term_string\"}}],\"inLanguage\":\"en-US\"},{\"@type\":\"Organization\",\"@id\":\"https:\/\/artyplan.com\/en\/#organization\",\"name\":\"Artyplan\",\"url\":\"https:\/\/artyplan.com\/en\/\",\"logo\":{\"@type\":\"ImageObject\",\"inLanguage\":\"en-US\",\"@id\":\"https:\/\/artyplan.com\/en\/#\/schema\/logo\/image\/\",\"url\":\"https:\/\/artyplan.com\/wp-content\/uploads\/2025\/12\/Logo-artyplan-690x690-1.png\",\"contentUrl\":\"https:\/\/artyplan.com\/wp-content\/uploads\/2025\/12\/Logo-artyplan-690x690-1.png\",\"width\":690,\"height\":690,\"caption\":\"Artyplan\"},\"image\":{\"@id\":\"https:\/\/artyplan.com\/en\/#\/schema\/logo\/image\/\"},\"sameAs\":[\"https:\/\/www.facebook.com\/artyplan\",\"https:\/\/www.instagram.com\/artyplan\/\",\"https:\/\/www.linkedin.com\/company\/artyplan\"],\"description\":\"Artyplan es una empresa especializada en producci\u00f3n gr\u00e1fica y comunicaci\u00f3n visual con 60 a\u00f1os de experiencia. Ofrecemos soluciones integrales de impresi\u00f3n en gran formato, PLV y retail, gesti\u00f3n de eventos y ferias, dise\u00f1o y fabricaci\u00f3n a medida, log\u00edstica y servicios de instalaci\u00f3n en todo el territorio. Trabajamos para marcas, agencias, espacios comerciales e instituciones que necesitan un partner fiable para desarrollar campa\u00f1as de marketing, proyectos de retail y acciones de branding o marketing. Combinamos tecnolog\u00eda avanzada de impresi\u00f3n digital, un equipo experto y una gesti\u00f3n completa de proyectos para garantizar calidad, agilidad y resultados a medida para cada cliente. Disponemos de plataformas B2B que facilitan a nuestros clientes la gesti\u00f3n de sus pedidos de materiales impresos as\u00ed como la log\u00edstica de los mismos.\",\"email\":\"info@artyplan.com\",\"telephone\":\"+34 93 200 87 99\",\"legalName\":\"Artyplan S.L.\",\"vatID\":\"B61963229\",\"numberOfEmployees\":{\"@type\":\"QuantitativeValue\",\"minValue\":\"51\",\"maxValue\":\"200\"}}]}<\/script>\n<!-- \/ Yoast SEO Premium plugin. -->","yoast_head_json":{"title":"Visual Communication and Print Production Services","description":"Real projects in sustainable printing and POS materials (POSM): design, production and logistics for brands and agencies. Get inspired by our work.","robots":{"index":"index","follow":"follow","max-snippet":"max-snippet:-1","max-image-preview":"max-image-preview:large","max-video-preview":"max-video-preview:-1"},"canonical":"https:\/\/artyplan.com\/en\/services\/","og_locale":"en_US","og_type":"article","og_title":"Services","og_description":"Real projects in sustainable printing and POS materials (POSM): design, production and logistics for brands and agencies. Get inspired by our work.","og_url":"https:\/\/artyplan.com\/en\/services\/","og_site_name":"Artyplan","article_publisher":"https:\/\/www.facebook.com\/artyplan","article_modified_time":"2026-02-23T11:14:52+00:00","og_image":[{"width":1024,"height":1024,"url":"https:\/\/artyplan.com\/wp-content\/uploads\/2025\/08\/servicios-que-ofrecemos.png","type":"image\/png"}],"twitter_card":"summary_large_image","schema":{"@context":"https:\/\/schema.org","@graph":[{"@type":"WebPage","@id":"https:\/\/artyplan.com\/en\/services\/","url":"https:\/\/artyplan.com\/en\/services\/","name":"Visual Communication and Print Production Services","isPartOf":{"@id":"https:\/\/artyplan.com\/en\/#website"},"primaryImageOfPage":{"@id":"https:\/\/artyplan.com\/en\/services\/#primaryimage"},"image":{"@id":"https:\/\/artyplan.com\/en\/services\/#primaryimage"},"thumbnailUrl":"https:\/\/artyplan.com\/wp-content\/uploads\/2025\/08\/servicios-que-ofrecemos.png","datePublished":"2025-08-08T06:27:17+00:00","dateModified":"2026-02-23T11:14:52+00:00","description":"Real projects in sustainable printing and POS materials (POSM): design, production and logistics for brands and agencies. Get inspired by our work.","breadcrumb":{"@id":"https:\/\/artyplan.com\/en\/services\/#breadcrumb"},"inLanguage":"en-US","potentialAction":[{"@type":"ReadAction","target":["https:\/\/artyplan.com\/en\/services\/"]}]},{"@type":"ImageObject","inLanguage":"en-US","@id":"https:\/\/artyplan.com\/en\/services\/#primaryimage","url":"https:\/\/artyplan.com\/wp-content\/uploads\/2025\/08\/servicios-que-ofrecemos.png","contentUrl":"https:\/\/artyplan.com\/wp-content\/uploads\/2025\/08\/servicios-que-ofrecemos.png","width":1024,"height":1024,"caption":"Services we offer"},{"@type":"BreadcrumbList","@id":"https:\/\/artyplan.com\/en\/services\/#breadcrumb","itemListElement":[{"@type":"ListItem","position":1,"name":"Artyplan","item":"https:\/\/artyplan.com\/en\/"},{"@type":"ListItem","position":2,"name":"Services"}]},{"@type":"WebSite","@id":"https:\/\/artyplan.com\/en\/#website","url":"https:\/\/artyplan.com\/en\/","name":"Artyplan","description":"","publisher":{"@id":"https:\/\/artyplan.com\/en\/#organization"},"potentialAction":[{"@type":"SearchAction","target":{"@type":"EntryPoint","urlTemplate":"https:\/\/artyplan.com\/en\/?s={search_term_string}"},"query-input":{"@type":"PropertyValueSpecification","valueRequired":true,"valueName":"search_term_string"}}],"inLanguage":"en-US"},{"@type":"Organization","@id":"https:\/\/artyplan.com\/en\/#organization","name":"Artyplan","url":"https:\/\/artyplan.com\/en\/","logo":{"@type":"ImageObject","inLanguage":"en-US","@id":"https:\/\/artyplan.com\/en\/#\/schema\/logo\/image\/","url":"https:\/\/artyplan.com\/wp-content\/uploads\/2025\/12\/Logo-artyplan-690x690-1.png","contentUrl":"https:\/\/artyplan.com\/wp-content\/uploads\/2025\/12\/Logo-artyplan-690x690-1.png","width":690,"height":690,"caption":"Artyplan"},"image":{"@id":"https:\/\/artyplan.com\/en\/#\/schema\/logo\/image\/"},"sameAs":["https:\/\/www.facebook.com\/artyplan","https:\/\/www.instagram.com\/artyplan\/","https:\/\/www.linkedin.com\/company\/artyplan"],"description":"Artyplan es una empresa especializada en producci\u00f3n gr\u00e1fica y comunicaci\u00f3n visual con 60 a\u00f1os de experiencia. Ofrecemos soluciones integrales de impresi\u00f3n en gran formato, PLV y retail, gesti\u00f3n de eventos y ferias, dise\u00f1o y fabricaci\u00f3n a medida, log\u00edstica y servicios de instalaci\u00f3n en todo el territorio. Trabajamos para marcas, agencias, espacios comerciales e instituciones que necesitan un partner fiable para desarrollar campa\u00f1as de marketing, proyectos de retail y acciones de branding o marketing. Combinamos tecnolog\u00eda avanzada de impresi\u00f3n digital, un equipo experto y una gesti\u00f3n completa de proyectos para garantizar calidad, agilidad y resultados a medida para cada cliente. Disponemos de plataformas B2B que facilitan a nuestros clientes la gesti\u00f3n de sus pedidos de materiales impresos as\u00ed como la log\u00edstica de los mismos.","email":"info@artyplan.com","telephone":"+34 93 200 87 99","legalName":"Artyplan S.L.","vatID":"B61963229","numberOfEmployees":{"@type":"QuantitativeValue","minValue":"51","maxValue":"200"}}]}},"_links":{"self":[{"href":"https:\/\/artyplan.com\/en\/wp-json\/wp\/v2\/pages\/14337","targetHints":{"allow":["GET"]}}],"collection":[{"href":"https:\/\/artyplan.com\/en\/wp-json\/wp\/v2\/pages"}],"about":[{"href":"https:\/\/artyplan.com\/en\/wp-json\/wp\/v2\/types\/page"}],"author":[{"embeddable":true,"href":"https:\/\/artyplan.com\/en\/wp-json\/wp\/v2\/users\/3"}],"replies":[{"embeddable":true,"href":"https:\/\/artyplan.com\/en\/wp-json\/wp\/v2\/comments?post=14337"}],"version-history":[{"count":1,"href":"https:\/\/artyplan.com\/en\/wp-json\/wp\/v2\/pages\/14337\/revisions"}],"predecessor-version":[{"id":14339,"href":"https:\/\/artyplan.com\/en\/wp-json\/wp\/v2\/pages\/14337\/revisions\/14339"}],"wp:featuredmedia":[{"embeddable":true,"href":"https:\/\/artyplan.com\/en\/wp-json\/wp\/v2\/media\/14336"}],"wp:attachment":[{"href":"https:\/\/artyplan.com\/en\/wp-json\/wp\/v2\/media?parent=14337"}],"curies":[{"name":"wp","href":"https:\/\/api.w.org\/{rel}","templated":true}]}}